{"id":3930,"date":"2025-07-22T09:28:20","date_gmt":"2025-07-22T09:28:20","guid":{"rendered":"https:\/\/www.agricolachiera.ch\/prodotto\/huile-dolive-extra-vierge-delicate-1-l\/"},"modified":"2026-04-21T22:01:26","modified_gmt":"2026-04-21T22:01:26","slug":"huile-dolive-extra-vierge-delicate-1-l","status":"publish","type":"product","link":"https:\/\/www.agricolachiera.ch\/fr\/prodotto\/huile-dolive-extra-vierge-delicate-1-l\/","title":{"rendered":"Huile d&rsquo;olive extra vierge DELICATE 1 L"},"content":{"rendered":"<p>[et_pb_section fb_built=\u00a0\u00bb1&Prime; _builder_version=\u00a0\u00bb4.27.4&Prime; _module_preset=\u00a0\u00bbdefault\u00a0\u00bb global_colors_info=\u00a0\u00bb{}\u00a0\u00bb][\/et_pb_section][et_pb_section fb_built=\u00a0\u00bb1&Prime; _builder_version=\u00a0\u00bb4.16&Prime; custom_padding=\u00a0\u00bb0px||||false|false\u00a0\u00bb global_module=\u00a0\u00bb650&Prime; saved_tabs=\u00a0\u00bball\u00a0\u00bb global_colors_info=\u00a0\u00bb{}\u00a0\u00bb][et_pb_row _builder_version=\u00a0\u00bb4.16&Prime; background_size=\u00a0\u00bbinitial\u00a0\u00bb background_position=\u00a0\u00bbtop_left\u00a0\u00bb background_repeat=\u00a0\u00bbrepeat\u00a0\u00bb width=\u00a0\u00bb100%\u00a0\u00bb custom_padding=\u00a0\u00bb0px||0px||false|false\u00a0\u00bb global_colors_info=\u00a0\u00bb{}\u00a0\u00bb][et_pb_column type=\u00a0\u00bb4_4&Prime; _builder_version=\u00a0\u00bb4.16&Prime; custom_padding=\u00a0\u00bb|||\u00a0\u00bb global_colors_info=\u00a0\u00bb{}\u00a0\u00bb custom_padding__hover=\u00a0\u00bb|||\u00a0\u00bb][et_pb_wc_breadcrumb breadcrumb_home_url=\u00a0\u00bb@ET-DC@eyJkeW5hbWljIjp0cnVlLCJjb250ZW50IjoicG9zdF9saW5rX3VybF9wYWdlIiwic2V0dGluZ3MiOnsicG9zdF9pZCI6IjUyOSJ9fQ==@\u00a0\u00bb breadcrumb_separator=\u00a0\u00bb&gt;\u00a0\u00bb _builder_version=\u00a0\u00bb4.27.4&Prime; _dynamic_attributes=\u00a0\u00bbbreadcrumb_home_url\u00a0\u00bb body_font=\u00a0\u00bb||on||||||\u00a0\u00bb global_colors_info=\u00a0\u00bb{}\u00a0\u00bb][\/et_pb_wc_breadcrumb][et_pb_wc_cart_notice _builder_version=\u00a0\u00bb4.27.4&Prime; title_font=\u00a0\u00bb|600|||||||\u00a0\u00bb title_text_color=\u00a0\u00bb#5d6119&Prime; background_color=\u00a0\u00bbrgba(124,218,36,0.18)\u00a0\u00bb custom_button=\u00a0\u00bbon\u00a0\u00bb button_text_color=\u00a0\u00bb#5d6119&Prime; button_bg_color=\u00a0\u00bbrgba(237,240,0,0.7)\u00a0\u00bb button_border_width=\u00a0\u00bb1px\u00a0\u00bb button_border_color=\u00a0\u00bbrgba(224,153,0,0.55)\u00a0\u00bb button_border_radius=\u00a0\u00bb15px\u00a0\u00bb button_font=\u00a0\u00bb|600|||||||\u00a0\u00bb text_orientation=\u00a0\u00bbcenter\u00a0\u00bb border_radii=\u00a0\u00bbon|20px|20px|20px|20px\u00a0\u00bb border_width_all=\u00a0\u00bb1px\u00a0\u00bb border_color_all=\u00a0\u00bb#7cda24&Prime; box_shadow_style=\u00a0\u00bbpreset1&Prime; box_shadow_color=\u00a0\u00bbrgba(124,218,36,0.65)\u00a0\u00bb box_shadow_style_button=\u00a0\u00bbpreset1&Prime; box_shadow_color_button=\u00a0\u00bbrgba(224,153,0,0.45)\u00a0\u00bb global_colors_info=\u00a0\u00bb{}\u00a0\u00bb][\/et_pb_wc_cart_notice][\/et_pb_column][\/et_pb_row][et_pb_row column_structure=\u00a0\u00bb1_2,1_2&Prime; _builder_version=\u00a0\u00bb4.16&Prime; background_size=\u00a0\u00bbinitial\u00a0\u00bb background_position=\u00a0\u00bbtop_left\u00a0\u00bb background_repeat=\u00a0\u00bbrepeat\u00a0\u00bb width=\u00a0\u00bb100%\u00a0\u00bb custom_padding=\u00a0\u00bb0px||||false|false\u00a0\u00bb global_colors_info=\u00a0\u00bb{}\u00a0\u00bb][et_pb_column type=\u00a0\u00bb1_2&Prime; _builder_version=\u00a0\u00bb4.16&Prime; custom_padding=\u00a0\u00bb|||\u00a0\u00bb global_colors_info=\u00a0\u00bb{}\u00a0\u00bb custom_padding__hover=\u00a0\u00bb|||\u00a0\u00bb][et_pb_wc_images sale_badge_color=\u00a0\u00bb#ff6847&Prime; _builder_version=\u00a0\u00bb4.27.6&Prime; sale_badge_font=\u00a0\u00bb|600|on||||||\u00a0\u00bb sale_badge_text_color=\u00a0\u00bb#ffffff\u00a0\u00bb border_radii_sale_badge=\u00a0\u00bbon|15px|15px|15px|15px\u00a0\u00bb box_shadow_style_sale_badge=\u00a0\u00bbpreset1&Prime; box_shadow_color_sale_badge=\u00a0\u00bb#ff6847&Prime; global_colors_info=\u00a0\u00bb{}\u00a0\u00bb][\/et_pb_wc_images][\/et_pb_column][et_pb_column type=\u00a0\u00bb1_2&Prime; _builder_version=\u00a0\u00bb4.16&Prime; custom_padding=\u00a0\u00bb|||\u00a0\u00bb global_colors_info=\u00a0\u00bb{}\u00a0\u00bb custom_padding__hover=\u00a0\u00bb|||\u00a0\u00bb][et_pb_wc_title _builder_version=\u00a0\u00bb4.27.4&Prime; header_font=\u00a0\u00bb|600|||||||\u00a0\u00bb global_colors_info=\u00a0\u00bb{}\u00a0\u00bb][\/et_pb_wc_title][et_pb_wc_rating _builder_version=\u00a0\u00bb4.16&Prime; rating_text_color=\u00a0\u00bb#51b47f\u00a0\u00bb body_font=\u00a0\u00bb||on||||||\u00a0\u00bb body_text_color=\u00a0\u00bbrgba(99,99,99,0.84)\u00a0\u00bb global_colors_info=\u00a0\u00bb{}\u00a0\u00bb][\/et_pb_wc_rating][et_pb_wc_price _builder_version=\u00a0\u00bb4.27.4&Prime; body_font=\u00a0\u00bb|700|||||||\u00a0\u00bb body_text_color=\u00a0\u00bb#5d6119&Prime; body_font_size=\u00a0\u00bb40px\u00a0\u00bb before_sale_price_font=\u00a0\u00bb||||||||\u00a0\u00bb before_sale_price_text_color=\u00a0\u00bb#ff0000&Prime; before_sale_price_font_size=\u00a0\u00bb25px\u00a0\u00bb sale_price_text_color=\u00a0\u00bb#5d6119&Prime; sale_price_font_size=\u00a0\u00bb40px\u00a0\u00bb global_colors_info=\u00a0\u00bb{}\u00a0\u00bb][\/et_pb_wc_price][et_pb_wc_description _builder_version=\u00a0\u00bb4.27.4&Prime; global_colors_info=\u00a0\u00bb{}\u00a0\u00bb][\/et_pb_wc_description][et_pb_wc_add_to_cart field_label_position=\u00a0\u00bbinline\u00a0\u00bb _builder_version=\u00a0\u00bb4.27.4&Prime; fields_background_color=\u00a0\u00bbrgba(237,240,0,0.7)\u00a0\u00bb fields_text_color=\u00a0\u00bb#000000&Prime; fields_focus_background_color=\u00a0\u00bbrgba(124,218,36,0.3)\u00a0\u00bb dropdown_menus_background_color=\u00a0\u00bb#EDF000&Prime; dropdown_menus_text_color=\u00a0\u00bb#000000&Prime; dropdown_menus_focus_background_color=\u00a0\u00bb#7CDA24&Prime; dropdown_menus_custom_margin=\u00a0\u00bb0px||||false|false\u00a0\u00bb fields_font=\u00a0\u00bb|700|||||||\u00a0\u00bb fields_text_align=\u00a0\u00bbcenter\u00a0\u00bb fields_font_size=\u00a0\u00bb25px\u00a0\u00bb dropdown_menus_font=\u00a0\u00bb|700||on|||||\u00a0\u00bb dropdown_menus_font_size=\u00a0\u00bb14px\u00a0\u00bb custom_button=\u00a0\u00bbon\u00a0\u00bb button_text_size=\u00a0\u00bb20px\u00a0\u00bb button_text_color=\u00a0\u00bb#5d6119&Prime; button_bg_color=\u00a0\u00bbrgba(124,218,36,0.18)\u00a0\u00bb button_border_width=\u00a0\u00bb1px\u00a0\u00bb button_border_color=\u00a0\u00bb#7cda24&Prime; button_border_radius=\u00a0\u00bb15px\u00a0\u00bb button_font=\u00a0\u00bb|700|||||||\u00a0\u00bb button_icon=\u00a0\u00bb&#x35;||divi||400&Prime; button_on_hover=\u00a0\u00bboff\u00a0\u00bb button_rel=\u00a0\u00bboff|off|off|off|off\u00a0\u00bb sticky_position=\u00a0\u00bbtop\u00a0\u00bb border_radii_fields=\u00a0\u00bbon|10px|10px|10px|10px\u00a0\u00bb border_width_all_fields=\u00a0\u00bb1px\u00a0\u00bb border_color_all_fields=\u00a0\u00bbrgba(224,153,0,0.62)\u00a0\u00bb border_width_all_dropdown_menus=\u00a0\u00bb1px\u00a0\u00bb border_color_all_dropdown_menus=\u00a0\u00bb#FF6847&Prime; box_shadow_style_dropdown_menus=\u00a0\u00bbpreset3&Prime; box_shadow_style_button=\u00a0\u00bbpreset1&Prime; box_shadow_color_button=\u00a0\u00bbrgba(124,218,36,0.65)\u00a0\u00bb global_colors_info=\u00a0\u00bb{}\u00a0\u00bb width__sticky_enabled=\u00a0\u00bboff|sticky\u00a0\u00bb width__sticky=\u00a0\u00bb100%\u00a0\u00bb max_width__sticky_enabled=\u00a0\u00bboff|sticky\u00a0\u00bb max_width__sticky=\u00a0\u00bb100%\u00a0\u00bb width__hover_enabled=\u00a0\u00bboff|desktop\u00a0\u00bb][\/et_pb_wc_add_to_cart][et_pb_wc_meta show_sku=\u00a0\u00bboff\u00a0\u00bb meta_layout=\u00a0\u00bbstacked\u00a0\u00bb _builder_version=\u00a0\u00bb4.27.4&Prime; body_font=\u00a0\u00bb||||||||\u00a0\u00bb body_text_color=\u00a0\u00bb#000000&Prime; body_font_size=\u00a0\u00bb16px\u00a0\u00bb link_text_color=\u00a0\u00bb#379e17&Prime; global_colors_info=\u00a0\u00bb{}\u00a0\u00bb][\/et_pb_wc_meta][\/et_pb_column][\/et_pb_row][et_pb_row _builder_version=\u00a0\u00bb4.16&Prime; background_size=\u00a0\u00bbinitial\u00a0\u00bb background_position=\u00a0\u00bbtop_left\u00a0\u00bb background_repeat=\u00a0\u00bbrepeat\u00a0\u00bb width=\u00a0\u00bb100%\u00a0\u00bb global_colors_info=\u00a0\u00bb{}\u00a0\u00bb][et_pb_column type=\u00a0\u00bb4_4&Prime; _builder_version=\u00a0\u00bb4.16&Prime; custom_padding=\u00a0\u00bb|||\u00a0\u00bb global_colors_info=\u00a0\u00bb{}\u00a0\u00bb custom_padding__hover=\u00a0\u00bb|||\u00a0\u00bb][et_pb_wc_tabs active_tab_background_color=\u00a0\u00bbrgba(124,218,36,0.18)\u00a0\u00bb include_tabs=\u00a0\u00bbdescription||\u00a0\u00bb _builder_version=\u00a0\u00bb4.27.4&Prime; body_font=\u00a0\u00bb||||||||\u00a0\u00bb body_text_align=\u00a0\u00bbleft\u00a0\u00bb tab_font=\u00a0\u00bb||||||||\u00a0\u00bb global_colors_info=\u00a0\u00bb{}\u00a0\u00bb]\t\t\t\t\t[\/et_pb_wc_tabs][et_pb_wc_upsells sale_badge_color=\u00a0\u00bb#FF6847&Prime; icon_hover_color=\u00a0\u00bb#7CDA24&Prime; hover_overlay_color=\u00a0\u00bbrgba(237,240,0,0.12)\u00a0\u00bb show_rating=\u00a0\u00bboff\u00a0\u00bb _builder_version=\u00a0\u00bb4.27.4&Prime; title_text_align=\u00a0\u00bbcenter\u00a0\u00bb product_title_font=\u00a0\u00bb|600|||||||\u00a0\u00bb product_title_text_align=\u00a0\u00bbcenter\u00a0\u00bb product_title_text_color=\u00a0\u00bb#000000&Prime; product_title_line_height=\u00a0\u00bb1.2em\u00a0\u00bb price_font=\u00a0\u00bb||||||||\u00a0\u00bb price_text_align=\u00a0\u00bbcenter\u00a0\u00bb price_text_color=\u00a0\u00bb#E02B20&Prime; sale_badge_font=\u00a0\u00bb|700|on||||||\u00a0\u00bb sale_badge_text_color=\u00a0\u00bb#FFFFFF\u00a0\u00bb sale_badge_font_size=\u00a0\u00bb15px\u00a0\u00bb sale_price_text_color=\u00a0\u00bb#5d6119&Prime; sale_price_font_size=\u00a0\u00bb20px\u00a0\u00bb background_color=\u00a0\u00bbRGBA(255,255,255,0)\u00a0\u00bb box_shadow_style_sale_badge=\u00a0\u00bbpreset1&Prime; box_shadow_color_sale_badge=\u00a0\u00bb#FF6847&Prime; global_colors_info=\u00a0\u00bb{}\u00a0\u00bb][\/et_pb_wc_upsells][et_pb_wc_related_products include_categories=\u00a0\u00bbcurrent\u00a0\u00bb sale_badge_color=\u00a0\u00bb#FF6847&Prime; icon_hover_color=\u00a0\u00bb#0c4c09&Prime; hover_overlay_color=\u00a0\u00bbRGBA(255,255,255,0)\u00a0\u00bb hover_icon=\u00a0\u00bb&#x50;||divi||400&Prime; show_rating=\u00a0\u00bboff\u00a0\u00bb _builder_version=\u00a0\u00bb4.27.4&Prime; title_font=\u00a0\u00bb|600|||||||\u00a0\u00bb title_text_align=\u00a0\u00bbcenter\u00a0\u00bb title_text_color=\u00a0\u00bb#000000&Prime; product_title_text_align=\u00a0\u00bbcenter\u00a0\u00bb product_title_font_size=\u00a0\u00bb21px\u00a0\u00bb product_title_line_height=\u00a0\u00bb1.1em\u00a0\u00bb price_font=\u00a0\u00bb|600|||||||\u00a0\u00bb price_text_color=\u00a0\u00bb#000000&Prime; price_font_size=\u00a0\u00bb20px\u00a0\u00bb sale_badge_font=\u00a0\u00bb|600|on||||||\u00a0\u00bb sale_price_font=\u00a0\u00bb|600|||||||\u00a0\u00bb sale_price_text_color=\u00a0\u00bb#000000&Prime; sale_price_font_size=\u00a0\u00bb20px\u00a0\u00bb background_color=\u00a0\u00bbRGBA(255,255,255,0)\u00a0\u00bb text_orientation=\u00a0\u00bbcenter\u00a0\u00bb border_radii_sale_badge=\u00a0\u00bbon|15px|15px|15px|15px\u00a0\u00bb box_shadow_style_sale_badge=\u00a0\u00bbpreset1&Prime; box_shadow_color_sale_badge=\u00a0\u00bb#FF6847&Prime; global_colors_info=\u00a0\u00bb{}\u00a0\u00bb][\/et_pb_wc_related_products][\/et_pb_column][\/et_pb_row][\/et_pb_section]<\/p>\n","protected":false},"excerpt":{"rendered":"<p>Huile d&rsquo;<strong>olive vierge extra<\/strong> au go\u00fbt l\u00e9ger et d\u00e9licat.<br \/>\nParfaite pour ceux qui recherchent une <strong>huile \u00e9quilibr\u00e9e et polyvalente<\/strong> sans sacrifier la qualit\u00e9.<\/p>\n<blockquote><p>Origine : <strong>Italie 100%.<\/strong><\/p><\/blockquote>\n","protected":false},"featured_media":2624,"comment_status":"open","ping_status":"closed","template":"","meta":{"_et_pb_use_builder":"on","_et_pb_old_content":"Notre <strong>Huile d'Olive Vierge Extra D\u00e9licate<\/strong> est \u00e9labor\u00e9e \u00e0 partir d'olives r\u00e9colt\u00e9es dans nos oliveraies des Pouilles et de Calabre. Son profil aromatique est l\u00e9ger, avec des notes douces et amand\u00e9es, id\u00e9al pour ceux qui aiment assaisonner sans couvrir les saveurs.<br data-start=\"642\" data-end=\"645\">Parfaite crue sur le poisson, les salades, les l\u00e9gumes cuits ou comme touche finale sur les plats d\u00e9licats.<br data-start=\"735\" data-end=\"738\">Une huile polyvalente, con\u00e7ue pour ceux qui appr\u00e9cient la qualit\u00e9, mais avec un go\u00fbt doux.\nMaintenant aussi dans le joli et pratique bidon de 1 litre qui garantit une excellente conservation et une utilisation directement \u00e0 la table. ","_et_gb_content_width":""},"product_brand":[],"product_cat":[234],"product_tag":[280,267,236,237],"class_list":{"0":"post-3930","1":"product","2":"type-product","3":"status-publish","4":"has-post-thumbnail","6":"product_cat-huile","7":"product_tag-1lt","8":"product_tag-delicate","9":"product_tag-huile","10":"product_tag-vierge-extra","12":"first","13":"instock","14":"shipping-taxable","15":"purchasable","16":"product-type-simple"},"yoast_head":"<!-- This site is optimized with the Yoast SEO plugin v27.4 - https:\/\/yoast.com\/product\/yoast-seo-wordpress\/ -->\n<title>Huile d&#039;olive extra vierge DELICATE 1 L - Agricola Chiera<\/title>\n<meta name=\"robots\" content=\"index, follow, max-snippet:-1, max-image-preview:large, max-video-preview:-1\" \/>\n<link rel=\"canonical\" href=\"https:\/\/www.agricolachiera.ch\/fr\/prodotto\/huile-dolive-extra-vierge-delicate-1-l\/\" \/>\n<meta property=\"og:locale\" content=\"fr_FR\" \/>\n<meta property=\"og:type\" content=\"article\" \/>\n<meta property=\"og:title\" content=\"Huile d&#039;olive extra vierge DELICATE 1 L - Agricola Chiera\" \/>\n<meta property=\"og:description\" content=\"Huile d&#039;olive vierge extra au go\u00fbt l\u00e9ger et d\u00e9licat. Parfaite pour ceux qui recherchent une huile \u00e9quilibr\u00e9e et polyvalente sans sacrifier la qualit\u00e9. Origine : Italie 100%.\" \/>\n<meta property=\"og:url\" content=\"https:\/\/www.agricolachiera.ch\/fr\/prodotto\/huile-dolive-extra-vierge-delicate-1-l\/\" \/>\n<meta property=\"og:site_name\" content=\"Agricola Chiera\" \/>\n<meta property=\"article:modified_time\" content=\"2026-04-21T22:01:26+00:00\" \/>\n<meta property=\"og:image\" content=\"https:\/\/www.agricolachiera.ch\/wp-content\/uploads\/2025\/07\/olio-extravergine-di-oliva-gusto-delicato-1lt-2.png\" \/>\n\t<meta property=\"og:image:width\" content=\"960\" \/>\n\t<meta property=\"og:image:height\" content=\"840\" \/>\n\t<meta property=\"og:image:type\" content=\"image\/png\" \/>\n<meta name=\"twitter:card\" content=\"summary_large_image\" \/>\n<meta name=\"twitter:label1\" content=\"Dur\u00e9e de lecture estim\u00e9e\" \/>\n\t<meta name=\"twitter:data1\" content=\"5 minutes\" \/>\n<script type=\"application\/ld+json\" class=\"yoast-schema-graph\">{\"@context\":\"https:\\\/\\\/schema.org\",\"@graph\":[{\"@type\":\"WebPage\",\"@id\":\"https:\\\/\\\/www.agricolachiera.ch\\\/fr\\\/prodotto\\\/huile-dolive-extra-vierge-delicate-1-l\\\/\",\"url\":\"https:\\\/\\\/www.agricolachiera.ch\\\/fr\\\/prodotto\\\/huile-dolive-extra-vierge-delicate-1-l\\\/\",\"name\":\"Huile d'olive extra vierge DELICATE 1 L - Agricola Chiera\",\"isPartOf\":{\"@id\":\"https:\\\/\\\/www.agricolachiera.ch\\\/fr\\\/#website\"},\"primaryImageOfPage\":{\"@id\":\"https:\\\/\\\/www.agricolachiera.ch\\\/fr\\\/prodotto\\\/huile-dolive-extra-vierge-delicate-1-l\\\/#primaryimage\"},\"image\":{\"@id\":\"https:\\\/\\\/www.agricolachiera.ch\\\/fr\\\/prodotto\\\/huile-dolive-extra-vierge-delicate-1-l\\\/#primaryimage\"},\"thumbnailUrl\":\"https:\\\/\\\/www.agricolachiera.ch\\\/wp-content\\\/uploads\\\/2025\\\/07\\\/olio-extravergine-di-oliva-gusto-delicato-1lt-2.png\",\"datePublished\":\"2025-07-22T09:28:20+00:00\",\"dateModified\":\"2026-04-21T22:01:26+00:00\",\"breadcrumb\":{\"@id\":\"https:\\\/\\\/www.agricolachiera.ch\\\/fr\\\/prodotto\\\/huile-dolive-extra-vierge-delicate-1-l\\\/#breadcrumb\"},\"inLanguage\":\"fr-FR\",\"potentialAction\":[{\"@type\":\"ReadAction\",\"target\":[\"https:\\\/\\\/www.agricolachiera.ch\\\/fr\\\/prodotto\\\/huile-dolive-extra-vierge-delicate-1-l\\\/\"]}]},{\"@type\":\"ImageObject\",\"inLanguage\":\"fr-FR\",\"@id\":\"https:\\\/\\\/www.agricolachiera.ch\\\/fr\\\/prodotto\\\/huile-dolive-extra-vierge-delicate-1-l\\\/#primaryimage\",\"url\":\"https:\\\/\\\/www.agricolachiera.ch\\\/wp-content\\\/uploads\\\/2025\\\/07\\\/olio-extravergine-di-oliva-gusto-delicato-1lt-2.png\",\"contentUrl\":\"https:\\\/\\\/www.agricolachiera.ch\\\/wp-content\\\/uploads\\\/2025\\\/07\\\/olio-extravergine-di-oliva-gusto-delicato-1lt-2.png\",\"width\":960,\"height\":840},{\"@type\":\"BreadcrumbList\",\"@id\":\"https:\\\/\\\/www.agricolachiera.ch\\\/fr\\\/prodotto\\\/huile-dolive-extra-vierge-delicate-1-l\\\/#breadcrumb\",\"itemListElement\":[{\"@type\":\"ListItem\",\"position\":1,\"name\":\"Home\",\"item\":\"https:\\\/\\\/www.agricolachiera.ch\\\/fr\\\/home\\\/\"},{\"@type\":\"ListItem\",\"position\":2,\"name\":\"Shop\",\"item\":\"https:\\\/\\\/www.agricolachiera.ch\\\/?page_id=529\"},{\"@type\":\"ListItem\",\"position\":3,\"name\":\"Huile d&#8217;olive extra vierge DELICATE 1 L\"}]},{\"@type\":\"WebSite\",\"@id\":\"https:\\\/\\\/www.agricolachiera.ch\\\/fr\\\/#website\",\"url\":\"https:\\\/\\\/www.agricolachiera.ch\\\/fr\\\/\",\"name\":\"Agricola Chiera\",\"description\":\"Dalle nostre terre alla tua tavola\",\"publisher\":{\"@id\":\"https:\\\/\\\/www.agricolachiera.ch\\\/fr\\\/#organization\"},\"potentialAction\":[{\"@type\":\"SearchAction\",\"target\":{\"@type\":\"EntryPoint\",\"urlTemplate\":\"https:\\\/\\\/www.agricolachiera.ch\\\/fr\\\/?s={search_term_string}\"},\"query-input\":{\"@type\":\"PropertyValueSpecification\",\"valueRequired\":true,\"valueName\":\"search_term_string\"}}],\"inLanguage\":\"fr-FR\"},{\"@type\":\"Organization\",\"@id\":\"https:\\\/\\\/www.agricolachiera.ch\\\/fr\\\/#organization\",\"name\":\"Chiera Sagl\",\"alternateName\":\"Agricola Chiera\",\"url\":\"https:\\\/\\\/www.agricolachiera.ch\\\/fr\\\/\",\"logo\":{\"@type\":\"ImageObject\",\"inLanguage\":\"fr-FR\",\"@id\":\"https:\\\/\\\/www.agricolachiera.ch\\\/fr\\\/#\\\/schema\\\/logo\\\/image\\\/\",\"url\":\"https:\\\/\\\/www.agricolachiera.ch\\\/wp-content\\\/uploads\\\/2025\\\/08\\\/agricola-chiera-logo-con-sfondo.png\",\"contentUrl\":\"https:\\\/\\\/www.agricolachiera.ch\\\/wp-content\\\/uploads\\\/2025\\\/08\\\/agricola-chiera-logo-con-sfondo.png\",\"width\":1200,\"height\":675,\"caption\":\"Chiera Sagl\"},\"image\":{\"@id\":\"https:\\\/\\\/www.agricolachiera.ch\\\/fr\\\/#\\\/schema\\\/logo\\\/image\\\/\"}}]}<\/script>\n<!-- \/ Yoast SEO plugin. -->","yoast_head_json":{"title":"Huile d'olive extra vierge DELICATE 1 L - Agricola Chiera","robots":{"index":"index","follow":"follow","max-snippet":"max-snippet:-1","max-image-preview":"max-image-preview:large","max-video-preview":"max-video-preview:-1"},"canonical":"https:\/\/www.agricolachiera.ch\/fr\/prodotto\/huile-dolive-extra-vierge-delicate-1-l\/","og_locale":"fr_FR","og_type":"article","og_title":"Huile d'olive extra vierge DELICATE 1 L - Agricola Chiera","og_description":"Huile d'olive vierge extra au go\u00fbt l\u00e9ger et d\u00e9licat. Parfaite pour ceux qui recherchent une huile \u00e9quilibr\u00e9e et polyvalente sans sacrifier la qualit\u00e9. Origine : Italie 100%.","og_url":"https:\/\/www.agricolachiera.ch\/fr\/prodotto\/huile-dolive-extra-vierge-delicate-1-l\/","og_site_name":"Agricola Chiera","article_modified_time":"2026-04-21T22:01:26+00:00","og_image":[{"width":960,"height":840,"url":"https:\/\/www.agricolachiera.ch\/wp-content\/uploads\/2025\/07\/olio-extravergine-di-oliva-gusto-delicato-1lt-2.png","type":"image\/png"}],"twitter_card":"summary_large_image","twitter_misc":{"Dur\u00e9e de lecture estim\u00e9e":"5 minutes"},"schema":{"@context":"https:\/\/schema.org","@graph":[{"@type":"WebPage","@id":"https:\/\/www.agricolachiera.ch\/fr\/prodotto\/huile-dolive-extra-vierge-delicate-1-l\/","url":"https:\/\/www.agricolachiera.ch\/fr\/prodotto\/huile-dolive-extra-vierge-delicate-1-l\/","name":"Huile d'olive extra vierge DELICATE 1 L - Agricola Chiera","isPartOf":{"@id":"https:\/\/www.agricolachiera.ch\/fr\/#website"},"primaryImageOfPage":{"@id":"https:\/\/www.agricolachiera.ch\/fr\/prodotto\/huile-dolive-extra-vierge-delicate-1-l\/#primaryimage"},"image":{"@id":"https:\/\/www.agricolachiera.ch\/fr\/prodotto\/huile-dolive-extra-vierge-delicate-1-l\/#primaryimage"},"thumbnailUrl":"https:\/\/www.agricolachiera.ch\/wp-content\/uploads\/2025\/07\/olio-extravergine-di-oliva-gusto-delicato-1lt-2.png","datePublished":"2025-07-22T09:28:20+00:00","dateModified":"2026-04-21T22:01:26+00:00","breadcrumb":{"@id":"https:\/\/www.agricolachiera.ch\/fr\/prodotto\/huile-dolive-extra-vierge-delicate-1-l\/#breadcrumb"},"inLanguage":"fr-FR","potentialAction":[{"@type":"ReadAction","target":["https:\/\/www.agricolachiera.ch\/fr\/prodotto\/huile-dolive-extra-vierge-delicate-1-l\/"]}]},{"@type":"ImageObject","inLanguage":"fr-FR","@id":"https:\/\/www.agricolachiera.ch\/fr\/prodotto\/huile-dolive-extra-vierge-delicate-1-l\/#primaryimage","url":"https:\/\/www.agricolachiera.ch\/wp-content\/uploads\/2025\/07\/olio-extravergine-di-oliva-gusto-delicato-1lt-2.png","contentUrl":"https:\/\/www.agricolachiera.ch\/wp-content\/uploads\/2025\/07\/olio-extravergine-di-oliva-gusto-delicato-1lt-2.png","width":960,"height":840},{"@type":"BreadcrumbList","@id":"https:\/\/www.agricolachiera.ch\/fr\/prodotto\/huile-dolive-extra-vierge-delicate-1-l\/#breadcrumb","itemListElement":[{"@type":"ListItem","position":1,"name":"Home","item":"https:\/\/www.agricolachiera.ch\/fr\/home\/"},{"@type":"ListItem","position":2,"name":"Shop","item":"https:\/\/www.agricolachiera.ch\/?page_id=529"},{"@type":"ListItem","position":3,"name":"Huile d&#8217;olive extra vierge DELICATE 1 L"}]},{"@type":"WebSite","@id":"https:\/\/www.agricolachiera.ch\/fr\/#website","url":"https:\/\/www.agricolachiera.ch\/fr\/","name":"Agricola Chiera","description":"Dalle nostre terre alla tua tavola","publisher":{"@id":"https:\/\/www.agricolachiera.ch\/fr\/#organization"},"potentialAction":[{"@type":"SearchAction","target":{"@type":"EntryPoint","urlTemplate":"https:\/\/www.agricolachiera.ch\/fr\/?s={search_term_string}"},"query-input":{"@type":"PropertyValueSpecification","valueRequired":true,"valueName":"search_term_string"}}],"inLanguage":"fr-FR"},{"@type":"Organization","@id":"https:\/\/www.agricolachiera.ch\/fr\/#organization","name":"Chiera Sagl","alternateName":"Agricola Chiera","url":"https:\/\/www.agricolachiera.ch\/fr\/","logo":{"@type":"ImageObject","inLanguage":"fr-FR","@id":"https:\/\/www.agricolachiera.ch\/fr\/#\/schema\/logo\/image\/","url":"https:\/\/www.agricolachiera.ch\/wp-content\/uploads\/2025\/08\/agricola-chiera-logo-con-sfondo.png","contentUrl":"https:\/\/www.agricolachiera.ch\/wp-content\/uploads\/2025\/08\/agricola-chiera-logo-con-sfondo.png","width":1200,"height":675,"caption":"Chiera Sagl"},"image":{"@id":"https:\/\/www.agricolachiera.ch\/fr\/#\/schema\/logo\/image\/"}}]}},"_links":{"self":[{"href":"https:\/\/www.agricolachiera.ch\/fr\/wp-json\/wp\/v2\/product\/3930","targetHints":{"allow":["GET"]}}],"collection":[{"href":"https:\/\/www.agricolachiera.ch\/fr\/wp-json\/wp\/v2\/product"}],"about":[{"href":"https:\/\/www.agricolachiera.ch\/fr\/wp-json\/wp\/v2\/types\/product"}],"replies":[{"embeddable":true,"href":"https:\/\/www.agricolachiera.ch\/fr\/wp-json\/wp\/v2\/comments?post=3930"}],"wp:featuredmedia":[{"embeddable":true,"href":"https:\/\/www.agricolachiera.ch\/fr\/wp-json\/wp\/v2\/media\/2624"}],"wp:attachment":[{"href":"https:\/\/www.agricolachiera.ch\/fr\/wp-json\/wp\/v2\/media?parent=3930"}],"wp:term":[{"taxonomy":"product_brand","embeddable":true,"href":"https:\/\/www.agricolachiera.ch\/fr\/wp-json\/wp\/v2\/product_brand?post=3930"},{"taxonomy":"product_cat","embeddable":true,"href":"https:\/\/www.agricolachiera.ch\/fr\/wp-json\/wp\/v2\/product_cat?post=3930"},{"taxonomy":"product_tag","embeddable":true,"href":"https:\/\/www.agricolachiera.ch\/fr\/wp-json\/wp\/v2\/product_tag?post=3930"}],"curies":[{"name":"wp","href":"https:\/\/api.w.org\/{rel}","templated":true}]}}