{"id":3839,"date":"2025-07-23T09:10:56","date_gmt":"2025-07-23T09:10:56","guid":{"rendered":"https:\/\/www.agricolachiera.ch\/prodotto\/huile-dolive-vierge-extra-fruit-5-l\/"},"modified":"2025-07-23T09:10:56","modified_gmt":"2025-07-23T09:10:56","slug":"huile-dolive-vierge-extra-fruit-5-l","status":"publish","type":"product","link":"https:\/\/www.agricolachiera.ch\/fr\/prodotto\/huile-dolive-vierge-extra-fruit-5-l\/","title":{"rendered":"Huile d&rsquo;olive vierge extra FRUIT 5 L"},"content":{"rendered":"","protected":false},"excerpt":{"rendered":"<p data-start=\"902\" data-end=\"1007\">Il a un caract\u00e8re vif, avec des ar\u00f4mes herbac\u00e9s et une saveur plus prononc\u00e9e. Id\u00e9al pour ceux qui aiment assaisonner avec personnalit\u00e9. <\/p>\n<h3 data-start=\"1009\" data-end=\"1036\"><\/h3>\n","protected":false},"featured_media":2635,"comment_status":"open","ping_status":"closed","template":"","meta":{"_et_pb_use_builder":"on","_et_pb_old_content":"<p data-start=\"1037\" data-end=\"1478\">L'huile d'olive vierge extra Fruit\u00e9 provient d'olives s\u00e9lectionn\u00e9es sur les terres de notre famille entre la Calabre et les Pouilles. Sa saveur est plus prononc\u00e9e que celle de Delicato, avec des notes vertes, de l\u00e9g\u00e8res notes d'artichaut et d'amande et une touche l\u00e9g\u00e8rement \u00e9pic\u00e9e en fin de bouche.<br data-start=\"1303\" data-end=\"1306\">Elle est parfaite pour rehausser les bruschetta, les soupes, les viandes blanches ou les plats m\u00e9diterran\u00e9ens.<br data-start=\"1398\" data-end=\"1401\">Une huile \u00e9quilibr\u00e9e, \u00e0 la personnalit\u00e9 riche, qui vous s\u00e9duira d\u00e8s la premi\u00e8re d\u00e9gustation. <\/p>","_et_gb_content_width":""},"product_brand":[],"product_cat":[301,234,251],"product_tag":[337,291,236,237],"class_list":{"0":"post-3839","1":"product","2":"type-product","3":"status-publish","4":"has-post-thumbnail","6":"product_cat-fruite","7":"product_cat-huile","8":"product_cat-huile-la-plus-vendue","9":"product_tag-5lt","10":"product_tag-fruite","11":"product_tag-huile","12":"product_tag-vierge-extra","14":"first","15":"instock","16":"shipping-taxable","17":"purchasable","18":"product-type-simple"},"yoast_head":"<!-- This site is optimized with the Yoast SEO plugin v27.4 - https:\/\/yoast.com\/product\/yoast-seo-wordpress\/ -->\n<title>Huile d&#039;olive vierge extra FRUIT 5 L - Agricola Chiera<\/title>\n<meta name=\"robots\" content=\"index, follow, max-snippet:-1, max-image-preview:large, max-video-preview:-1\" \/>\n<link rel=\"canonical\" href=\"https:\/\/www.agricolachiera.ch\/fr\/prodotto\/huile-dolive-vierge-extra-fruit-5-l\/\" \/>\n<meta property=\"og:locale\" content=\"fr_FR\" \/>\n<meta property=\"og:type\" content=\"article\" \/>\n<meta property=\"og:title\" content=\"Huile d&#039;olive vierge extra FRUIT 5 L - Agricola Chiera\" \/>\n<meta property=\"og:description\" content=\"Il a un caract\u00e8re vif, avec des ar\u00f4mes herbac\u00e9s et une saveur plus prononc\u00e9e. Id\u00e9al pour ceux qui aiment assaisonner avec personnalit\u00e9.\" \/>\n<meta property=\"og:url\" content=\"https:\/\/www.agricolachiera.ch\/fr\/prodotto\/huile-dolive-vierge-extra-fruit-5-l\/\" \/>\n<meta property=\"og:site_name\" content=\"Agricola Chiera\" \/>\n<meta property=\"og:image\" content=\"https:\/\/www.agricolachiera.ch\/wp-content\/uploads\/2025\/07\/olio-extravergine-di-oliva-gusto-fruttato-5lt-2-1.png\" \/>\n\t<meta property=\"og:image:width\" content=\"960\" \/>\n\t<meta property=\"og:image:height\" content=\"840\" \/>\n\t<meta property=\"og:image:type\" content=\"image\/png\" \/>\n<meta name=\"twitter:card\" content=\"summary_large_image\" \/>\n<script type=\"application\/ld+json\" class=\"yoast-schema-graph\">{\"@context\":\"https:\\\/\\\/schema.org\",\"@graph\":[{\"@type\":\"WebPage\",\"@id\":\"https:\\\/\\\/www.agricolachiera.ch\\\/fr\\\/prodotto\\\/huile-dolive-vierge-extra-fruit-5-l\\\/\",\"url\":\"https:\\\/\\\/www.agricolachiera.ch\\\/fr\\\/prodotto\\\/huile-dolive-vierge-extra-fruit-5-l\\\/\",\"name\":\"Huile d'olive vierge extra FRUIT 5 L - Agricola Chiera\",\"isPartOf\":{\"@id\":\"https:\\\/\\\/www.agricolachiera.ch\\\/fr\\\/#website\"},\"primaryImageOfPage\":{\"@id\":\"https:\\\/\\\/www.agricolachiera.ch\\\/fr\\\/prodotto\\\/huile-dolive-vierge-extra-fruit-5-l\\\/#primaryimage\"},\"image\":{\"@id\":\"https:\\\/\\\/www.agricolachiera.ch\\\/fr\\\/prodotto\\\/huile-dolive-vierge-extra-fruit-5-l\\\/#primaryimage\"},\"thumbnailUrl\":\"https:\\\/\\\/www.agricolachiera.ch\\\/wp-content\\\/uploads\\\/2025\\\/07\\\/olio-extravergine-di-oliva-gusto-fruttato-5lt-2-1.png\",\"datePublished\":\"2025-07-23T09:10:56+00:00\",\"breadcrumb\":{\"@id\":\"https:\\\/\\\/www.agricolachiera.ch\\\/fr\\\/prodotto\\\/huile-dolive-vierge-extra-fruit-5-l\\\/#breadcrumb\"},\"inLanguage\":\"fr-FR\",\"potentialAction\":[{\"@type\":\"ReadAction\",\"target\":[\"https:\\\/\\\/www.agricolachiera.ch\\\/fr\\\/prodotto\\\/huile-dolive-vierge-extra-fruit-5-l\\\/\"]}]},{\"@type\":\"ImageObject\",\"inLanguage\":\"fr-FR\",\"@id\":\"https:\\\/\\\/www.agricolachiera.ch\\\/fr\\\/prodotto\\\/huile-dolive-vierge-extra-fruit-5-l\\\/#primaryimage\",\"url\":\"https:\\\/\\\/www.agricolachiera.ch\\\/wp-content\\\/uploads\\\/2025\\\/07\\\/olio-extravergine-di-oliva-gusto-fruttato-5lt-2-1.png\",\"contentUrl\":\"https:\\\/\\\/www.agricolachiera.ch\\\/wp-content\\\/uploads\\\/2025\\\/07\\\/olio-extravergine-di-oliva-gusto-fruttato-5lt-2-1.png\",\"width\":960,\"height\":840},{\"@type\":\"BreadcrumbList\",\"@id\":\"https:\\\/\\\/www.agricolachiera.ch\\\/fr\\\/prodotto\\\/huile-dolive-vierge-extra-fruit-5-l\\\/#breadcrumb\",\"itemListElement\":[{\"@type\":\"ListItem\",\"position\":1,\"name\":\"Home\",\"item\":\"https:\\\/\\\/www.agricolachiera.ch\\\/fr\\\/home\\\/\"},{\"@type\":\"ListItem\",\"position\":2,\"name\":\"Produits\",\"item\":\"https:\\\/\\\/www.agricolachiera.ch\\\/fr\\\/shop\\\/\"},{\"@type\":\"ListItem\",\"position\":3,\"name\":\"Huile d&rsquo;olive vierge extra FRUIT 5 L\"}]},{\"@type\":\"WebSite\",\"@id\":\"https:\\\/\\\/www.agricolachiera.ch\\\/fr\\\/#website\",\"url\":\"https:\\\/\\\/www.agricolachiera.ch\\\/fr\\\/\",\"name\":\"Agricola Chiera\",\"description\":\"Dalle nostre terre alla tua tavola\",\"publisher\":{\"@id\":\"https:\\\/\\\/www.agricolachiera.ch\\\/fr\\\/#organization\"},\"potentialAction\":[{\"@type\":\"SearchAction\",\"target\":{\"@type\":\"EntryPoint\",\"urlTemplate\":\"https:\\\/\\\/www.agricolachiera.ch\\\/fr\\\/?s={search_term_string}\"},\"query-input\":{\"@type\":\"PropertyValueSpecification\",\"valueRequired\":true,\"valueName\":\"search_term_string\"}}],\"inLanguage\":\"fr-FR\"},{\"@type\":\"Organization\",\"@id\":\"https:\\\/\\\/www.agricolachiera.ch\\\/fr\\\/#organization\",\"name\":\"Chiera Sagl\",\"alternateName\":\"Agricola Chiera\",\"url\":\"https:\\\/\\\/www.agricolachiera.ch\\\/fr\\\/\",\"logo\":{\"@type\":\"ImageObject\",\"inLanguage\":\"fr-FR\",\"@id\":\"https:\\\/\\\/www.agricolachiera.ch\\\/fr\\\/#\\\/schema\\\/logo\\\/image\\\/\",\"url\":\"https:\\\/\\\/www.agricolachiera.ch\\\/wp-content\\\/uploads\\\/2025\\\/08\\\/agricola-chiera-logo-con-sfondo.png\",\"contentUrl\":\"https:\\\/\\\/www.agricolachiera.ch\\\/wp-content\\\/uploads\\\/2025\\\/08\\\/agricola-chiera-logo-con-sfondo.png\",\"width\":1200,\"height\":675,\"caption\":\"Chiera Sagl\"},\"image\":{\"@id\":\"https:\\\/\\\/www.agricolachiera.ch\\\/fr\\\/#\\\/schema\\\/logo\\\/image\\\/\"}}]}<\/script>\n<!-- \/ Yoast SEO plugin. -->","yoast_head_json":{"title":"Huile d'olive vierge extra FRUIT 5 L - Agricola Chiera","robots":{"index":"index","follow":"follow","max-snippet":"max-snippet:-1","max-image-preview":"max-image-preview:large","max-video-preview":"max-video-preview:-1"},"canonical":"https:\/\/www.agricolachiera.ch\/fr\/prodotto\/huile-dolive-vierge-extra-fruit-5-l\/","og_locale":"fr_FR","og_type":"article","og_title":"Huile d'olive vierge extra FRUIT 5 L - Agricola Chiera","og_description":"Il a un caract\u00e8re vif, avec des ar\u00f4mes herbac\u00e9s et une saveur plus prononc\u00e9e. Id\u00e9al pour ceux qui aiment assaisonner avec personnalit\u00e9.","og_url":"https:\/\/www.agricolachiera.ch\/fr\/prodotto\/huile-dolive-vierge-extra-fruit-5-l\/","og_site_name":"Agricola Chiera","og_image":[{"width":960,"height":840,"url":"https:\/\/www.agricolachiera.ch\/wp-content\/uploads\/2025\/07\/olio-extravergine-di-oliva-gusto-fruttato-5lt-2-1.png","type":"image\/png"}],"twitter_card":"summary_large_image","schema":{"@context":"https:\/\/schema.org","@graph":[{"@type":"WebPage","@id":"https:\/\/www.agricolachiera.ch\/fr\/prodotto\/huile-dolive-vierge-extra-fruit-5-l\/","url":"https:\/\/www.agricolachiera.ch\/fr\/prodotto\/huile-dolive-vierge-extra-fruit-5-l\/","name":"Huile d'olive vierge extra FRUIT 5 L - Agricola Chiera","isPartOf":{"@id":"https:\/\/www.agricolachiera.ch\/fr\/#website"},"primaryImageOfPage":{"@id":"https:\/\/www.agricolachiera.ch\/fr\/prodotto\/huile-dolive-vierge-extra-fruit-5-l\/#primaryimage"},"image":{"@id":"https:\/\/www.agricolachiera.ch\/fr\/prodotto\/huile-dolive-vierge-extra-fruit-5-l\/#primaryimage"},"thumbnailUrl":"https:\/\/www.agricolachiera.ch\/wp-content\/uploads\/2025\/07\/olio-extravergine-di-oliva-gusto-fruttato-5lt-2-1.png","datePublished":"2025-07-23T09:10:56+00:00","breadcrumb":{"@id":"https:\/\/www.agricolachiera.ch\/fr\/prodotto\/huile-dolive-vierge-extra-fruit-5-l\/#breadcrumb"},"inLanguage":"fr-FR","potentialAction":[{"@type":"ReadAction","target":["https:\/\/www.agricolachiera.ch\/fr\/prodotto\/huile-dolive-vierge-extra-fruit-5-l\/"]}]},{"@type":"ImageObject","inLanguage":"fr-FR","@id":"https:\/\/www.agricolachiera.ch\/fr\/prodotto\/huile-dolive-vierge-extra-fruit-5-l\/#primaryimage","url":"https:\/\/www.agricolachiera.ch\/wp-content\/uploads\/2025\/07\/olio-extravergine-di-oliva-gusto-fruttato-5lt-2-1.png","contentUrl":"https:\/\/www.agricolachiera.ch\/wp-content\/uploads\/2025\/07\/olio-extravergine-di-oliva-gusto-fruttato-5lt-2-1.png","width":960,"height":840},{"@type":"BreadcrumbList","@id":"https:\/\/www.agricolachiera.ch\/fr\/prodotto\/huile-dolive-vierge-extra-fruit-5-l\/#breadcrumb","itemListElement":[{"@type":"ListItem","position":1,"name":"Home","item":"https:\/\/www.agricolachiera.ch\/fr\/home\/"},{"@type":"ListItem","position":2,"name":"Produits","item":"https:\/\/www.agricolachiera.ch\/fr\/shop\/"},{"@type":"ListItem","position":3,"name":"Huile d&rsquo;olive vierge extra FRUIT 5 L"}]},{"@type":"WebSite","@id":"https:\/\/www.agricolachiera.ch\/fr\/#website","url":"https:\/\/www.agricolachiera.ch\/fr\/","name":"Agricola Chiera","description":"Dalle nostre terre alla tua tavola","publisher":{"@id":"https:\/\/www.agricolachiera.ch\/fr\/#organization"},"potentialAction":[{"@type":"SearchAction","target":{"@type":"EntryPoint","urlTemplate":"https:\/\/www.agricolachiera.ch\/fr\/?s={search_term_string}"},"query-input":{"@type":"PropertyValueSpecification","valueRequired":true,"valueName":"search_term_string"}}],"inLanguage":"fr-FR"},{"@type":"Organization","@id":"https:\/\/www.agricolachiera.ch\/fr\/#organization","name":"Chiera Sagl","alternateName":"Agricola Chiera","url":"https:\/\/www.agricolachiera.ch\/fr\/","logo":{"@type":"ImageObject","inLanguage":"fr-FR","@id":"https:\/\/www.agricolachiera.ch\/fr\/#\/schema\/logo\/image\/","url":"https:\/\/www.agricolachiera.ch\/wp-content\/uploads\/2025\/08\/agricola-chiera-logo-con-sfondo.png","contentUrl":"https:\/\/www.agricolachiera.ch\/wp-content\/uploads\/2025\/08\/agricola-chiera-logo-con-sfondo.png","width":1200,"height":675,"caption":"Chiera Sagl"},"image":{"@id":"https:\/\/www.agricolachiera.ch\/fr\/#\/schema\/logo\/image\/"}}]}},"_links":{"self":[{"href":"https:\/\/www.agricolachiera.ch\/fr\/wp-json\/wp\/v2\/product\/3839","targetHints":{"allow":["GET"]}}],"collection":[{"href":"https:\/\/www.agricolachiera.ch\/fr\/wp-json\/wp\/v2\/product"}],"about":[{"href":"https:\/\/www.agricolachiera.ch\/fr\/wp-json\/wp\/v2\/types\/product"}],"replies":[{"embeddable":true,"href":"https:\/\/www.agricolachiera.ch\/fr\/wp-json\/wp\/v2\/comments?post=3839"}],"wp:featuredmedia":[{"embeddable":true,"href":"https:\/\/www.agricolachiera.ch\/fr\/wp-json\/wp\/v2\/media\/2635"}],"wp:attachment":[{"href":"https:\/\/www.agricolachiera.ch\/fr\/wp-json\/wp\/v2\/media?parent=3839"}],"wp:term":[{"taxonomy":"product_brand","embeddable":true,"href":"https:\/\/www.agricolachiera.ch\/fr\/wp-json\/wp\/v2\/product_brand?post=3839"},{"taxonomy":"product_cat","embeddable":true,"href":"https:\/\/www.agricolachiera.ch\/fr\/wp-json\/wp\/v2\/product_cat?post=3839"},{"taxonomy":"product_tag","embeddable":true,"href":"https:\/\/www.agricolachiera.ch\/fr\/wp-json\/wp\/v2\/product_tag?post=3839"}],"curies":[{"name":"wp","href":"https:\/\/api.w.org\/{rel}","templated":true}]}}