{"id":3701,"date":"2025-07-24T07:24:39","date_gmt":"2025-07-24T07:24:39","guid":{"rendered":"https:\/\/www.agricolachiera.ch\/prodotto\/salento-susumaniello-igp-susumat\/"},"modified":"2025-07-24T07:24:39","modified_gmt":"2025-07-24T07:24:39","slug":"salento-susumaniello-igp-susumat","status":"publish","type":"product","link":"https:\/\/www.agricolachiera.ch\/fr\/prodotto\/salento-susumaniello-igp-susumat\/","title":{"rendered":"Salento Susumaniello IGP &#8211; SUSUMAT"},"content":{"rendered":"","protected":false},"excerpt":{"rendered":"<p>Un rouge rare et fascinant, une expression authentique du Salento. Riche en caract\u00e8re, avec des ar\u00f4mes intenses et un go\u00fbt structur\u00e9 et persistant. <\/p>\n","protected":false},"featured_media":2860,"comment_status":"open","ping_status":"closed","template":"","meta":{"_et_pb_use_builder":"on","_et_pb_old_content":"Le <strong data-start=\"342\" data-end=\"370\">Salento Susumaniello IGP<\/strong> est un vin au profil unique, issu d'un c\u00e9page autochtone red\u00e9couvert et am\u00e9lior\u00e9 ces derni\u00e8res ann\u00e9es. Cultiv\u00e9 sur les sols ensoleill\u00e9s du Salento, ce vin se distingue par sa couleur rouge profond, ses ar\u00f4mes intenses de baies sauvages, d'\u00e9pices et de l\u00e9g\u00e8res notes balsamiques.<br data-start=\"651\" data-end=\"654\">En bouche, il est riche, complexe, avec une structure importante et une finale persistante et harmonieuse.<br data-start=\"749\" data-end=\"752\">Parfait pour ceux qui recherchent un vin rouge avec de la personnalit\u00e9, id\u00e9al avec des plats structur\u00e9s, de la charcuterie, des r\u00f4tis et des fromages affin\u00e9s.<br data-start=\"869\" data-end=\"872\">Un vin qui transmet la force et l'\u00e9l\u00e9gance de la tradition la plus authentique du Salento. ","_et_gb_content_width":""},"product_brand":[],"product_cat":[176,158,170],"product_tag":[161,177,333],"class_list":{"0":"post-3701","1":"product","2":"type-product","3":"status-publish","4":"has-post-thumbnail","6":"product_cat-rouge","7":"product_cat-vin","8":"product_cat-vin-le-plus-vendu","9":"product_tag-igt","10":"product_tag-rouge","11":"product_tag-susumaniello","13":"first","14":"instock","15":"shipping-taxable","16":"purchasable","17":"product-type-simple"},"yoast_head":"<!-- This site is optimized with the Yoast SEO plugin v27.4 - https:\/\/yoast.com\/product\/yoast-seo-wordpress\/ -->\n<title>Salento Susumaniello IGP - SUSUMAT - Agricola Chiera<\/title>\n<meta name=\"robots\" content=\"index, follow, max-snippet:-1, max-image-preview:large, max-video-preview:-1\" \/>\n<link rel=\"canonical\" href=\"https:\/\/www.agricolachiera.ch\/fr\/prodotto\/salento-susumaniello-igp-susumat\/\" \/>\n<meta property=\"og:locale\" content=\"fr_FR\" \/>\n<meta property=\"og:type\" content=\"article\" \/>\n<meta property=\"og:title\" content=\"Salento Susumaniello IGP - SUSUMAT - Agricola Chiera\" \/>\n<meta property=\"og:description\" content=\"Un rouge rare et fascinant, une expression authentique du Salento. Riche en caract\u00e8re, avec des ar\u00f4mes intenses et un go\u00fbt structur\u00e9 et persistant.\" \/>\n<meta property=\"og:url\" content=\"https:\/\/www.agricolachiera.ch\/fr\/prodotto\/salento-susumaniello-igp-susumat\/\" \/>\n<meta property=\"og:site_name\" content=\"Agricola Chiera\" \/>\n<meta property=\"og:image\" content=\"https:\/\/www.agricolachiera.ch\/wp-content\/uploads\/2026\/04\/agricola-chiera-vino-rosso-salento-susumaniello-susumat-2.png\" \/>\n\t<meta property=\"og:image:width\" content=\"960\" \/>\n\t<meta property=\"og:image:height\" content=\"840\" \/>\n\t<meta property=\"og:image:type\" content=\"image\/png\" \/>\n<meta name=\"twitter:card\" content=\"summary_large_image\" \/>\n<script type=\"application\/ld+json\" class=\"yoast-schema-graph\">{\"@context\":\"https:\\\/\\\/schema.org\",\"@graph\":[{\"@type\":\"WebPage\",\"@id\":\"https:\\\/\\\/www.agricolachiera.ch\\\/fr\\\/prodotto\\\/salento-susumaniello-igp-susumat\\\/\",\"url\":\"https:\\\/\\\/www.agricolachiera.ch\\\/fr\\\/prodotto\\\/salento-susumaniello-igp-susumat\\\/\",\"name\":\"Salento Susumaniello IGP - SUSUMAT - Agricola Chiera\",\"isPartOf\":{\"@id\":\"https:\\\/\\\/www.agricolachiera.ch\\\/fr\\\/#website\"},\"primaryImageOfPage\":{\"@id\":\"https:\\\/\\\/www.agricolachiera.ch\\\/fr\\\/prodotto\\\/salento-susumaniello-igp-susumat\\\/#primaryimage\"},\"image\":{\"@id\":\"https:\\\/\\\/www.agricolachiera.ch\\\/fr\\\/prodotto\\\/salento-susumaniello-igp-susumat\\\/#primaryimage\"},\"thumbnailUrl\":\"https:\\\/\\\/www.agricolachiera.ch\\\/wp-content\\\/uploads\\\/2026\\\/04\\\/agricola-chiera-vino-rosso-salento-susumaniello-susumat-2.png\",\"datePublished\":\"2025-07-24T07:24:39+00:00\",\"breadcrumb\":{\"@id\":\"https:\\\/\\\/www.agricolachiera.ch\\\/fr\\\/prodotto\\\/salento-susumaniello-igp-susumat\\\/#breadcrumb\"},\"inLanguage\":\"fr-FR\",\"potentialAction\":[{\"@type\":\"ReadAction\",\"target\":[\"https:\\\/\\\/www.agricolachiera.ch\\\/fr\\\/prodotto\\\/salento-susumaniello-igp-susumat\\\/\"]}]},{\"@type\":\"ImageObject\",\"inLanguage\":\"fr-FR\",\"@id\":\"https:\\\/\\\/www.agricolachiera.ch\\\/fr\\\/prodotto\\\/salento-susumaniello-igp-susumat\\\/#primaryimage\",\"url\":\"https:\\\/\\\/www.agricolachiera.ch\\\/wp-content\\\/uploads\\\/2026\\\/04\\\/agricola-chiera-vino-rosso-salento-susumaniello-susumat-2.png\",\"contentUrl\":\"https:\\\/\\\/www.agricolachiera.ch\\\/wp-content\\\/uploads\\\/2026\\\/04\\\/agricola-chiera-vino-rosso-salento-susumaniello-susumat-2.png\",\"width\":960,\"height\":840},{\"@type\":\"BreadcrumbList\",\"@id\":\"https:\\\/\\\/www.agricolachiera.ch\\\/fr\\\/prodotto\\\/salento-susumaniello-igp-susumat\\\/#breadcrumb\",\"itemListElement\":[{\"@type\":\"ListItem\",\"position\":1,\"name\":\"Home\",\"item\":\"https:\\\/\\\/www.agricolachiera.ch\\\/fr\\\/home\\\/\"},{\"@type\":\"ListItem\",\"position\":2,\"name\":\"Shop\",\"item\":\"https:\\\/\\\/www.agricolachiera.ch\\\/?page_id=529\"},{\"@type\":\"ListItem\",\"position\":3,\"name\":\"Salento Susumaniello IGP &#8211; SUSUMAT\"}]},{\"@type\":\"WebSite\",\"@id\":\"https:\\\/\\\/www.agricolachiera.ch\\\/fr\\\/#website\",\"url\":\"https:\\\/\\\/www.agricolachiera.ch\\\/fr\\\/\",\"name\":\"Agricola Chiera\",\"description\":\"Dalle nostre terre alla tua tavola\",\"publisher\":{\"@id\":\"https:\\\/\\\/www.agricolachiera.ch\\\/fr\\\/#organization\"},\"potentialAction\":[{\"@type\":\"SearchAction\",\"target\":{\"@type\":\"EntryPoint\",\"urlTemplate\":\"https:\\\/\\\/www.agricolachiera.ch\\\/fr\\\/?s={search_term_string}\"},\"query-input\":{\"@type\":\"PropertyValueSpecification\",\"valueRequired\":true,\"valueName\":\"search_term_string\"}}],\"inLanguage\":\"fr-FR\"},{\"@type\":\"Organization\",\"@id\":\"https:\\\/\\\/www.agricolachiera.ch\\\/fr\\\/#organization\",\"name\":\"Chiera Sagl\",\"alternateName\":\"Agricola Chiera\",\"url\":\"https:\\\/\\\/www.agricolachiera.ch\\\/fr\\\/\",\"logo\":{\"@type\":\"ImageObject\",\"inLanguage\":\"fr-FR\",\"@id\":\"https:\\\/\\\/www.agricolachiera.ch\\\/fr\\\/#\\\/schema\\\/logo\\\/image\\\/\",\"url\":\"https:\\\/\\\/www.agricolachiera.ch\\\/wp-content\\\/uploads\\\/2025\\\/08\\\/agricola-chiera-logo-con-sfondo.png\",\"contentUrl\":\"https:\\\/\\\/www.agricolachiera.ch\\\/wp-content\\\/uploads\\\/2025\\\/08\\\/agricola-chiera-logo-con-sfondo.png\",\"width\":1200,\"height\":675,\"caption\":\"Chiera Sagl\"},\"image\":{\"@id\":\"https:\\\/\\\/www.agricolachiera.ch\\\/fr\\\/#\\\/schema\\\/logo\\\/image\\\/\"}}]}<\/script>\n<!-- \/ Yoast SEO plugin. -->","yoast_head_json":{"title":"Salento Susumaniello IGP - SUSUMAT - Agricola Chiera","robots":{"index":"index","follow":"follow","max-snippet":"max-snippet:-1","max-image-preview":"max-image-preview:large","max-video-preview":"max-video-preview:-1"},"canonical":"https:\/\/www.agricolachiera.ch\/fr\/prodotto\/salento-susumaniello-igp-susumat\/","og_locale":"fr_FR","og_type":"article","og_title":"Salento Susumaniello IGP - SUSUMAT - Agricola Chiera","og_description":"Un rouge rare et fascinant, une expression authentique du Salento. Riche en caract\u00e8re, avec des ar\u00f4mes intenses et un go\u00fbt structur\u00e9 et persistant.","og_url":"https:\/\/www.agricolachiera.ch\/fr\/prodotto\/salento-susumaniello-igp-susumat\/","og_site_name":"Agricola Chiera","og_image":[{"width":960,"height":840,"url":"https:\/\/www.agricolachiera.ch\/wp-content\/uploads\/2026\/04\/agricola-chiera-vino-rosso-salento-susumaniello-susumat-2.png","type":"image\/png"}],"twitter_card":"summary_large_image","schema":{"@context":"https:\/\/schema.org","@graph":[{"@type":"WebPage","@id":"https:\/\/www.agricolachiera.ch\/fr\/prodotto\/salento-susumaniello-igp-susumat\/","url":"https:\/\/www.agricolachiera.ch\/fr\/prodotto\/salento-susumaniello-igp-susumat\/","name":"Salento Susumaniello IGP - SUSUMAT - Agricola Chiera","isPartOf":{"@id":"https:\/\/www.agricolachiera.ch\/fr\/#website"},"primaryImageOfPage":{"@id":"https:\/\/www.agricolachiera.ch\/fr\/prodotto\/salento-susumaniello-igp-susumat\/#primaryimage"},"image":{"@id":"https:\/\/www.agricolachiera.ch\/fr\/prodotto\/salento-susumaniello-igp-susumat\/#primaryimage"},"thumbnailUrl":"https:\/\/www.agricolachiera.ch\/wp-content\/uploads\/2026\/04\/agricola-chiera-vino-rosso-salento-susumaniello-susumat-2.png","datePublished":"2025-07-24T07:24:39+00:00","breadcrumb":{"@id":"https:\/\/www.agricolachiera.ch\/fr\/prodotto\/salento-susumaniello-igp-susumat\/#breadcrumb"},"inLanguage":"fr-FR","potentialAction":[{"@type":"ReadAction","target":["https:\/\/www.agricolachiera.ch\/fr\/prodotto\/salento-susumaniello-igp-susumat\/"]}]},{"@type":"ImageObject","inLanguage":"fr-FR","@id":"https:\/\/www.agricolachiera.ch\/fr\/prodotto\/salento-susumaniello-igp-susumat\/#primaryimage","url":"https:\/\/www.agricolachiera.ch\/wp-content\/uploads\/2026\/04\/agricola-chiera-vino-rosso-salento-susumaniello-susumat-2.png","contentUrl":"https:\/\/www.agricolachiera.ch\/wp-content\/uploads\/2026\/04\/agricola-chiera-vino-rosso-salento-susumaniello-susumat-2.png","width":960,"height":840},{"@type":"BreadcrumbList","@id":"https:\/\/www.agricolachiera.ch\/fr\/prodotto\/salento-susumaniello-igp-susumat\/#breadcrumb","itemListElement":[{"@type":"ListItem","position":1,"name":"Home","item":"https:\/\/www.agricolachiera.ch\/fr\/home\/"},{"@type":"ListItem","position":2,"name":"Shop","item":"https:\/\/www.agricolachiera.ch\/?page_id=529"},{"@type":"ListItem","position":3,"name":"Salento Susumaniello IGP &#8211; SUSUMAT"}]},{"@type":"WebSite","@id":"https:\/\/www.agricolachiera.ch\/fr\/#website","url":"https:\/\/www.agricolachiera.ch\/fr\/","name":"Agricola Chiera","description":"Dalle nostre terre alla tua tavola","publisher":{"@id":"https:\/\/www.agricolachiera.ch\/fr\/#organization"},"potentialAction":[{"@type":"SearchAction","target":{"@type":"EntryPoint","urlTemplate":"https:\/\/www.agricolachiera.ch\/fr\/?s={search_term_string}"},"query-input":{"@type":"PropertyValueSpecification","valueRequired":true,"valueName":"search_term_string"}}],"inLanguage":"fr-FR"},{"@type":"Organization","@id":"https:\/\/www.agricolachiera.ch\/fr\/#organization","name":"Chiera Sagl","alternateName":"Agricola Chiera","url":"https:\/\/www.agricolachiera.ch\/fr\/","logo":{"@type":"ImageObject","inLanguage":"fr-FR","@id":"https:\/\/www.agricolachiera.ch\/fr\/#\/schema\/logo\/image\/","url":"https:\/\/www.agricolachiera.ch\/wp-content\/uploads\/2025\/08\/agricola-chiera-logo-con-sfondo.png","contentUrl":"https:\/\/www.agricolachiera.ch\/wp-content\/uploads\/2025\/08\/agricola-chiera-logo-con-sfondo.png","width":1200,"height":675,"caption":"Chiera Sagl"},"image":{"@id":"https:\/\/www.agricolachiera.ch\/fr\/#\/schema\/logo\/image\/"}}]}},"_links":{"self":[{"href":"https:\/\/www.agricolachiera.ch\/fr\/wp-json\/wp\/v2\/product\/3701","targetHints":{"allow":["GET"]}}],"collection":[{"href":"https:\/\/www.agricolachiera.ch\/fr\/wp-json\/wp\/v2\/product"}],"about":[{"href":"https:\/\/www.agricolachiera.ch\/fr\/wp-json\/wp\/v2\/types\/product"}],"replies":[{"embeddable":true,"href":"https:\/\/www.agricolachiera.ch\/fr\/wp-json\/wp\/v2\/comments?post=3701"}],"wp:featuredmedia":[{"embeddable":true,"href":"https:\/\/www.agricolachiera.ch\/fr\/wp-json\/wp\/v2\/media\/2860"}],"wp:attachment":[{"href":"https:\/\/www.agricolachiera.ch\/fr\/wp-json\/wp\/v2\/media?parent=3701"}],"wp:term":[{"taxonomy":"product_brand","embeddable":true,"href":"https:\/\/www.agricolachiera.ch\/fr\/wp-json\/wp\/v2\/product_brand?post=3701"},{"taxonomy":"product_cat","embeddable":true,"href":"https:\/\/www.agricolachiera.ch\/fr\/wp-json\/wp\/v2\/product_cat?post=3701"},{"taxonomy":"product_tag","embeddable":true,"href":"https:\/\/www.agricolachiera.ch\/fr\/wp-json\/wp\/v2\/product_tag?post=3701"}],"curies":[{"name":"wp","href":"https:\/\/api.w.org\/{rel}","templated":true}]}}