{"id":3400,"date":"2026-04-21T14:07:34","date_gmt":"2026-04-21T14:07:34","guid":{"rendered":"https:\/\/www.agricolachiera.ch\/prodotto\/friselline-a-lhuile-dolive-250-g\/"},"modified":"2026-04-21T22:32:29","modified_gmt":"2026-04-21T22:32:29","slug":"friselline-a-lhuile-dolive-250-g","status":"publish","type":"product","link":"https:\/\/www.agricolachiera.ch\/fr\/prodotto\/friselline-a-lhuile-dolive-250-g\/","title":{"rendered":"Friselline \u00e0 l&rsquo;huile d&rsquo;olive 250 G"},"content":{"rendered":"<p>[et_pb_section fb_built=\u00a0\u00bb1&Prime; _builder_version=\u00a0\u00bb4.16&Prime; custom_padding=\u00a0\u00bb0px||||false|false\u00a0\u00bb global_module=\u00a0\u00bb650&Prime; saved_tabs=\u00a0\u00bball\u00a0\u00bb global_colors_info=\u00a0\u00bb{}\u00a0\u00bb][et_pb_row _builder_version=\u00a0\u00bb4.16&Prime; background_size=\u00a0\u00bbinitial\u00a0\u00bb background_position=\u00a0\u00bbtop_left\u00a0\u00bb background_repeat=\u00a0\u00bbrepeat\u00a0\u00bb width=\u00a0\u00bb100%\u00a0\u00bb custom_padding=\u00a0\u00bb0px||0px||false|false\u00a0\u00bb global_colors_info=\u00a0\u00bb{}\u00a0\u00bb][et_pb_column type=\u00a0\u00bb4_4&Prime; _builder_version=\u00a0\u00bb4.16&Prime; custom_padding=\u00a0\u00bb|||\u00a0\u00bb global_colors_info=\u00a0\u00bb{}\u00a0\u00bb custom_padding__hover=\u00a0\u00bb|||\u00a0\u00bb][et_pb_wc_breadcrumb breadcrumb_home_url=\u00a0\u00bb@ET-DC@eyJkeW5hbWljIjp0cnVlLCJjb250ZW50IjoicG9zdF9saW5rX3VybF9wYWdlIiwic2V0dGluZ3MiOnsicG9zdF9pZCI6IjUyOSJ9fQ==@\u00a0\u00bb breadcrumb_separator=\u00a0\u00bb&gt;\u00a0\u00bb _builder_version=\u00a0\u00bb4.27.4&Prime; _dynamic_attributes=\u00a0\u00bbbreadcrumb_home_url\u00a0\u00bb body_font=\u00a0\u00bb||on||||||\u00a0\u00bb global_colors_info=\u00a0\u00bb{}\u00a0\u00bb][\/et_pb_wc_breadcrumb][et_pb_wc_cart_notice _builder_version=\u00a0\u00bb4.27.4&Prime; title_font=\u00a0\u00bb|600|||||||\u00a0\u00bb title_text_color=\u00a0\u00bb#5d6119&Prime; background_color=\u00a0\u00bbrgba(124,218,36,0.18)\u00a0\u00bb custom_button=\u00a0\u00bbon\u00a0\u00bb button_text_color=\u00a0\u00bb#5d6119&Prime; button_bg_color=\u00a0\u00bbrgba(237,240,0,0.7)\u00a0\u00bb button_border_width=\u00a0\u00bb1px\u00a0\u00bb button_border_color=\u00a0\u00bbrgba(224,153,0,0.55)\u00a0\u00bb button_border_radius=\u00a0\u00bb15px\u00a0\u00bb button_font=\u00a0\u00bb|600|||||||\u00a0\u00bb text_orientation=\u00a0\u00bbcenter\u00a0\u00bb border_radii=\u00a0\u00bbon|20px|20px|20px|20px\u00a0\u00bb border_width_all=\u00a0\u00bb1px\u00a0\u00bb border_color_all=\u00a0\u00bb#7cda24&Prime; box_shadow_style=\u00a0\u00bbpreset1&Prime; box_shadow_color=\u00a0\u00bbrgba(124,218,36,0.65)\u00a0\u00bb box_shadow_style_button=\u00a0\u00bbpreset1&Prime; box_shadow_color_button=\u00a0\u00bbrgba(224,153,0,0.45)\u00a0\u00bb global_colors_info=\u00a0\u00bb{}\u00a0\u00bb][\/et_pb_wc_cart_notice][\/et_pb_column][\/et_pb_row][et_pb_row column_structure=\u00a0\u00bb1_2,1_2&Prime; _builder_version=\u00a0\u00bb4.16&Prime; background_size=\u00a0\u00bbinitial\u00a0\u00bb background_position=\u00a0\u00bbtop_left\u00a0\u00bb background_repeat=\u00a0\u00bbrepeat\u00a0\u00bb width=\u00a0\u00bb100%\u00a0\u00bb custom_padding=\u00a0\u00bb0px||||false|false\u00a0\u00bb global_colors_info=\u00a0\u00bb{}\u00a0\u00bb][et_pb_column type=\u00a0\u00bb1_2&Prime; _builder_version=\u00a0\u00bb4.16&Prime; custom_padding=\u00a0\u00bb|||\u00a0\u00bb global_colors_info=\u00a0\u00bb{}\u00a0\u00bb custom_padding__hover=\u00a0\u00bb|||\u00a0\u00bb][et_pb_wc_images sale_badge_color=\u00a0\u00bb#ff6847&Prime; _builder_version=\u00a0\u00bb4.27.6&Prime; sale_badge_font=\u00a0\u00bb|600|on||||||\u00a0\u00bb sale_badge_text_color=\u00a0\u00bb#ffffff\u00a0\u00bb background_color=\u00a0\u00bb#FFFFFF\u00a0\u00bb background_enable_image=\u00a0\u00bboff\u00a0\u00bb border_radii_sale_badge=\u00a0\u00bbon|15px|15px|15px|15px\u00a0\u00bb box_shadow_style_sale_badge=\u00a0\u00bbpreset1&Prime; box_shadow_color_sale_badge=\u00a0\u00bb#ff6847&Prime; global_colors_info=\u00a0\u00bb{}\u00a0\u00bb][\/et_pb_wc_images][\/et_pb_column][et_pb_column type=\u00a0\u00bb1_2&Prime; _builder_version=\u00a0\u00bb4.16&Prime; custom_padding=\u00a0\u00bb|||\u00a0\u00bb global_colors_info=\u00a0\u00bb{}\u00a0\u00bb custom_padding__hover=\u00a0\u00bb|||\u00a0\u00bb][et_pb_wc_title _builder_version=\u00a0\u00bb4.27.4&Prime; header_font=\u00a0\u00bb|600|||||||\u00a0\u00bb global_colors_info=\u00a0\u00bb{}\u00a0\u00bb][\/et_pb_wc_title][et_pb_wc_rating _builder_version=\u00a0\u00bb4.16&Prime; rating_text_color=\u00a0\u00bb#51b47f\u00a0\u00bb body_font=\u00a0\u00bb||on||||||\u00a0\u00bb body_text_color=\u00a0\u00bbrgba(99,99,99,0.84)\u00a0\u00bb global_colors_info=\u00a0\u00bb{}\u00a0\u00bb][\/et_pb_wc_rating][et_pb_wc_price _builder_version=\u00a0\u00bb4.27.4&Prime; body_font=\u00a0\u00bb|700|||||||\u00a0\u00bb body_text_color=\u00a0\u00bb#5d6119&Prime; body_font_size=\u00a0\u00bb40px\u00a0\u00bb before_sale_price_font=\u00a0\u00bb||||||||\u00a0\u00bb before_sale_price_text_color=\u00a0\u00bb#ff0000&Prime; before_sale_price_font_size=\u00a0\u00bb25px\u00a0\u00bb sale_price_text_color=\u00a0\u00bb#5d6119&Prime; sale_price_font_size=\u00a0\u00bb40px\u00a0\u00bb global_colors_info=\u00a0\u00bb{}\u00a0\u00bb][\/et_pb_wc_price][et_pb_wc_description _builder_version=\u00a0\u00bb4.27.4&Prime; global_colors_info=\u00a0\u00bb{}\u00a0\u00bb][\/et_pb_wc_description][et_pb_wc_add_to_cart field_label_position=\u00a0\u00bbinline\u00a0\u00bb _builder_version=\u00a0\u00bb4.27.4&Prime; fields_background_color=\u00a0\u00bbrgba(237,240,0,0.7)\u00a0\u00bb fields_text_color=\u00a0\u00bb#000000&Prime; fields_focus_background_color=\u00a0\u00bbrgba(124,218,36,0.3)\u00a0\u00bb dropdown_menus_background_color=\u00a0\u00bb#EDF000&Prime; dropdown_menus_text_color=\u00a0\u00bb#000000&Prime; dropdown_menus_focus_background_color=\u00a0\u00bb#7CDA24&Prime; dropdown_menus_custom_margin=\u00a0\u00bb0px||||false|false\u00a0\u00bb fields_font=\u00a0\u00bb|700|||||||\u00a0\u00bb fields_text_align=\u00a0\u00bbcenter\u00a0\u00bb fields_font_size=\u00a0\u00bb25px\u00a0\u00bb dropdown_menus_font=\u00a0\u00bb|700||on|||||\u00a0\u00bb dropdown_menus_font_size=\u00a0\u00bb14px\u00a0\u00bb custom_button=\u00a0\u00bbon\u00a0\u00bb button_text_size=\u00a0\u00bb20px\u00a0\u00bb button_text_color=\u00a0\u00bb#5d6119&Prime; button_bg_color=\u00a0\u00bbrgba(124,218,36,0.18)\u00a0\u00bb button_border_width=\u00a0\u00bb1px\u00a0\u00bb button_border_color=\u00a0\u00bb#7cda24&Prime; button_border_radius=\u00a0\u00bb15px\u00a0\u00bb button_font=\u00a0\u00bb|700|||||||\u00a0\u00bb button_icon=\u00a0\u00bb5||divi||400&Prime; button_on_hover=\u00a0\u00bboff\u00a0\u00bb button_rel=\u00a0\u00bboff|off|off|off|off\u00a0\u00bb sticky_position=\u00a0\u00bbtop\u00a0\u00bb border_radii_fields=\u00a0\u00bbon|10px|10px|10px|10px\u00a0\u00bb border_width_all_fields=\u00a0\u00bb1px\u00a0\u00bb border_color_all_fields=\u00a0\u00bbrgba(224,153,0,0.62)\u00a0\u00bb border_width_all_dropdown_menus=\u00a0\u00bb1px\u00a0\u00bb border_color_all_dropdown_menus=\u00a0\u00bb#FF6847&Prime; box_shadow_style_dropdown_menus=\u00a0\u00bbpreset3&Prime; box_shadow_style_button=\u00a0\u00bbpreset1&Prime; box_shadow_color_button=\u00a0\u00bbrgba(124,218,36,0.65)\u00a0\u00bb global_colors_info=\u00a0\u00bb{}\u00a0\u00bb width__sticky_enabled=\u00a0\u00bboff|sticky\u00a0\u00bb width__sticky=\u00a0\u00bb100%\u00a0\u00bb max_width__sticky_enabled=\u00a0\u00bboff|sticky\u00a0\u00bb max_width__sticky=\u00a0\u00bb100%\u00a0\u00bb width__hover_enabled=\u00a0\u00bboff|desktop\u00a0\u00bb][\/et_pb_wc_add_to_cart][et_pb_wc_meta show_sku=\u00a0\u00bboff\u00a0\u00bb meta_layout=\u00a0\u00bbstacked\u00a0\u00bb _builder_version=\u00a0\u00bb4.27.4&Prime; body_font=\u00a0\u00bb||||||||\u00a0\u00bb body_text_color=\u00a0\u00bb#000000&Prime; body_font_size=\u00a0\u00bb16px\u00a0\u00bb link_text_color=\u00a0\u00bb#379e17&Prime; global_colors_info=\u00a0\u00bb{}\u00a0\u00bb][\/et_pb_wc_meta][\/et_pb_column][\/et_pb_row][et_pb_row _builder_version=\u00a0\u00bb4.16&Prime; background_size=\u00a0\u00bbinitial\u00a0\u00bb background_position=\u00a0\u00bbtop_left\u00a0\u00bb background_repeat=\u00a0\u00bbrepeat\u00a0\u00bb width=\u00a0\u00bb100%\u00a0\u00bb global_colors_info=\u00a0\u00bb{}\u00a0\u00bb][et_pb_column type=\u00a0\u00bb4_4&Prime; _builder_version=\u00a0\u00bb4.16&Prime; custom_padding=\u00a0\u00bb|||\u00a0\u00bb global_colors_info=\u00a0\u00bb{}\u00a0\u00bb custom_padding__hover=\u00a0\u00bb|||\u00a0\u00bb][et_pb_wc_tabs active_tab_background_color=\u00a0\u00bbrgba(124,218,36,0.18)\u00a0\u00bb include_tabs=\u00a0\u00bbdescription||\u00a0\u00bb _builder_version=\u00a0\u00bb4.27.4&Prime; body_font=\u00a0\u00bb||||||||\u00a0\u00bb body_text_align=\u00a0\u00bbleft\u00a0\u00bb tab_font=\u00a0\u00bb||||||||\u00a0\u00bb global_colors_info=\u00a0\u00bb{}\u00a0\u00bb]\t\t\t\t\t[\/et_pb_wc_tabs][et_pb_wc_upsells sale_badge_color=\u00a0\u00bb#FF6847&Prime; icon_hover_color=\u00a0\u00bb#7CDA24&Prime; hover_overlay_color=\u00a0\u00bbrgba(237,240,0,0.12)\u00a0\u00bb show_rating=\u00a0\u00bboff\u00a0\u00bb _builder_version=\u00a0\u00bb4.27.4&Prime; title_text_align=\u00a0\u00bbcenter\u00a0\u00bb product_title_font=\u00a0\u00bb|600|||||||\u00a0\u00bb product_title_text_align=\u00a0\u00bbcenter\u00a0\u00bb product_title_text_color=\u00a0\u00bb#000000&Prime; product_title_line_height=\u00a0\u00bb1.2em\u00a0\u00bb price_font=\u00a0\u00bb||||||||\u00a0\u00bb price_text_align=\u00a0\u00bbcenter\u00a0\u00bb price_text_color=\u00a0\u00bb#E02B20&Prime; sale_badge_font=\u00a0\u00bb|700|on||||||\u00a0\u00bb sale_badge_text_color=\u00a0\u00bb#FFFFFF\u00a0\u00bb sale_badge_font_size=\u00a0\u00bb15px\u00a0\u00bb sale_price_text_color=\u00a0\u00bb#5d6119&Prime; sale_price_font_size=\u00a0\u00bb20px\u00a0\u00bb background_color=\u00a0\u00bbRGBA(255,255,255,0)\u00a0\u00bb box_shadow_style_sale_badge=\u00a0\u00bbpreset1&Prime; box_shadow_color_sale_badge=\u00a0\u00bb#FF6847&Prime; global_colors_info=\u00a0\u00bb{}\u00a0\u00bb][\/et_pb_wc_upsells][et_pb_wc_related_products include_categories=\u00a0\u00bbcurrent\u00a0\u00bb sale_badge_color=\u00a0\u00bb#FF6847&Prime; icon_hover_color=\u00a0\u00bb#0c4c09&Prime; hover_overlay_color=\u00a0\u00bbRGBA(255,255,255,0)\u00a0\u00bb hover_icon=\u00a0\u00bbP||divi||400&Prime; show_rating=\u00a0\u00bboff\u00a0\u00bb _builder_version=\u00a0\u00bb4.27.4&Prime; title_font=\u00a0\u00bb|600|||||||\u00a0\u00bb title_text_align=\u00a0\u00bbcenter\u00a0\u00bb title_text_color=\u00a0\u00bb#000000&Prime; product_title_text_align=\u00a0\u00bbcenter\u00a0\u00bb product_title_font_size=\u00a0\u00bb21px\u00a0\u00bb product_title_line_height=\u00a0\u00bb1.1em\u00a0\u00bb price_font=\u00a0\u00bb|600|||||||\u00a0\u00bb price_text_color=\u00a0\u00bb#000000&Prime; price_font_size=\u00a0\u00bb20px\u00a0\u00bb sale_badge_font=\u00a0\u00bb|600|on||||||\u00a0\u00bb sale_price_font=\u00a0\u00bb|600|||||||\u00a0\u00bb sale_price_text_color=\u00a0\u00bb#000000&Prime; sale_price_font_size=\u00a0\u00bb20px\u00a0\u00bb background_color=\u00a0\u00bbRGBA(255,255,255,0)\u00a0\u00bb text_orientation=\u00a0\u00bbcenter\u00a0\u00bb border_radii_sale_badge=\u00a0\u00bbon|15px|15px|15px|15px\u00a0\u00bb box_shadow_style_sale_badge=\u00a0\u00bbpreset1&Prime; box_shadow_color_sale_badge=\u00a0\u00bb#FF6847&Prime; global_colors_info=\u00a0\u00bb{}\u00a0\u00bb][\/et_pb_wc_related_products][\/et_pb_column][\/et_pb_row][\/et_pb_section]<\/p>\n","protected":false},"excerpt":{"rendered":"<p data-start=\"189\" data-end=\"350\"><span style=\"color: #000000;\">Friselline \u00e0 l&rsquo;huile d&rsquo;olive, croustillante et l\u00e9g\u00e8re, pr\u00e9par\u00e9e selon la tradition. Parfaites pour l&rsquo;ap\u00e9ritif, les hors-d&rsquo;\u0153uvre ou d\u00e9gust\u00e9es avec des tomates et de l&rsquo;huile d&rsquo;olive extra vierge. <\/span><\/p>\n<p data-start=\"189\" data-end=\"350\"><span style=\"color: #000000;\"><strong><span style=\"color: #ff0000;\">Le prix se r\u00e9f\u00e8re \u00e0 1 paquet.<\/span><\/strong><\/span><\/p>\n","protected":false},"featured_media":3395,"comment_status":"closed","ping_status":"closed","template":"","meta":{"_et_pb_use_builder":"on","_et_pb_old_content":"<p data-start=\"385\" data-end=\"583\"><span style=\"color: #000000\">Les frisellines \u00e0 l'huile d'olive sont un classique de la tradition du sud de l'Italie, simples et authentiques, pr\u00e9par\u00e9es avec des ingr\u00e9dients s\u00e9lectionn\u00e9s et trait\u00e9es avec soin pour obtenir le bon croquant.<\/span><\/p>\n<p data-start=\"585\" data-end=\"796\"><span style=\"color: #000000\">Elles se caract\u00e9risent par une texture parfum\u00e9e et un go\u00fbt d\u00e9licat, enrichi par la pr\u00e9sence d'huile d'olive, qui les rend encore plus agr\u00e9ables. Elles sont parfaites pour \u00eatre d\u00e9gust\u00e9es seules ou pour servir de base \u00e0 de nombreuses pr\u00e9parations. <\/span><\/p>\n<p data-start=\"798\" data-end=\"1040\"><span style=\"color: #000000\">Id\u00e9ales pour les ap\u00e9ritifs, les hors-d'\u0153uvre ou pour remplacer le pain, elles se marient parfaitement avec les tomates fra\u00eeches, l'huile d'olive extra vierge et les produits typiques. Un produit polyvalent qui apporte \u00e0 la table toute la simplicit\u00e9 et la saveur de la cuisine m\u00e9diterran\u00e9enne. <\/span><\/p>","_et_gb_content_width":""},"product_brand":[],"product_cat":[187,205,188],"product_tag":[189],"class_list":{"0":"post-3400","1":"product","2":"type-product","3":"status-publish","4":"has-post-thumbnail","6":"product_cat-conserves","7":"product_cat-les-conserves-les-plus-vendues","8":"product_cat-pates-et-sechoirs","9":"product_tag-friselline","11":"first","12":"instock","13":"shipping-taxable","14":"purchasable","15":"product-type-simple"},"yoast_head":"<!-- This site is optimized with the Yoast SEO plugin v27.4 - https:\/\/yoast.com\/product\/yoast-seo-wordpress\/ -->\n<title>Friselline \u00e0 l&#039;huile d&#039;olive 250 G - Agricola Chiera<\/title>\n<meta name=\"description\" content=\"Frisellines croustillantes et l\u00e9g\u00e8res \u00e0 l&#039;huile d&#039;olive, id\u00e9ales pour les ap\u00e9ritifs et les hors-d&#039;\u0153uvre. Disponible \u00e0 Lugano et livrable dans toute la Suisse.\" \/>\n<meta name=\"robots\" content=\"index, follow, max-snippet:-1, max-image-preview:large, max-video-preview:-1\" \/>\n<link rel=\"canonical\" href=\"https:\/\/www.agricolachiera.ch\/fr\/prodotto\/friselline-a-lhuile-dolive-250-g\/\" \/>\n<meta property=\"og:locale\" content=\"fr_FR\" \/>\n<meta property=\"og:type\" content=\"article\" \/>\n<meta property=\"og:title\" content=\"Friselline \u00e0 l&#039;huile d&#039;olive 250 G - Agricola Chiera\" \/>\n<meta property=\"og:description\" content=\"Frisellines croustillantes et l\u00e9g\u00e8res \u00e0 l&#039;huile d&#039;olive, id\u00e9ales pour les ap\u00e9ritifs et les hors-d&#039;\u0153uvre. Disponible \u00e0 Lugano et livrable dans toute la Suisse.\" \/>\n<meta property=\"og:url\" content=\"https:\/\/www.agricolachiera.ch\/fr\/prodotto\/friselline-a-lhuile-dolive-250-g\/\" \/>\n<meta property=\"og:site_name\" content=\"Agricola Chiera\" \/>\n<meta property=\"article:modified_time\" content=\"2026-04-21T22:32:29+00:00\" \/>\n<meta property=\"og:image\" content=\"https:\/\/www.agricolachiera.ch\/wp-content\/uploads\/2026\/04\/agricola-chiera-friselline-allolio-di-oliva-1.png\" \/>\n\t<meta property=\"og:image:width\" content=\"960\" \/>\n\t<meta property=\"og:image:height\" content=\"840\" \/>\n\t<meta property=\"og:image:type\" content=\"image\/png\" \/>\n<meta name=\"twitter:card\" content=\"summary_large_image\" \/>\n<meta name=\"twitter:label1\" content=\"Dur\u00e9e de lecture estim\u00e9e\" \/>\n\t<meta name=\"twitter:data1\" content=\"5 minutes\" \/>\n<script type=\"application\/ld+json\" class=\"yoast-schema-graph\">{\"@context\":\"https:\\\/\\\/schema.org\",\"@graph\":[{\"@type\":\"WebPage\",\"@id\":\"https:\\\/\\\/www.agricolachiera.ch\\\/fr\\\/prodotto\\\/friselline-a-lhuile-dolive-250-g\\\/\",\"url\":\"https:\\\/\\\/www.agricolachiera.ch\\\/fr\\\/prodotto\\\/friselline-a-lhuile-dolive-250-g\\\/\",\"name\":\"Friselline \u00e0 l'huile d'olive 250 G - Agricola Chiera\",\"isPartOf\":{\"@id\":\"https:\\\/\\\/www.agricolachiera.ch\\\/fr\\\/#website\"},\"primaryImageOfPage\":{\"@id\":\"https:\\\/\\\/www.agricolachiera.ch\\\/fr\\\/prodotto\\\/friselline-a-lhuile-dolive-250-g\\\/#primaryimage\"},\"image\":{\"@id\":\"https:\\\/\\\/www.agricolachiera.ch\\\/fr\\\/prodotto\\\/friselline-a-lhuile-dolive-250-g\\\/#primaryimage\"},\"thumbnailUrl\":\"https:\\\/\\\/www.agricolachiera.ch\\\/wp-content\\\/uploads\\\/2026\\\/04\\\/agricola-chiera-friselline-allolio-di-oliva-1.png\",\"datePublished\":\"2026-04-21T14:07:34+00:00\",\"dateModified\":\"2026-04-21T22:32:29+00:00\",\"description\":\"Frisellines croustillantes et l\u00e9g\u00e8res \u00e0 l'huile d'olive, id\u00e9ales pour les ap\u00e9ritifs et les hors-d'\u0153uvre. Disponible \u00e0 Lugano et livrable dans toute la Suisse.\",\"breadcrumb\":{\"@id\":\"https:\\\/\\\/www.agricolachiera.ch\\\/fr\\\/prodotto\\\/friselline-a-lhuile-dolive-250-g\\\/#breadcrumb\"},\"inLanguage\":\"fr-FR\",\"potentialAction\":[{\"@type\":\"ReadAction\",\"target\":[\"https:\\\/\\\/www.agricolachiera.ch\\\/fr\\\/prodotto\\\/friselline-a-lhuile-dolive-250-g\\\/\"]}]},{\"@type\":\"ImageObject\",\"inLanguage\":\"fr-FR\",\"@id\":\"https:\\\/\\\/www.agricolachiera.ch\\\/fr\\\/prodotto\\\/friselline-a-lhuile-dolive-250-g\\\/#primaryimage\",\"url\":\"https:\\\/\\\/www.agricolachiera.ch\\\/wp-content\\\/uploads\\\/2026\\\/04\\\/agricola-chiera-friselline-allolio-di-oliva-1.png\",\"contentUrl\":\"https:\\\/\\\/www.agricolachiera.ch\\\/wp-content\\\/uploads\\\/2026\\\/04\\\/agricola-chiera-friselline-allolio-di-oliva-1.png\",\"width\":960,\"height\":840},{\"@type\":\"BreadcrumbList\",\"@id\":\"https:\\\/\\\/www.agricolachiera.ch\\\/fr\\\/prodotto\\\/friselline-a-lhuile-dolive-250-g\\\/#breadcrumb\",\"itemListElement\":[{\"@type\":\"ListItem\",\"position\":1,\"name\":\"Home\",\"item\":\"https:\\\/\\\/www.agricolachiera.ch\\\/fr\\\/home\\\/\"},{\"@type\":\"ListItem\",\"position\":2,\"name\":\"Shop\",\"item\":\"https:\\\/\\\/www.agricolachiera.ch\\\/?page_id=529\"},{\"@type\":\"ListItem\",\"position\":3,\"name\":\"Friselline \u00e0 l&rsquo;huile d&rsquo;olive 250 G\"}]},{\"@type\":\"WebSite\",\"@id\":\"https:\\\/\\\/www.agricolachiera.ch\\\/fr\\\/#website\",\"url\":\"https:\\\/\\\/www.agricolachiera.ch\\\/fr\\\/\",\"name\":\"Agricola Chiera\",\"description\":\"Dalle nostre terre alla tua tavola\",\"publisher\":{\"@id\":\"https:\\\/\\\/www.agricolachiera.ch\\\/fr\\\/#organization\"},\"potentialAction\":[{\"@type\":\"SearchAction\",\"target\":{\"@type\":\"EntryPoint\",\"urlTemplate\":\"https:\\\/\\\/www.agricolachiera.ch\\\/fr\\\/?s={search_term_string}\"},\"query-input\":{\"@type\":\"PropertyValueSpecification\",\"valueRequired\":true,\"valueName\":\"search_term_string\"}}],\"inLanguage\":\"fr-FR\"},{\"@type\":\"Organization\",\"@id\":\"https:\\\/\\\/www.agricolachiera.ch\\\/fr\\\/#organization\",\"name\":\"Chiera Sagl\",\"alternateName\":\"Agricola Chiera\",\"url\":\"https:\\\/\\\/www.agricolachiera.ch\\\/fr\\\/\",\"logo\":{\"@type\":\"ImageObject\",\"inLanguage\":\"fr-FR\",\"@id\":\"https:\\\/\\\/www.agricolachiera.ch\\\/fr\\\/#\\\/schema\\\/logo\\\/image\\\/\",\"url\":\"https:\\\/\\\/www.agricolachiera.ch\\\/wp-content\\\/uploads\\\/2025\\\/08\\\/agricola-chiera-logo-con-sfondo.png\",\"contentUrl\":\"https:\\\/\\\/www.agricolachiera.ch\\\/wp-content\\\/uploads\\\/2025\\\/08\\\/agricola-chiera-logo-con-sfondo.png\",\"width\":1200,\"height\":675,\"caption\":\"Chiera Sagl\"},\"image\":{\"@id\":\"https:\\\/\\\/www.agricolachiera.ch\\\/fr\\\/#\\\/schema\\\/logo\\\/image\\\/\"}}]}<\/script>\n<!-- \/ Yoast SEO plugin. -->","yoast_head_json":{"title":"Friselline \u00e0 l'huile d'olive 250 G - Agricola Chiera","description":"Frisellines croustillantes et l\u00e9g\u00e8res \u00e0 l'huile d'olive, id\u00e9ales pour les ap\u00e9ritifs et les hors-d'\u0153uvre. Disponible \u00e0 Lugano et livrable dans toute la Suisse.","robots":{"index":"index","follow":"follow","max-snippet":"max-snippet:-1","max-image-preview":"max-image-preview:large","max-video-preview":"max-video-preview:-1"},"canonical":"https:\/\/www.agricolachiera.ch\/fr\/prodotto\/friselline-a-lhuile-dolive-250-g\/","og_locale":"fr_FR","og_type":"article","og_title":"Friselline \u00e0 l'huile d'olive 250 G - Agricola Chiera","og_description":"Frisellines croustillantes et l\u00e9g\u00e8res \u00e0 l'huile d'olive, id\u00e9ales pour les ap\u00e9ritifs et les hors-d'\u0153uvre. Disponible \u00e0 Lugano et livrable dans toute la Suisse.","og_url":"https:\/\/www.agricolachiera.ch\/fr\/prodotto\/friselline-a-lhuile-dolive-250-g\/","og_site_name":"Agricola Chiera","article_modified_time":"2026-04-21T22:32:29+00:00","og_image":[{"width":960,"height":840,"url":"https:\/\/www.agricolachiera.ch\/wp-content\/uploads\/2026\/04\/agricola-chiera-friselline-allolio-di-oliva-1.png","type":"image\/png"}],"twitter_card":"summary_large_image","twitter_misc":{"Dur\u00e9e de lecture estim\u00e9e":"5 minutes"},"schema":{"@context":"https:\/\/schema.org","@graph":[{"@type":"WebPage","@id":"https:\/\/www.agricolachiera.ch\/fr\/prodotto\/friselline-a-lhuile-dolive-250-g\/","url":"https:\/\/www.agricolachiera.ch\/fr\/prodotto\/friselline-a-lhuile-dolive-250-g\/","name":"Friselline \u00e0 l'huile d'olive 250 G - Agricola Chiera","isPartOf":{"@id":"https:\/\/www.agricolachiera.ch\/fr\/#website"},"primaryImageOfPage":{"@id":"https:\/\/www.agricolachiera.ch\/fr\/prodotto\/friselline-a-lhuile-dolive-250-g\/#primaryimage"},"image":{"@id":"https:\/\/www.agricolachiera.ch\/fr\/prodotto\/friselline-a-lhuile-dolive-250-g\/#primaryimage"},"thumbnailUrl":"https:\/\/www.agricolachiera.ch\/wp-content\/uploads\/2026\/04\/agricola-chiera-friselline-allolio-di-oliva-1.png","datePublished":"2026-04-21T14:07:34+00:00","dateModified":"2026-04-21T22:32:29+00:00","description":"Frisellines croustillantes et l\u00e9g\u00e8res \u00e0 l'huile d'olive, id\u00e9ales pour les ap\u00e9ritifs et les hors-d'\u0153uvre. Disponible \u00e0 Lugano et livrable dans toute la Suisse.","breadcrumb":{"@id":"https:\/\/www.agricolachiera.ch\/fr\/prodotto\/friselline-a-lhuile-dolive-250-g\/#breadcrumb"},"inLanguage":"fr-FR","potentialAction":[{"@type":"ReadAction","target":["https:\/\/www.agricolachiera.ch\/fr\/prodotto\/friselline-a-lhuile-dolive-250-g\/"]}]},{"@type":"ImageObject","inLanguage":"fr-FR","@id":"https:\/\/www.agricolachiera.ch\/fr\/prodotto\/friselline-a-lhuile-dolive-250-g\/#primaryimage","url":"https:\/\/www.agricolachiera.ch\/wp-content\/uploads\/2026\/04\/agricola-chiera-friselline-allolio-di-oliva-1.png","contentUrl":"https:\/\/www.agricolachiera.ch\/wp-content\/uploads\/2026\/04\/agricola-chiera-friselline-allolio-di-oliva-1.png","width":960,"height":840},{"@type":"BreadcrumbList","@id":"https:\/\/www.agricolachiera.ch\/fr\/prodotto\/friselline-a-lhuile-dolive-250-g\/#breadcrumb","itemListElement":[{"@type":"ListItem","position":1,"name":"Home","item":"https:\/\/www.agricolachiera.ch\/fr\/home\/"},{"@type":"ListItem","position":2,"name":"Shop","item":"https:\/\/www.agricolachiera.ch\/?page_id=529"},{"@type":"ListItem","position":3,"name":"Friselline \u00e0 l&rsquo;huile d&rsquo;olive 250 G"}]},{"@type":"WebSite","@id":"https:\/\/www.agricolachiera.ch\/fr\/#website","url":"https:\/\/www.agricolachiera.ch\/fr\/","name":"Agricola Chiera","description":"Dalle nostre terre alla tua tavola","publisher":{"@id":"https:\/\/www.agricolachiera.ch\/fr\/#organization"},"potentialAction":[{"@type":"SearchAction","target":{"@type":"EntryPoint","urlTemplate":"https:\/\/www.agricolachiera.ch\/fr\/?s={search_term_string}"},"query-input":{"@type":"PropertyValueSpecification","valueRequired":true,"valueName":"search_term_string"}}],"inLanguage":"fr-FR"},{"@type":"Organization","@id":"https:\/\/www.agricolachiera.ch\/fr\/#organization","name":"Chiera Sagl","alternateName":"Agricola Chiera","url":"https:\/\/www.agricolachiera.ch\/fr\/","logo":{"@type":"ImageObject","inLanguage":"fr-FR","@id":"https:\/\/www.agricolachiera.ch\/fr\/#\/schema\/logo\/image\/","url":"https:\/\/www.agricolachiera.ch\/wp-content\/uploads\/2025\/08\/agricola-chiera-logo-con-sfondo.png","contentUrl":"https:\/\/www.agricolachiera.ch\/wp-content\/uploads\/2025\/08\/agricola-chiera-logo-con-sfondo.png","width":1200,"height":675,"caption":"Chiera Sagl"},"image":{"@id":"https:\/\/www.agricolachiera.ch\/fr\/#\/schema\/logo\/image\/"}}]}},"_links":{"self":[{"href":"https:\/\/www.agricolachiera.ch\/fr\/wp-json\/wp\/v2\/product\/3400","targetHints":{"allow":["GET"]}}],"collection":[{"href":"https:\/\/www.agricolachiera.ch\/fr\/wp-json\/wp\/v2\/product"}],"about":[{"href":"https:\/\/www.agricolachiera.ch\/fr\/wp-json\/wp\/v2\/types\/product"}],"replies":[{"embeddable":true,"href":"https:\/\/www.agricolachiera.ch\/fr\/wp-json\/wp\/v2\/comments?post=3400"}],"wp:featuredmedia":[{"embeddable":true,"href":"https:\/\/www.agricolachiera.ch\/fr\/wp-json\/wp\/v2\/media\/3395"}],"wp:attachment":[{"href":"https:\/\/www.agricolachiera.ch\/fr\/wp-json\/wp\/v2\/media?parent=3400"}],"wp:term":[{"taxonomy":"product_brand","embeddable":true,"href":"https:\/\/www.agricolachiera.ch\/fr\/wp-json\/wp\/v2\/product_brand?post=3400"},{"taxonomy":"product_cat","embeddable":true,"href":"https:\/\/www.agricolachiera.ch\/fr\/wp-json\/wp\/v2\/product_cat?post=3400"},{"taxonomy":"product_tag","embeddable":true,"href":"https:\/\/www.agricolachiera.ch\/fr\/wp-json\/wp\/v2\/product_tag?post=3400"}],"curies":[{"name":"wp","href":"https:\/\/api.w.org\/{rel}","templated":true}]}}