{"id":3857,"date":"2025-07-23T09:10:56","date_gmt":"2025-07-23T09:10:56","guid":{"rendered":"https:\/\/www.agricolachiera.ch\/prodotto\/natives-olivenoel-extra-fruit-5-l\/"},"modified":"2025-07-23T09:10:56","modified_gmt":"2025-07-23T09:10:56","slug":"natives-olivenoel-extra-fruit-5-l","status":"publish","type":"product","link":"https:\/\/www.agricolachiera.ch\/de\/prodotto\/natives-olivenoel-extra-fruit-5-l\/","title":{"rendered":"Natives Oliven\u00f6l Extra FRUIT 5 L"},"content":{"rendered":"","protected":false},"excerpt":{"rendered":"<p data-start=\"902\" data-end=\"1007\">Er hat einen lebendigen Charakter, mit krautigen Aromen und einem kr\u00e4ftigen Geschmack. Ideal f\u00fcr alle, die gerne mit Pers\u00f6nlichkeit w\u00fcrzen. <\/p>\n<h3 data-start=\"1009\" data-end=\"1036\"><\/h3>\n","protected":false},"featured_media":2635,"comment_status":"open","ping_status":"closed","template":"","meta":{"_et_pb_use_builder":"on","_et_pb_old_content":"<p data-start=\"1037\" data-end=\"1478\">Das fruchtige Native Oliven\u00f6l Extra wird aus Oliven gewonnen, die auf dem Land unserer Familie zwischen Kalabrien und Apulien angebaut werden. Sein Geschmack ist kr\u00e4ftiger als der von Delicato, mit gr\u00fcnen Nuancen, leichten Artischocken- und Mandelnoten und einer leicht w\u00fcrzigen Note im Abgang.<br data-start=\"1303\" data-end=\"1306\">Es eignet sich hervorragend zum Verfeinern von Bruschetta, Suppen, wei\u00dfem Fleisch oder mediterranen Gerichten.<br data-start=\"1398\" data-end=\"1401\">Ein ausgewogenes \u00d6l mit einer reichhaltigen Pers\u00f6nlichkeit, das Sie auf den ersten Geschmack \u00fcberzeugt. <\/p>","_et_gb_content_width":""},"product_brand":[],"product_cat":[303,253,245],"product_tag":[339,248,295,247],"class_list":{"0":"post-3857","1":"product","2":"type-product","3":"status-publish","4":"has-post-thumbnail","6":"product_cat-fruchtig","7":"product_cat-meistverkauftes-ol","8":"product_cat-ol","9":"product_tag-5lt","10":"product_tag-extra-vergine","11":"product_tag-fruchtig","12":"product_tag-ol","14":"first","15":"instock","16":"shipping-taxable","17":"purchasable","18":"product-type-simple"},"yoast_head":"<!-- This site is optimized with the Yoast SEO plugin v27.4 - https:\/\/yoast.com\/product\/yoast-seo-wordpress\/ -->\n<title>Natives Oliven\u00f6l Extra FRUIT 5 L - Agricola Chiera<\/title>\n<meta name=\"robots\" content=\"index, follow, max-snippet:-1, max-image-preview:large, max-video-preview:-1\" \/>\n<link rel=\"canonical\" href=\"https:\/\/www.agricolachiera.ch\/de\/prodotto\/natives-olivenoel-extra-fruit-5-l\/\" \/>\n<meta property=\"og:locale\" content=\"de_DE\" \/>\n<meta property=\"og:type\" content=\"article\" \/>\n<meta property=\"og:title\" content=\"Natives Oliven\u00f6l Extra FRUIT 5 L - Agricola Chiera\" \/>\n<meta property=\"og:description\" content=\"Er hat einen lebendigen Charakter, mit krautigen Aromen und einem kr\u00e4ftigen Geschmack. Ideal f\u00fcr alle, die gerne mit Pers\u00f6nlichkeit w\u00fcrzen.\" \/>\n<meta property=\"og:url\" content=\"https:\/\/www.agricolachiera.ch\/de\/prodotto\/natives-olivenoel-extra-fruit-5-l\/\" \/>\n<meta property=\"og:site_name\" content=\"Agricola Chiera\" \/>\n<meta property=\"og:image\" content=\"https:\/\/www.agricolachiera.ch\/wp-content\/uploads\/2025\/07\/olio-extravergine-di-oliva-gusto-fruttato-5lt-2-1.png\" \/>\n\t<meta property=\"og:image:width\" content=\"960\" \/>\n\t<meta property=\"og:image:height\" content=\"840\" \/>\n\t<meta property=\"og:image:type\" content=\"image\/png\" \/>\n<meta name=\"twitter:card\" content=\"summary_large_image\" \/>\n<script type=\"application\/ld+json\" class=\"yoast-schema-graph\">{\"@context\":\"https:\\\/\\\/schema.org\",\"@graph\":[{\"@type\":\"WebPage\",\"@id\":\"https:\\\/\\\/www.agricolachiera.ch\\\/de\\\/prodotto\\\/natives-olivenoel-extra-fruit-5-l\\\/\",\"url\":\"https:\\\/\\\/www.agricolachiera.ch\\\/de\\\/prodotto\\\/natives-olivenoel-extra-fruit-5-l\\\/\",\"name\":\"Natives Oliven\u00f6l Extra FRUIT 5 L - Agricola Chiera\",\"isPartOf\":{\"@id\":\"https:\\\/\\\/www.agricolachiera.ch\\\/de\\\/#website\"},\"primaryImageOfPage\":{\"@id\":\"https:\\\/\\\/www.agricolachiera.ch\\\/de\\\/prodotto\\\/natives-olivenoel-extra-fruit-5-l\\\/#primaryimage\"},\"image\":{\"@id\":\"https:\\\/\\\/www.agricolachiera.ch\\\/de\\\/prodotto\\\/natives-olivenoel-extra-fruit-5-l\\\/#primaryimage\"},\"thumbnailUrl\":\"https:\\\/\\\/www.agricolachiera.ch\\\/wp-content\\\/uploads\\\/2025\\\/07\\\/olio-extravergine-di-oliva-gusto-fruttato-5lt-2-1.png\",\"datePublished\":\"2025-07-23T09:10:56+00:00\",\"breadcrumb\":{\"@id\":\"https:\\\/\\\/www.agricolachiera.ch\\\/de\\\/prodotto\\\/natives-olivenoel-extra-fruit-5-l\\\/#breadcrumb\"},\"inLanguage\":\"de\",\"potentialAction\":[{\"@type\":\"ReadAction\",\"target\":[\"https:\\\/\\\/www.agricolachiera.ch\\\/de\\\/prodotto\\\/natives-olivenoel-extra-fruit-5-l\\\/\"]}]},{\"@type\":\"ImageObject\",\"inLanguage\":\"de\",\"@id\":\"https:\\\/\\\/www.agricolachiera.ch\\\/de\\\/prodotto\\\/natives-olivenoel-extra-fruit-5-l\\\/#primaryimage\",\"url\":\"https:\\\/\\\/www.agricolachiera.ch\\\/wp-content\\\/uploads\\\/2025\\\/07\\\/olio-extravergine-di-oliva-gusto-fruttato-5lt-2-1.png\",\"contentUrl\":\"https:\\\/\\\/www.agricolachiera.ch\\\/wp-content\\\/uploads\\\/2025\\\/07\\\/olio-extravergine-di-oliva-gusto-fruttato-5lt-2-1.png\",\"width\":960,\"height\":840},{\"@type\":\"BreadcrumbList\",\"@id\":\"https:\\\/\\\/www.agricolachiera.ch\\\/de\\\/prodotto\\\/natives-olivenoel-extra-fruit-5-l\\\/#breadcrumb\",\"itemListElement\":[{\"@type\":\"ListItem\",\"position\":1,\"name\":\"Home\",\"item\":\"https:\\\/\\\/www.agricolachiera.ch\\\/de\\\/home\\\/\"},{\"@type\":\"ListItem\",\"position\":2,\"name\":\"Shop\",\"item\":\"https:\\\/\\\/www.agricolachiera.ch\\\/?page_id=529\"},{\"@type\":\"ListItem\",\"position\":3,\"name\":\"Natives Oliven\u00f6l Extra FRUIT 5 L\"}]},{\"@type\":\"WebSite\",\"@id\":\"https:\\\/\\\/www.agricolachiera.ch\\\/de\\\/#website\",\"url\":\"https:\\\/\\\/www.agricolachiera.ch\\\/de\\\/\",\"name\":\"Agricola Chiera\",\"description\":\"Dalle nostre terre alla tua tavola\",\"publisher\":{\"@id\":\"https:\\\/\\\/www.agricolachiera.ch\\\/de\\\/#organization\"},\"potentialAction\":[{\"@type\":\"SearchAction\",\"target\":{\"@type\":\"EntryPoint\",\"urlTemplate\":\"https:\\\/\\\/www.agricolachiera.ch\\\/de\\\/?s={search_term_string}\"},\"query-input\":{\"@type\":\"PropertyValueSpecification\",\"valueRequired\":true,\"valueName\":\"search_term_string\"}}],\"inLanguage\":\"de\"},{\"@type\":\"Organization\",\"@id\":\"https:\\\/\\\/www.agricolachiera.ch\\\/de\\\/#organization\",\"name\":\"Chiera Sagl\",\"alternateName\":\"Agricola Chiera\",\"url\":\"https:\\\/\\\/www.agricolachiera.ch\\\/de\\\/\",\"logo\":{\"@type\":\"ImageObject\",\"inLanguage\":\"de\",\"@id\":\"https:\\\/\\\/www.agricolachiera.ch\\\/de\\\/#\\\/schema\\\/logo\\\/image\\\/\",\"url\":\"https:\\\/\\\/www.agricolachiera.ch\\\/wp-content\\\/uploads\\\/2025\\\/08\\\/agricola-chiera-logo-con-sfondo.png\",\"contentUrl\":\"https:\\\/\\\/www.agricolachiera.ch\\\/wp-content\\\/uploads\\\/2025\\\/08\\\/agricola-chiera-logo-con-sfondo.png\",\"width\":1200,\"height\":675,\"caption\":\"Chiera Sagl\"},\"image\":{\"@id\":\"https:\\\/\\\/www.agricolachiera.ch\\\/de\\\/#\\\/schema\\\/logo\\\/image\\\/\"}}]}<\/script>\n<!-- \/ Yoast SEO plugin. -->","yoast_head_json":{"title":"Natives Oliven\u00f6l Extra FRUIT 5 L - Agricola Chiera","robots":{"index":"index","follow":"follow","max-snippet":"max-snippet:-1","max-image-preview":"max-image-preview:large","max-video-preview":"max-video-preview:-1"},"canonical":"https:\/\/www.agricolachiera.ch\/de\/prodotto\/natives-olivenoel-extra-fruit-5-l\/","og_locale":"de_DE","og_type":"article","og_title":"Natives Oliven\u00f6l Extra FRUIT 5 L - Agricola Chiera","og_description":"Er hat einen lebendigen Charakter, mit krautigen Aromen und einem kr\u00e4ftigen Geschmack. Ideal f\u00fcr alle, die gerne mit Pers\u00f6nlichkeit w\u00fcrzen.","og_url":"https:\/\/www.agricolachiera.ch\/de\/prodotto\/natives-olivenoel-extra-fruit-5-l\/","og_site_name":"Agricola Chiera","og_image":[{"width":960,"height":840,"url":"https:\/\/www.agricolachiera.ch\/wp-content\/uploads\/2025\/07\/olio-extravergine-di-oliva-gusto-fruttato-5lt-2-1.png","type":"image\/png"}],"twitter_card":"summary_large_image","schema":{"@context":"https:\/\/schema.org","@graph":[{"@type":"WebPage","@id":"https:\/\/www.agricolachiera.ch\/de\/prodotto\/natives-olivenoel-extra-fruit-5-l\/","url":"https:\/\/www.agricolachiera.ch\/de\/prodotto\/natives-olivenoel-extra-fruit-5-l\/","name":"Natives Oliven\u00f6l Extra FRUIT 5 L - Agricola Chiera","isPartOf":{"@id":"https:\/\/www.agricolachiera.ch\/de\/#website"},"primaryImageOfPage":{"@id":"https:\/\/www.agricolachiera.ch\/de\/prodotto\/natives-olivenoel-extra-fruit-5-l\/#primaryimage"},"image":{"@id":"https:\/\/www.agricolachiera.ch\/de\/prodotto\/natives-olivenoel-extra-fruit-5-l\/#primaryimage"},"thumbnailUrl":"https:\/\/www.agricolachiera.ch\/wp-content\/uploads\/2025\/07\/olio-extravergine-di-oliva-gusto-fruttato-5lt-2-1.png","datePublished":"2025-07-23T09:10:56+00:00","breadcrumb":{"@id":"https:\/\/www.agricolachiera.ch\/de\/prodotto\/natives-olivenoel-extra-fruit-5-l\/#breadcrumb"},"inLanguage":"de","potentialAction":[{"@type":"ReadAction","target":["https:\/\/www.agricolachiera.ch\/de\/prodotto\/natives-olivenoel-extra-fruit-5-l\/"]}]},{"@type":"ImageObject","inLanguage":"de","@id":"https:\/\/www.agricolachiera.ch\/de\/prodotto\/natives-olivenoel-extra-fruit-5-l\/#primaryimage","url":"https:\/\/www.agricolachiera.ch\/wp-content\/uploads\/2025\/07\/olio-extravergine-di-oliva-gusto-fruttato-5lt-2-1.png","contentUrl":"https:\/\/www.agricolachiera.ch\/wp-content\/uploads\/2025\/07\/olio-extravergine-di-oliva-gusto-fruttato-5lt-2-1.png","width":960,"height":840},{"@type":"BreadcrumbList","@id":"https:\/\/www.agricolachiera.ch\/de\/prodotto\/natives-olivenoel-extra-fruit-5-l\/#breadcrumb","itemListElement":[{"@type":"ListItem","position":1,"name":"Home","item":"https:\/\/www.agricolachiera.ch\/de\/home\/"},{"@type":"ListItem","position":2,"name":"Shop","item":"https:\/\/www.agricolachiera.ch\/?page_id=529"},{"@type":"ListItem","position":3,"name":"Natives Oliven\u00f6l Extra FRUIT 5 L"}]},{"@type":"WebSite","@id":"https:\/\/www.agricolachiera.ch\/de\/#website","url":"https:\/\/www.agricolachiera.ch\/de\/","name":"Agricola Chiera","description":"Dalle nostre terre alla tua tavola","publisher":{"@id":"https:\/\/www.agricolachiera.ch\/de\/#organization"},"potentialAction":[{"@type":"SearchAction","target":{"@type":"EntryPoint","urlTemplate":"https:\/\/www.agricolachiera.ch\/de\/?s={search_term_string}"},"query-input":{"@type":"PropertyValueSpecification","valueRequired":true,"valueName":"search_term_string"}}],"inLanguage":"de"},{"@type":"Organization","@id":"https:\/\/www.agricolachiera.ch\/de\/#organization","name":"Chiera Sagl","alternateName":"Agricola Chiera","url":"https:\/\/www.agricolachiera.ch\/de\/","logo":{"@type":"ImageObject","inLanguage":"de","@id":"https:\/\/www.agricolachiera.ch\/de\/#\/schema\/logo\/image\/","url":"https:\/\/www.agricolachiera.ch\/wp-content\/uploads\/2025\/08\/agricola-chiera-logo-con-sfondo.png","contentUrl":"https:\/\/www.agricolachiera.ch\/wp-content\/uploads\/2025\/08\/agricola-chiera-logo-con-sfondo.png","width":1200,"height":675,"caption":"Chiera Sagl"},"image":{"@id":"https:\/\/www.agricolachiera.ch\/de\/#\/schema\/logo\/image\/"}}]}},"_links":{"self":[{"href":"https:\/\/www.agricolachiera.ch\/de\/wp-json\/wp\/v2\/product\/3857","targetHints":{"allow":["GET"]}}],"collection":[{"href":"https:\/\/www.agricolachiera.ch\/de\/wp-json\/wp\/v2\/product"}],"about":[{"href":"https:\/\/www.agricolachiera.ch\/de\/wp-json\/wp\/v2\/types\/product"}],"replies":[{"embeddable":true,"href":"https:\/\/www.agricolachiera.ch\/de\/wp-json\/wp\/v2\/comments?post=3857"}],"wp:featuredmedia":[{"embeddable":true,"href":"https:\/\/www.agricolachiera.ch\/de\/wp-json\/wp\/v2\/media\/2635"}],"wp:attachment":[{"href":"https:\/\/www.agricolachiera.ch\/de\/wp-json\/wp\/v2\/media?parent=3857"}],"wp:term":[{"taxonomy":"product_brand","embeddable":true,"href":"https:\/\/www.agricolachiera.ch\/de\/wp-json\/wp\/v2\/product_brand?post=3857"},{"taxonomy":"product_cat","embeddable":true,"href":"https:\/\/www.agricolachiera.ch\/de\/wp-json\/wp\/v2\/product_cat?post=3857"},{"taxonomy":"product_tag","embeddable":true,"href":"https:\/\/www.agricolachiera.ch\/de\/wp-json\/wp\/v2\/product_tag?post=3857"}],"curies":[{"name":"wp","href":"https:\/\/api.w.org\/{rel}","templated":true}]}}