{"id":3817,"date":"2025-07-23T10:46:58","date_gmt":"2025-07-23T10:46:58","guid":{"rendered":"https:\/\/www.agricolachiera.ch\/prodotto\/natives-olivenoel-extra-bio-5-l\/"},"modified":"2026-04-21T21:54:50","modified_gmt":"2026-04-21T21:54:50","slug":"natives-olivenoel-extra-bio-5-l","status":"publish","type":"product","link":"https:\/\/www.agricolachiera.ch\/de\/prodotto\/natives-olivenoel-extra-bio-5-l\/","title":{"rendered":"Natives Oliven\u00f6l Extra BIO 5 L"},"content":{"rendered":"<p>[et_pb_section fb_built=&#8220;1&#8243; _builder_version=&#8220;4.27.4&#8243; _module_preset=&#8220;default&#8220; global_colors_info=&#8220;{}&#8220;][\/et_pb_section][et_pb_section fb_built=&#8220;1&#8243; _builder_version=&#8220;4.16&#8243; custom_padding=&#8220;0px||||false|false&#8220; global_module=&#8220;650&#8243; saved_tabs=&#8220;all&#8220; global_colors_info=&#8220;{}&#8220;][et_pb_row _builder_version=&#8220;4.16&#8243; background_size=&#8220;initial&#8220; background_position=&#8220;top_left&#8220; background_repeat=&#8220;repeat&#8220; width=&#8220;100%&#8220; custom_padding=&#8220;0px||0px||false|false&#8220; global_colors_info=&#8220;{}&#8220;][et_pb_column type=&#8220;4_4&#8243; _builder_version=&#8220;4.16&#8243; custom_padding=&#8220;|||&#8220; global_colors_info=&#8220;{}&#8220; custom_padding__hover=&#8220;|||&#8220;][et_pb_wc_breadcrumb breadcrumb_home_url=&#8220;@ET-DC@eyJkeW5hbWljIjp0cnVlLCJjb250ZW50IjoicG9zdF9saW5rX3VybF9wYWdlIiwic2V0dGluZ3MiOnsicG9zdF9pZCI6IjUyOSJ9fQ==@&#8220; breadcrumb_separator=&#8220;&gt;&#8220; _builder_version=&#8220;4.27.4&#8243; _dynamic_attributes=&#8220;breadcrumb_home_url&#8220; body_font=&#8220;||on||||||&#8220; global_colors_info=&#8220;{}&#8220;][\/et_pb_wc_breadcrumb][et_pb_wc_cart_notice _builder_version=&#8220;4.27.4&#8243; title_font=&#8220;|600|||||||&#8220; title_text_color=&#8220;#5d6119&#8243; background_color=&#8220;rgba(124,218,36,0.18)&#8220; custom_button=&#8220;on&#8220; button_text_color=&#8220;#5d6119&#8243; button_bg_color=&#8220;rgba(237,240,0,0.7)&#8220; button_border_width=&#8220;1px&#8220; button_border_color=&#8220;rgba(224,153,0,0.55)&#8220; button_border_radius=&#8220;15px&#8220; button_font=&#8220;|600|||||||&#8220; text_orientation=&#8220;center&#8220; border_radii=&#8220;on|20px|20px|20px|20px&#8220; border_width_all=&#8220;1px&#8220; border_color_all=&#8220;#7cda24&#8243; box_shadow_style=&#8220;preset1&#8243; box_shadow_color=&#8220;rgba(124,218,36,0.65)&#8220; box_shadow_style_button=&#8220;preset1&#8243; box_shadow_color_button=&#8220;rgba(224,153,0,0.45)&#8220; global_colors_info=&#8220;{}&#8220;][\/et_pb_wc_cart_notice][\/et_pb_column][\/et_pb_row][et_pb_row column_structure=&#8220;1_2,1_2&#8243; _builder_version=&#8220;4.16&#8243; background_size=&#8220;initial&#8220; background_position=&#8220;top_left&#8220; background_repeat=&#8220;repeat&#8220; width=&#8220;100%&#8220; custom_padding=&#8220;0px||||false|false&#8220; global_colors_info=&#8220;{}&#8220;][et_pb_column type=&#8220;1_2&#8243; _builder_version=&#8220;4.16&#8243; custom_padding=&#8220;|||&#8220; global_colors_info=&#8220;{}&#8220; custom_padding__hover=&#8220;|||&#8220;][et_pb_wc_images sale_badge_color=&#8220;#ff6847&#8243; _builder_version=&#8220;4.27.6&#8243; sale_badge_font=&#8220;|600|on||||||&#8220; sale_badge_text_color=&#8220;#ffffff&#8220; border_radii_sale_badge=&#8220;on|15px|15px|15px|15px&#8220; box_shadow_style_sale_badge=&#8220;preset1&#8243; box_shadow_color_sale_badge=&#8220;#ff6847&#8243; global_colors_info=&#8220;{}&#8220;][\/et_pb_wc_images][\/et_pb_column][et_pb_column type=&#8220;1_2&#8243; _builder_version=&#8220;4.16&#8243; custom_padding=&#8220;|||&#8220; global_colors_info=&#8220;{}&#8220; custom_padding__hover=&#8220;|||&#8220;][et_pb_wc_title _builder_version=&#8220;4.27.4&#8243; header_font=&#8220;|600|||||||&#8220; global_colors_info=&#8220;{}&#8220;][\/et_pb_wc_title][et_pb_wc_rating _builder_version=&#8220;4.16&#8243; rating_text_color=&#8220;#51b47f&#8220; body_font=&#8220;||on||||||&#8220; body_text_color=&#8220;rgba(99,99,99,0.84)&#8220; global_colors_info=&#8220;{}&#8220;][\/et_pb_wc_rating][et_pb_wc_price _builder_version=&#8220;4.27.4&#8243; body_font=&#8220;|700|||||||&#8220; body_text_color=&#8220;#5d6119&#8243; body_font_size=&#8220;40px&#8220; before_sale_price_font=&#8220;||||||||&#8220; before_sale_price_text_color=&#8220;#ff0000&#8243; before_sale_price_font_size=&#8220;25px&#8220; sale_price_text_color=&#8220;#5d6119&#8243; sale_price_font_size=&#8220;40px&#8220; global_colors_info=&#8220;{}&#8220;][\/et_pb_wc_price][et_pb_wc_description _builder_version=&#8220;4.27.4&#8243; global_colors_info=&#8220;{}&#8220;][\/et_pb_wc_description][et_pb_wc_add_to_cart field_label_position=&#8220;inline&#8220; _builder_version=&#8220;4.27.4&#8243; fields_background_color=&#8220;rgba(237,240,0,0.7)&#8220; fields_text_color=&#8220;#000000&#8243; fields_focus_background_color=&#8220;rgba(124,218,36,0.3)&#8220; dropdown_menus_background_color=&#8220;#EDF000&#8243; dropdown_menus_text_color=&#8220;#000000&#8243; dropdown_menus_focus_background_color=&#8220;#7CDA24&#8243; dropdown_menus_custom_margin=&#8220;0px||||false|false&#8220; fields_font=&#8220;|700|||||||&#8220; fields_text_align=&#8220;center&#8220; fields_font_size=&#8220;25px&#8220; dropdown_menus_font=&#8220;|700||on|||||&#8220; dropdown_menus_font_size=&#8220;14px&#8220; custom_button=&#8220;on&#8220; button_text_size=&#8220;20px&#8220; button_text_color=&#8220;#5d6119&#8243; button_bg_color=&#8220;rgba(124,218,36,0.18)&#8220; button_border_width=&#8220;1px&#8220; button_border_color=&#8220;#7cda24&#8243; button_border_radius=&#8220;15px&#8220; button_font=&#8220;|700|||||||&#8220; button_icon=&#8220;&#x35;||divi||400&#8243; button_on_hover=&#8220;off&#8220; button_rel=&#8220;off|off|off|off|off&#8220; sticky_position=&#8220;top&#8220; border_radii_fields=&#8220;on|10px|10px|10px|10px&#8220; border_width_all_fields=&#8220;1px&#8220; border_color_all_fields=&#8220;rgba(224,153,0,0.62)&#8220; border_width_all_dropdown_menus=&#8220;1px&#8220; border_color_all_dropdown_menus=&#8220;#FF6847&#8243; box_shadow_style_dropdown_menus=&#8220;preset3&#8243; box_shadow_style_button=&#8220;preset1&#8243; box_shadow_color_button=&#8220;rgba(124,218,36,0.65)&#8220; global_colors_info=&#8220;{}&#8220; width__sticky_enabled=&#8220;off|sticky&#8220; width__sticky=&#8220;100%&#8220; max_width__sticky_enabled=&#8220;off|sticky&#8220; max_width__sticky=&#8220;100%&#8220; width__hover_enabled=&#8220;off|desktop&#8220;][\/et_pb_wc_add_to_cart][et_pb_wc_meta show_sku=&#8220;off&#8220; meta_layout=&#8220;stacked&#8220; _builder_version=&#8220;4.27.4&#8243; body_font=&#8220;||||||||&#8220; body_text_color=&#8220;#000000&#8243; body_font_size=&#8220;16px&#8220; link_text_color=&#8220;#379e17&#8243; global_colors_info=&#8220;{}&#8220;][\/et_pb_wc_meta][\/et_pb_column][\/et_pb_row][et_pb_row _builder_version=&#8220;4.16&#8243; background_size=&#8220;initial&#8220; background_position=&#8220;top_left&#8220; background_repeat=&#8220;repeat&#8220; width=&#8220;100%&#8220; global_colors_info=&#8220;{}&#8220;][et_pb_column type=&#8220;4_4&#8243; _builder_version=&#8220;4.16&#8243; custom_padding=&#8220;|||&#8220; global_colors_info=&#8220;{}&#8220; custom_padding__hover=&#8220;|||&#8220;][et_pb_wc_tabs active_tab_background_color=&#8220;rgba(124,218,36,0.18)&#8220; include_tabs=&#8220;description||&#8220; _builder_version=&#8220;4.27.4&#8243; body_font=&#8220;||||||||&#8220; body_text_align=&#8220;left&#8220; tab_font=&#8220;||||||||&#8220; global_colors_info=&#8220;{}&#8220;]\t\t\t\t\t[\/et_pb_wc_tabs][et_pb_wc_upsells sale_badge_color=&#8220;#FF6847&#8243; icon_hover_color=&#8220;#7CDA24&#8243; hover_overlay_color=&#8220;rgba(237,240,0,0.12)&#8220; show_rating=&#8220;off&#8220; _builder_version=&#8220;4.27.4&#8243; title_text_align=&#8220;center&#8220; product_title_font=&#8220;|600|||||||&#8220; product_title_text_align=&#8220;center&#8220; product_title_text_color=&#8220;#000000&#8243; product_title_line_height=&#8220;1.2em&#8220; price_font=&#8220;||||||||&#8220; price_text_align=&#8220;center&#8220; price_text_color=&#8220;#E02B20&#8243; sale_badge_font=&#8220;|700|on||||||&#8220; sale_badge_text_color=&#8220;#FFFFFF&#8220; sale_badge_font_size=&#8220;15px&#8220; sale_price_text_color=&#8220;#5d6119&#8243; sale_price_font_size=&#8220;20px&#8220; background_color=&#8220;RGBA(255,255,255,0)&#8220; box_shadow_style_sale_badge=&#8220;preset1&#8243; box_shadow_color_sale_badge=&#8220;#FF6847&#8243; global_colors_info=&#8220;{}&#8220;][\/et_pb_wc_upsells][et_pb_wc_related_products include_categories=&#8220;current&#8220; sale_badge_color=&#8220;#FF6847&#8243; icon_hover_color=&#8220;#0c4c09&#8243; hover_overlay_color=&#8220;RGBA(255,255,255,0)&#8220; hover_icon=&#8220;&#x50;||divi||400&#8243; show_rating=&#8220;off&#8220; _builder_version=&#8220;4.27.4&#8243; title_font=&#8220;|600|||||||&#8220; title_text_align=&#8220;center&#8220; title_text_color=&#8220;#000000&#8243; product_title_text_align=&#8220;center&#8220; product_title_font_size=&#8220;21px&#8220; product_title_line_height=&#8220;1.1em&#8220; price_font=&#8220;|600|||||||&#8220; price_text_color=&#8220;#000000&#8243; price_font_size=&#8220;20px&#8220; sale_badge_font=&#8220;|600|on||||||&#8220; sale_price_font=&#8220;|600|||||||&#8220; sale_price_text_color=&#8220;#000000&#8243; sale_price_font_size=&#8220;20px&#8220; background_color=&#8220;RGBA(255,255,255,0)&#8220; text_orientation=&#8220;center&#8220; border_radii_sale_badge=&#8220;on|15px|15px|15px|15px&#8220; box_shadow_style_sale_badge=&#8220;preset1&#8243; box_shadow_color_sale_badge=&#8220;#FF6847&#8243; global_colors_info=&#8220;{}&#8220;][\/et_pb_wc_related_products][\/et_pb_column][\/et_pb_row][\/et_pb_section]<\/p>\n","protected":false},"excerpt":{"rendered":"<p data-start=\"1560\" data-end=\"1678\">Aus kontrolliert biologischem Anbau gewonnen. Intensiver und reiner Geschmack, f\u00fcr alle, die Qualit\u00e4t und Respekt vor der Natur suchen. <\/p>\n<h3 data-start=\"1680\" data-end=\"1707\"><\/h3>\n","protected":false},"featured_media":2629,"comment_status":"open","ping_status":"closed","template":"","meta":{"_et_pb_use_builder":"on","_et_pb_old_content":"Unser BIO Natives Oliven\u00f6l Extra wird aus Olivenhainen gewonnen, die nach strengen biologischen Anbauprinzipien, ohne Pestizide oder Chemikalien, bewirtschaftet werden. Von Hand geerntet und sorgf\u00e4ltig verarbeitet, bietet es einen authentischen, leicht fruchtigen Geschmack mit einem perfekten Gleichgewicht von S\u00fc\u00dfe, Bitterkeit und Sch\u00e4rfe.<br data-start=\"2018\" data-end=\"2021\">Ideal f\u00fcr alle, die sich gesund ern\u00e4hren m\u00f6chten, ohne auf Geschmack zu verzichten, ist es perfekt roh auf jedem Gericht.<br data-start=\"2116\" data-end=\"2119\">Ein echtes, ethisches und intensiv gutes \u00d6l. ","_et_gb_content_width":""},"product_brand":[],"product_cat":[308,253,245],"product_tag":[339,309,248,247],"class_list":{"0":"post-3817","1":"product","2":"type-product","3":"status-publish","4":"has-post-thumbnail","6":"product_cat-bio","7":"product_cat-meistverkauftes-ol","8":"product_cat-ol","9":"product_tag-5lt","10":"product_tag-biologisch","11":"product_tag-extra-vergine","12":"product_tag-ol","14":"first","15":"instock","16":"shipping-taxable","17":"purchasable","18":"product-type-simple"},"yoast_head":"<!-- This site is optimized with the Yoast SEO plugin v27.4 - https:\/\/yoast.com\/product\/yoast-seo-wordpress\/ -->\n<title>Natives Oliven\u00f6l Extra BIO 5 L - Agricola Chiera<\/title>\n<meta name=\"robots\" content=\"index, follow, max-snippet:-1, max-image-preview:large, max-video-preview:-1\" \/>\n<link rel=\"canonical\" href=\"https:\/\/www.agricolachiera.ch\/de\/prodotto\/natives-olivenoel-extra-bio-5-l\/\" \/>\n<meta property=\"og:locale\" content=\"de_DE\" \/>\n<meta property=\"og:type\" content=\"article\" \/>\n<meta property=\"og:title\" content=\"Natives Oliven\u00f6l Extra BIO 5 L - Agricola Chiera\" \/>\n<meta property=\"og:description\" content=\"Aus kontrolliert biologischem Anbau gewonnen. Intensiver und reiner Geschmack, f\u00fcr alle, die Qualit\u00e4t und Respekt vor der Natur suchen.\" \/>\n<meta property=\"og:url\" content=\"https:\/\/www.agricolachiera.ch\/de\/prodotto\/natives-olivenoel-extra-bio-5-l\/\" \/>\n<meta property=\"og:site_name\" content=\"Agricola Chiera\" \/>\n<meta property=\"article:modified_time\" content=\"2026-04-21T21:54:50+00:00\" \/>\n<meta property=\"og:image\" content=\"https:\/\/www.agricolachiera.ch\/wp-content\/uploads\/2025\/07\/olio-extravergine-di-oliva-biologico-5lt-2.png\" \/>\n\t<meta property=\"og:image:width\" content=\"960\" \/>\n\t<meta property=\"og:image:height\" content=\"840\" \/>\n\t<meta property=\"og:image:type\" content=\"image\/png\" \/>\n<meta name=\"twitter:card\" content=\"summary_large_image\" \/>\n<meta name=\"twitter:label1\" content=\"Gesch\u00e4tzte Lesezeit\" \/>\n\t<meta name=\"twitter:data1\" content=\"5\u00a0Minuten\" \/>\n<script type=\"application\/ld+json\" class=\"yoast-schema-graph\">{\"@context\":\"https:\\\/\\\/schema.org\",\"@graph\":[{\"@type\":\"WebPage\",\"@id\":\"https:\\\/\\\/www.agricolachiera.ch\\\/de\\\/prodotto\\\/natives-olivenoel-extra-bio-5-l\\\/\",\"url\":\"https:\\\/\\\/www.agricolachiera.ch\\\/de\\\/prodotto\\\/natives-olivenoel-extra-bio-5-l\\\/\",\"name\":\"Natives Oliven\u00f6l Extra BIO 5 L - Agricola Chiera\",\"isPartOf\":{\"@id\":\"https:\\\/\\\/www.agricolachiera.ch\\\/de\\\/#website\"},\"primaryImageOfPage\":{\"@id\":\"https:\\\/\\\/www.agricolachiera.ch\\\/de\\\/prodotto\\\/natives-olivenoel-extra-bio-5-l\\\/#primaryimage\"},\"image\":{\"@id\":\"https:\\\/\\\/www.agricolachiera.ch\\\/de\\\/prodotto\\\/natives-olivenoel-extra-bio-5-l\\\/#primaryimage\"},\"thumbnailUrl\":\"https:\\\/\\\/www.agricolachiera.ch\\\/wp-content\\\/uploads\\\/2025\\\/07\\\/olio-extravergine-di-oliva-biologico-5lt-2.png\",\"datePublished\":\"2025-07-23T10:46:58+00:00\",\"dateModified\":\"2026-04-21T21:54:50+00:00\",\"breadcrumb\":{\"@id\":\"https:\\\/\\\/www.agricolachiera.ch\\\/de\\\/prodotto\\\/natives-olivenoel-extra-bio-5-l\\\/#breadcrumb\"},\"inLanguage\":\"de\",\"potentialAction\":[{\"@type\":\"ReadAction\",\"target\":[\"https:\\\/\\\/www.agricolachiera.ch\\\/de\\\/prodotto\\\/natives-olivenoel-extra-bio-5-l\\\/\"]}]},{\"@type\":\"ImageObject\",\"inLanguage\":\"de\",\"@id\":\"https:\\\/\\\/www.agricolachiera.ch\\\/de\\\/prodotto\\\/natives-olivenoel-extra-bio-5-l\\\/#primaryimage\",\"url\":\"https:\\\/\\\/www.agricolachiera.ch\\\/wp-content\\\/uploads\\\/2025\\\/07\\\/olio-extravergine-di-oliva-biologico-5lt-2.png\",\"contentUrl\":\"https:\\\/\\\/www.agricolachiera.ch\\\/wp-content\\\/uploads\\\/2025\\\/07\\\/olio-extravergine-di-oliva-biologico-5lt-2.png\",\"width\":960,\"height\":840},{\"@type\":\"BreadcrumbList\",\"@id\":\"https:\\\/\\\/www.agricolachiera.ch\\\/de\\\/prodotto\\\/natives-olivenoel-extra-bio-5-l\\\/#breadcrumb\",\"itemListElement\":[{\"@type\":\"ListItem\",\"position\":1,\"name\":\"Home\",\"item\":\"https:\\\/\\\/www.agricolachiera.ch\\\/de\\\/home\\\/\"},{\"@type\":\"ListItem\",\"position\":2,\"name\":\"Shop\",\"item\":\"https:\\\/\\\/www.agricolachiera.ch\\\/?page_id=529\"},{\"@type\":\"ListItem\",\"position\":3,\"name\":\"Natives Oliven\u00f6l Extra BIO 5 L\"}]},{\"@type\":\"WebSite\",\"@id\":\"https:\\\/\\\/www.agricolachiera.ch\\\/de\\\/#website\",\"url\":\"https:\\\/\\\/www.agricolachiera.ch\\\/de\\\/\",\"name\":\"Agricola Chiera\",\"description\":\"Dalle nostre terre alla tua tavola\",\"publisher\":{\"@id\":\"https:\\\/\\\/www.agricolachiera.ch\\\/de\\\/#organization\"},\"potentialAction\":[{\"@type\":\"SearchAction\",\"target\":{\"@type\":\"EntryPoint\",\"urlTemplate\":\"https:\\\/\\\/www.agricolachiera.ch\\\/de\\\/?s={search_term_string}\"},\"query-input\":{\"@type\":\"PropertyValueSpecification\",\"valueRequired\":true,\"valueName\":\"search_term_string\"}}],\"inLanguage\":\"de\"},{\"@type\":\"Organization\",\"@id\":\"https:\\\/\\\/www.agricolachiera.ch\\\/de\\\/#organization\",\"name\":\"Chiera Sagl\",\"alternateName\":\"Agricola Chiera\",\"url\":\"https:\\\/\\\/www.agricolachiera.ch\\\/de\\\/\",\"logo\":{\"@type\":\"ImageObject\",\"inLanguage\":\"de\",\"@id\":\"https:\\\/\\\/www.agricolachiera.ch\\\/de\\\/#\\\/schema\\\/logo\\\/image\\\/\",\"url\":\"https:\\\/\\\/www.agricolachiera.ch\\\/wp-content\\\/uploads\\\/2025\\\/08\\\/agricola-chiera-logo-con-sfondo.png\",\"contentUrl\":\"https:\\\/\\\/www.agricolachiera.ch\\\/wp-content\\\/uploads\\\/2025\\\/08\\\/agricola-chiera-logo-con-sfondo.png\",\"width\":1200,\"height\":675,\"caption\":\"Chiera Sagl\"},\"image\":{\"@id\":\"https:\\\/\\\/www.agricolachiera.ch\\\/de\\\/#\\\/schema\\\/logo\\\/image\\\/\"}}]}<\/script>\n<!-- \/ Yoast SEO plugin. -->","yoast_head_json":{"title":"Natives Oliven\u00f6l Extra BIO 5 L - Agricola Chiera","robots":{"index":"index","follow":"follow","max-snippet":"max-snippet:-1","max-image-preview":"max-image-preview:large","max-video-preview":"max-video-preview:-1"},"canonical":"https:\/\/www.agricolachiera.ch\/de\/prodotto\/natives-olivenoel-extra-bio-5-l\/","og_locale":"de_DE","og_type":"article","og_title":"Natives Oliven\u00f6l Extra BIO 5 L - Agricola Chiera","og_description":"Aus kontrolliert biologischem Anbau gewonnen. Intensiver und reiner Geschmack, f\u00fcr alle, die Qualit\u00e4t und Respekt vor der Natur suchen.","og_url":"https:\/\/www.agricolachiera.ch\/de\/prodotto\/natives-olivenoel-extra-bio-5-l\/","og_site_name":"Agricola Chiera","article_modified_time":"2026-04-21T21:54:50+00:00","og_image":[{"width":960,"height":840,"url":"https:\/\/www.agricolachiera.ch\/wp-content\/uploads\/2025\/07\/olio-extravergine-di-oliva-biologico-5lt-2.png","type":"image\/png"}],"twitter_card":"summary_large_image","twitter_misc":{"Gesch\u00e4tzte Lesezeit":"5\u00a0Minuten"},"schema":{"@context":"https:\/\/schema.org","@graph":[{"@type":"WebPage","@id":"https:\/\/www.agricolachiera.ch\/de\/prodotto\/natives-olivenoel-extra-bio-5-l\/","url":"https:\/\/www.agricolachiera.ch\/de\/prodotto\/natives-olivenoel-extra-bio-5-l\/","name":"Natives Oliven\u00f6l Extra BIO 5 L - Agricola Chiera","isPartOf":{"@id":"https:\/\/www.agricolachiera.ch\/de\/#website"},"primaryImageOfPage":{"@id":"https:\/\/www.agricolachiera.ch\/de\/prodotto\/natives-olivenoel-extra-bio-5-l\/#primaryimage"},"image":{"@id":"https:\/\/www.agricolachiera.ch\/de\/prodotto\/natives-olivenoel-extra-bio-5-l\/#primaryimage"},"thumbnailUrl":"https:\/\/www.agricolachiera.ch\/wp-content\/uploads\/2025\/07\/olio-extravergine-di-oliva-biologico-5lt-2.png","datePublished":"2025-07-23T10:46:58+00:00","dateModified":"2026-04-21T21:54:50+00:00","breadcrumb":{"@id":"https:\/\/www.agricolachiera.ch\/de\/prodotto\/natives-olivenoel-extra-bio-5-l\/#breadcrumb"},"inLanguage":"de","potentialAction":[{"@type":"ReadAction","target":["https:\/\/www.agricolachiera.ch\/de\/prodotto\/natives-olivenoel-extra-bio-5-l\/"]}]},{"@type":"ImageObject","inLanguage":"de","@id":"https:\/\/www.agricolachiera.ch\/de\/prodotto\/natives-olivenoel-extra-bio-5-l\/#primaryimage","url":"https:\/\/www.agricolachiera.ch\/wp-content\/uploads\/2025\/07\/olio-extravergine-di-oliva-biologico-5lt-2.png","contentUrl":"https:\/\/www.agricolachiera.ch\/wp-content\/uploads\/2025\/07\/olio-extravergine-di-oliva-biologico-5lt-2.png","width":960,"height":840},{"@type":"BreadcrumbList","@id":"https:\/\/www.agricolachiera.ch\/de\/prodotto\/natives-olivenoel-extra-bio-5-l\/#breadcrumb","itemListElement":[{"@type":"ListItem","position":1,"name":"Home","item":"https:\/\/www.agricolachiera.ch\/de\/home\/"},{"@type":"ListItem","position":2,"name":"Shop","item":"https:\/\/www.agricolachiera.ch\/?page_id=529"},{"@type":"ListItem","position":3,"name":"Natives Oliven\u00f6l Extra BIO 5 L"}]},{"@type":"WebSite","@id":"https:\/\/www.agricolachiera.ch\/de\/#website","url":"https:\/\/www.agricolachiera.ch\/de\/","name":"Agricola Chiera","description":"Dalle nostre terre alla tua tavola","publisher":{"@id":"https:\/\/www.agricolachiera.ch\/de\/#organization"},"potentialAction":[{"@type":"SearchAction","target":{"@type":"EntryPoint","urlTemplate":"https:\/\/www.agricolachiera.ch\/de\/?s={search_term_string}"},"query-input":{"@type":"PropertyValueSpecification","valueRequired":true,"valueName":"search_term_string"}}],"inLanguage":"de"},{"@type":"Organization","@id":"https:\/\/www.agricolachiera.ch\/de\/#organization","name":"Chiera Sagl","alternateName":"Agricola Chiera","url":"https:\/\/www.agricolachiera.ch\/de\/","logo":{"@type":"ImageObject","inLanguage":"de","@id":"https:\/\/www.agricolachiera.ch\/de\/#\/schema\/logo\/image\/","url":"https:\/\/www.agricolachiera.ch\/wp-content\/uploads\/2025\/08\/agricola-chiera-logo-con-sfondo.png","contentUrl":"https:\/\/www.agricolachiera.ch\/wp-content\/uploads\/2025\/08\/agricola-chiera-logo-con-sfondo.png","width":1200,"height":675,"caption":"Chiera Sagl"},"image":{"@id":"https:\/\/www.agricolachiera.ch\/de\/#\/schema\/logo\/image\/"}}]}},"_links":{"self":[{"href":"https:\/\/www.agricolachiera.ch\/de\/wp-json\/wp\/v2\/product\/3817","targetHints":{"allow":["GET"]}}],"collection":[{"href":"https:\/\/www.agricolachiera.ch\/de\/wp-json\/wp\/v2\/product"}],"about":[{"href":"https:\/\/www.agricolachiera.ch\/de\/wp-json\/wp\/v2\/types\/product"}],"replies":[{"embeddable":true,"href":"https:\/\/www.agricolachiera.ch\/de\/wp-json\/wp\/v2\/comments?post=3817"}],"wp:featuredmedia":[{"embeddable":true,"href":"https:\/\/www.agricolachiera.ch\/de\/wp-json\/wp\/v2\/media\/2629"}],"wp:attachment":[{"href":"https:\/\/www.agricolachiera.ch\/de\/wp-json\/wp\/v2\/media?parent=3817"}],"wp:term":[{"taxonomy":"product_brand","embeddable":true,"href":"https:\/\/www.agricolachiera.ch\/de\/wp-json\/wp\/v2\/product_brand?post=3817"},{"taxonomy":"product_cat","embeddable":true,"href":"https:\/\/www.agricolachiera.ch\/de\/wp-json\/wp\/v2\/product_cat?post=3817"},{"taxonomy":"product_tag","embeddable":true,"href":"https:\/\/www.agricolachiera.ch\/de\/wp-json\/wp\/v2\/product_tag?post=3817"}],"curies":[{"name":"wp","href":"https:\/\/api.w.org\/{rel}","templated":true}]}}