{"id":3710,"date":"2025-07-24T07:05:40","date_gmt":"2025-07-24T07:05:40","guid":{"rendered":"https:\/\/www.agricolachiera.ch\/prodotto\/primitivo-del-salento-igt-eros\/"},"modified":"2025-07-24T07:05:40","modified_gmt":"2025-07-24T07:05:40","slug":"primitivo-del-salento-igt-eros","status":"publish","type":"product","link":"https:\/\/www.agricolachiera.ch\/de\/prodotto\/primitivo-del-salento-igt-eros\/","title":{"rendered":"Primitivo del Salento IGT &#8211; EROS"},"content":{"rendered":"","protected":false},"excerpt":{"rendered":"<p>Ein intensiver, vollmundiger und s\u00fc\u00dfer Wein, ein Symbol des Salento.<br \/>\nNoten von roten Fr\u00fcchten und Gew\u00fcrzen, perfekt f\u00fcr alle, die entschlossene und einh\u00fcllende Rotweine lieben.<\/p>\n","protected":false},"featured_media":2858,"comment_status":"open","ping_status":"closed","template":"","meta":{"_et_pb_use_builder":"on","_et_pb_old_content":"Unser <strong data-start=\"337\" data-end=\"366\">Primitivo del Salento IGT<\/strong> wird aus Trauben hergestellt, die in den am meisten berufenen Gebieten des Salento angebaut werden, wo Sonne und gro\u00dfz\u00fcgige B\u00f6den f\u00fcr reiche und konzentrierte Trauben sorgen. Er hat eine tief rubinrote Farbe und verstr\u00f6mt Aromen von reifen Kirschen, Pflaumen, Lakritze und Gew\u00fcrzen.<br data-start=\"590\" data-end=\"593\">Am Gaumen ist er vollmundig, weich, mit runden Tanninen und einem langen, anhaltenden Abgang.<br data-start=\"673\" data-end=\"676\">Perfekt zu gegrilltem Fleisch, Braten, reifem K\u00e4se oder allein genossen f\u00fcr einen Moment des authentischen Genusses.<br data-start=\"795\" data-end=\"798\">Ein gro\u00dfer Klassiker des S\u00fcdens, der Schluck f\u00fcr Schluck wiederentdeckt werden sollte. ","_et_gb_content_width":""},"product_brand":[],"product_cat":[172,152],"product_tag":[155,174,173,225],"class_list":{"0":"post-3710","1":"product","2":"type-product","3":"status-publish","4":"has-post-thumbnail","6":"product_cat-rot","7":"product_cat-wein","8":"product_tag-igt","9":"product_tag-primitiv","10":"product_tag-rot","11":"product_tag-wein","13":"first","14":"instock","15":"shipping-taxable","16":"purchasable","17":"product-type-simple"},"yoast_head":"<!-- This site is optimized with the Yoast SEO plugin v27.4 - https:\/\/yoast.com\/product\/yoast-seo-wordpress\/ -->\n<title>Primitivo del Salento IGT - EROS - Agricola Chiera<\/title>\n<meta name=\"robots\" content=\"index, follow, max-snippet:-1, max-image-preview:large, max-video-preview:-1\" \/>\n<link rel=\"canonical\" href=\"https:\/\/www.agricolachiera.ch\/de\/prodotto\/primitivo-del-salento-igt-eros\/\" \/>\n<meta property=\"og:locale\" content=\"de_DE\" \/>\n<meta property=\"og:type\" content=\"article\" \/>\n<meta property=\"og:title\" content=\"Primitivo del Salento IGT - EROS - Agricola Chiera\" \/>\n<meta property=\"og:description\" content=\"Ein intensiver, vollmundiger und s\u00fc\u00dfer Wein, ein Symbol des Salento. Noten von roten Fr\u00fcchten und Gew\u00fcrzen, perfekt f\u00fcr alle, die entschlossene und einh\u00fcllende Rotweine lieben.\" \/>\n<meta property=\"og:url\" content=\"https:\/\/www.agricolachiera.ch\/de\/prodotto\/primitivo-del-salento-igt-eros\/\" \/>\n<meta property=\"og:site_name\" content=\"Agricola Chiera\" \/>\n<meta property=\"og:image\" content=\"https:\/\/www.agricolachiera.ch\/wp-content\/uploads\/2026\/04\/agricola-chiera-vino-rosso-primitivo-igp-2.png\" \/>\n\t<meta property=\"og:image:width\" content=\"960\" \/>\n\t<meta property=\"og:image:height\" content=\"840\" \/>\n\t<meta property=\"og:image:type\" content=\"image\/png\" \/>\n<meta name=\"twitter:card\" content=\"summary_large_image\" \/>\n<script type=\"application\/ld+json\" class=\"yoast-schema-graph\">{\"@context\":\"https:\\\/\\\/schema.org\",\"@graph\":[{\"@type\":\"WebPage\",\"@id\":\"https:\\\/\\\/www.agricolachiera.ch\\\/de\\\/prodotto\\\/primitivo-del-salento-igt-eros\\\/\",\"url\":\"https:\\\/\\\/www.agricolachiera.ch\\\/de\\\/prodotto\\\/primitivo-del-salento-igt-eros\\\/\",\"name\":\"Primitivo del Salento IGT - EROS - Agricola Chiera\",\"isPartOf\":{\"@id\":\"https:\\\/\\\/www.agricolachiera.ch\\\/de\\\/#website\"},\"primaryImageOfPage\":{\"@id\":\"https:\\\/\\\/www.agricolachiera.ch\\\/de\\\/prodotto\\\/primitivo-del-salento-igt-eros\\\/#primaryimage\"},\"image\":{\"@id\":\"https:\\\/\\\/www.agricolachiera.ch\\\/de\\\/prodotto\\\/primitivo-del-salento-igt-eros\\\/#primaryimage\"},\"thumbnailUrl\":\"https:\\\/\\\/www.agricolachiera.ch\\\/wp-content\\\/uploads\\\/2026\\\/04\\\/agricola-chiera-vino-rosso-primitivo-igp-2.png\",\"datePublished\":\"2025-07-24T07:05:40+00:00\",\"breadcrumb\":{\"@id\":\"https:\\\/\\\/www.agricolachiera.ch\\\/de\\\/prodotto\\\/primitivo-del-salento-igt-eros\\\/#breadcrumb\"},\"inLanguage\":\"de\",\"potentialAction\":[{\"@type\":\"ReadAction\",\"target\":[\"https:\\\/\\\/www.agricolachiera.ch\\\/de\\\/prodotto\\\/primitivo-del-salento-igt-eros\\\/\"]}]},{\"@type\":\"ImageObject\",\"inLanguage\":\"de\",\"@id\":\"https:\\\/\\\/www.agricolachiera.ch\\\/de\\\/prodotto\\\/primitivo-del-salento-igt-eros\\\/#primaryimage\",\"url\":\"https:\\\/\\\/www.agricolachiera.ch\\\/wp-content\\\/uploads\\\/2026\\\/04\\\/agricola-chiera-vino-rosso-primitivo-igp-2.png\",\"contentUrl\":\"https:\\\/\\\/www.agricolachiera.ch\\\/wp-content\\\/uploads\\\/2026\\\/04\\\/agricola-chiera-vino-rosso-primitivo-igp-2.png\",\"width\":960,\"height\":840},{\"@type\":\"BreadcrumbList\",\"@id\":\"https:\\\/\\\/www.agricolachiera.ch\\\/de\\\/prodotto\\\/primitivo-del-salento-igt-eros\\\/#breadcrumb\",\"itemListElement\":[{\"@type\":\"ListItem\",\"position\":1,\"name\":\"Home\",\"item\":\"https:\\\/\\\/www.agricolachiera.ch\\\/de\\\/home\\\/\"},{\"@type\":\"ListItem\",\"position\":2,\"name\":\"Shop\",\"item\":\"https:\\\/\\\/www.agricolachiera.ch\\\/?page_id=529\"},{\"@type\":\"ListItem\",\"position\":3,\"name\":\"Primitivo del Salento IGT &#8211; EROS\"}]},{\"@type\":\"WebSite\",\"@id\":\"https:\\\/\\\/www.agricolachiera.ch\\\/de\\\/#website\",\"url\":\"https:\\\/\\\/www.agricolachiera.ch\\\/de\\\/\",\"name\":\"Agricola Chiera\",\"description\":\"Dalle nostre terre alla tua tavola\",\"publisher\":{\"@id\":\"https:\\\/\\\/www.agricolachiera.ch\\\/de\\\/#organization\"},\"potentialAction\":[{\"@type\":\"SearchAction\",\"target\":{\"@type\":\"EntryPoint\",\"urlTemplate\":\"https:\\\/\\\/www.agricolachiera.ch\\\/de\\\/?s={search_term_string}\"},\"query-input\":{\"@type\":\"PropertyValueSpecification\",\"valueRequired\":true,\"valueName\":\"search_term_string\"}}],\"inLanguage\":\"de\"},{\"@type\":\"Organization\",\"@id\":\"https:\\\/\\\/www.agricolachiera.ch\\\/de\\\/#organization\",\"name\":\"Chiera Sagl\",\"alternateName\":\"Agricola Chiera\",\"url\":\"https:\\\/\\\/www.agricolachiera.ch\\\/de\\\/\",\"logo\":{\"@type\":\"ImageObject\",\"inLanguage\":\"de\",\"@id\":\"https:\\\/\\\/www.agricolachiera.ch\\\/de\\\/#\\\/schema\\\/logo\\\/image\\\/\",\"url\":\"https:\\\/\\\/www.agricolachiera.ch\\\/wp-content\\\/uploads\\\/2025\\\/08\\\/agricola-chiera-logo-con-sfondo.png\",\"contentUrl\":\"https:\\\/\\\/www.agricolachiera.ch\\\/wp-content\\\/uploads\\\/2025\\\/08\\\/agricola-chiera-logo-con-sfondo.png\",\"width\":1200,\"height\":675,\"caption\":\"Chiera Sagl\"},\"image\":{\"@id\":\"https:\\\/\\\/www.agricolachiera.ch\\\/de\\\/#\\\/schema\\\/logo\\\/image\\\/\"}}]}<\/script>\n<!-- \/ Yoast SEO plugin. -->","yoast_head_json":{"title":"Primitivo del Salento IGT - EROS - Agricola Chiera","robots":{"index":"index","follow":"follow","max-snippet":"max-snippet:-1","max-image-preview":"max-image-preview:large","max-video-preview":"max-video-preview:-1"},"canonical":"https:\/\/www.agricolachiera.ch\/de\/prodotto\/primitivo-del-salento-igt-eros\/","og_locale":"de_DE","og_type":"article","og_title":"Primitivo del Salento IGT - EROS - Agricola Chiera","og_description":"Ein intensiver, vollmundiger und s\u00fc\u00dfer Wein, ein Symbol des Salento. Noten von roten Fr\u00fcchten und Gew\u00fcrzen, perfekt f\u00fcr alle, die entschlossene und einh\u00fcllende Rotweine lieben.","og_url":"https:\/\/www.agricolachiera.ch\/de\/prodotto\/primitivo-del-salento-igt-eros\/","og_site_name":"Agricola Chiera","og_image":[{"width":960,"height":840,"url":"https:\/\/www.agricolachiera.ch\/wp-content\/uploads\/2026\/04\/agricola-chiera-vino-rosso-primitivo-igp-2.png","type":"image\/png"}],"twitter_card":"summary_large_image","schema":{"@context":"https:\/\/schema.org","@graph":[{"@type":"WebPage","@id":"https:\/\/www.agricolachiera.ch\/de\/prodotto\/primitivo-del-salento-igt-eros\/","url":"https:\/\/www.agricolachiera.ch\/de\/prodotto\/primitivo-del-salento-igt-eros\/","name":"Primitivo del Salento IGT - EROS - Agricola Chiera","isPartOf":{"@id":"https:\/\/www.agricolachiera.ch\/de\/#website"},"primaryImageOfPage":{"@id":"https:\/\/www.agricolachiera.ch\/de\/prodotto\/primitivo-del-salento-igt-eros\/#primaryimage"},"image":{"@id":"https:\/\/www.agricolachiera.ch\/de\/prodotto\/primitivo-del-salento-igt-eros\/#primaryimage"},"thumbnailUrl":"https:\/\/www.agricolachiera.ch\/wp-content\/uploads\/2026\/04\/agricola-chiera-vino-rosso-primitivo-igp-2.png","datePublished":"2025-07-24T07:05:40+00:00","breadcrumb":{"@id":"https:\/\/www.agricolachiera.ch\/de\/prodotto\/primitivo-del-salento-igt-eros\/#breadcrumb"},"inLanguage":"de","potentialAction":[{"@type":"ReadAction","target":["https:\/\/www.agricolachiera.ch\/de\/prodotto\/primitivo-del-salento-igt-eros\/"]}]},{"@type":"ImageObject","inLanguage":"de","@id":"https:\/\/www.agricolachiera.ch\/de\/prodotto\/primitivo-del-salento-igt-eros\/#primaryimage","url":"https:\/\/www.agricolachiera.ch\/wp-content\/uploads\/2026\/04\/agricola-chiera-vino-rosso-primitivo-igp-2.png","contentUrl":"https:\/\/www.agricolachiera.ch\/wp-content\/uploads\/2026\/04\/agricola-chiera-vino-rosso-primitivo-igp-2.png","width":960,"height":840},{"@type":"BreadcrumbList","@id":"https:\/\/www.agricolachiera.ch\/de\/prodotto\/primitivo-del-salento-igt-eros\/#breadcrumb","itemListElement":[{"@type":"ListItem","position":1,"name":"Home","item":"https:\/\/www.agricolachiera.ch\/de\/home\/"},{"@type":"ListItem","position":2,"name":"Shop","item":"https:\/\/www.agricolachiera.ch\/?page_id=529"},{"@type":"ListItem","position":3,"name":"Primitivo del Salento IGT &#8211; EROS"}]},{"@type":"WebSite","@id":"https:\/\/www.agricolachiera.ch\/de\/#website","url":"https:\/\/www.agricolachiera.ch\/de\/","name":"Agricola Chiera","description":"Dalle nostre terre alla tua tavola","publisher":{"@id":"https:\/\/www.agricolachiera.ch\/de\/#organization"},"potentialAction":[{"@type":"SearchAction","target":{"@type":"EntryPoint","urlTemplate":"https:\/\/www.agricolachiera.ch\/de\/?s={search_term_string}"},"query-input":{"@type":"PropertyValueSpecification","valueRequired":true,"valueName":"search_term_string"}}],"inLanguage":"de"},{"@type":"Organization","@id":"https:\/\/www.agricolachiera.ch\/de\/#organization","name":"Chiera Sagl","alternateName":"Agricola Chiera","url":"https:\/\/www.agricolachiera.ch\/de\/","logo":{"@type":"ImageObject","inLanguage":"de","@id":"https:\/\/www.agricolachiera.ch\/de\/#\/schema\/logo\/image\/","url":"https:\/\/www.agricolachiera.ch\/wp-content\/uploads\/2025\/08\/agricola-chiera-logo-con-sfondo.png","contentUrl":"https:\/\/www.agricolachiera.ch\/wp-content\/uploads\/2025\/08\/agricola-chiera-logo-con-sfondo.png","width":1200,"height":675,"caption":"Chiera Sagl"},"image":{"@id":"https:\/\/www.agricolachiera.ch\/de\/#\/schema\/logo\/image\/"}}]}},"_links":{"self":[{"href":"https:\/\/www.agricolachiera.ch\/de\/wp-json\/wp\/v2\/product\/3710","targetHints":{"allow":["GET"]}}],"collection":[{"href":"https:\/\/www.agricolachiera.ch\/de\/wp-json\/wp\/v2\/product"}],"about":[{"href":"https:\/\/www.agricolachiera.ch\/de\/wp-json\/wp\/v2\/types\/product"}],"replies":[{"embeddable":true,"href":"https:\/\/www.agricolachiera.ch\/de\/wp-json\/wp\/v2\/comments?post=3710"}],"wp:featuredmedia":[{"embeddable":true,"href":"https:\/\/www.agricolachiera.ch\/de\/wp-json\/wp\/v2\/media\/2858"}],"wp:attachment":[{"href":"https:\/\/www.agricolachiera.ch\/de\/wp-json\/wp\/v2\/media?parent=3710"}],"wp:term":[{"taxonomy":"product_brand","embeddable":true,"href":"https:\/\/www.agricolachiera.ch\/de\/wp-json\/wp\/v2\/product_brand?post=3710"},{"taxonomy":"product_cat","embeddable":true,"href":"https:\/\/www.agricolachiera.ch\/de\/wp-json\/wp\/v2\/product_cat?post=3710"},{"taxonomy":"product_tag","embeddable":true,"href":"https:\/\/www.agricolachiera.ch\/de\/wp-json\/wp\/v2\/product_tag?post=3710"}],"curies":[{"name":"wp","href":"https:\/\/api.w.org\/{rel}","templated":true}]}}