{"id":3495,"date":"2026-04-13T19:11:26","date_gmt":"2026-04-13T19:11:26","guid":{"rendered":"https:\/\/www.agricolachiera.ch\/prodotto\/evo-garda-05-l-souvenir\/"},"modified":"2026-04-21T20:41:33","modified_gmt":"2026-04-21T20:41:33","slug":"evo-garda-05-l-souvenir","status":"publish","type":"product","link":"https:\/\/www.agricolachiera.ch\/de\/prodotto\/evo-garda-05-l-souvenir\/","title":{"rendered":"EVO GARDA 0,5 L SOUVENIR"},"content":{"rendered":"<p>[et_pb_section fb_built=&#8220;1&#8243; _builder_version=&#8220;4.27.4&#8243; _module_preset=&#8220;default&#8220; global_colors_info=&#8220;{}&#8220;][\/et_pb_section][et_pb_section fb_built=&#8220;1&#8243; _builder_version=&#8220;4.16&#8243; custom_padding=&#8220;0px||||false|false&#8220; global_module=&#8220;650&#8243; saved_tabs=&#8220;all&#8220; global_colors_info=&#8220;{}&#8220;][et_pb_row _builder_version=&#8220;4.16&#8243; background_size=&#8220;initial&#8220; background_position=&#8220;top_left&#8220; background_repeat=&#8220;repeat&#8220; width=&#8220;100%&#8220; custom_padding=&#8220;0px||0px||false|false&#8220; global_colors_info=&#8220;{}&#8220;][et_pb_column type=&#8220;4_4&#8243; _builder_version=&#8220;4.16&#8243; custom_padding=&#8220;|||&#8220; global_colors_info=&#8220;{}&#8220; custom_padding__hover=&#8220;|||&#8220;][et_pb_wc_breadcrumb breadcrumb_home_url=&#8220;@ET-DC@eyJkeW5hbWljIjp0cnVlLCJjb250ZW50IjoicG9zdF9saW5rX3VybF9wYWdlIiwic2V0dGluZ3MiOnsicG9zdF9pZCI6IjUyOSJ9fQ==@&#8220; breadcrumb_separator=&#8220;&gt;&#8220; _builder_version=&#8220;4.27.4&#8243; _dynamic_attributes=&#8220;breadcrumb_home_url&#8220; body_font=&#8220;||on||||||&#8220; global_colors_info=&#8220;{}&#8220;][\/et_pb_wc_breadcrumb][et_pb_wc_cart_notice _builder_version=&#8220;4.27.4&#8243; title_font=&#8220;|600|||||||&#8220; title_text_color=&#8220;#5d6119&#8243; background_color=&#8220;rgba(124,218,36,0.18)&#8220; custom_button=&#8220;on&#8220; button_text_color=&#8220;#5d6119&#8243; button_bg_color=&#8220;rgba(237,240,0,0.7)&#8220; button_border_width=&#8220;1px&#8220; button_border_color=&#8220;rgba(224,153,0,0.55)&#8220; button_border_radius=&#8220;15px&#8220; button_font=&#8220;|600|||||||&#8220; text_orientation=&#8220;center&#8220; border_radii=&#8220;on|20px|20px|20px|20px&#8220; border_width_all=&#8220;1px&#8220; border_color_all=&#8220;#7cda24&#8243; box_shadow_style=&#8220;preset1&#8243; box_shadow_color=&#8220;rgba(124,218,36,0.65)&#8220; box_shadow_style_button=&#8220;preset1&#8243; box_shadow_color_button=&#8220;rgba(224,153,0,0.45)&#8220; global_colors_info=&#8220;{}&#8220;][\/et_pb_wc_cart_notice][\/et_pb_column][\/et_pb_row][et_pb_row column_structure=&#8220;1_2,1_2&#8243; _builder_version=&#8220;4.16&#8243; background_size=&#8220;initial&#8220; background_position=&#8220;top_left&#8220; background_repeat=&#8220;repeat&#8220; width=&#8220;100%&#8220; custom_padding=&#8220;0px||||false|false&#8220; global_colors_info=&#8220;{}&#8220;][et_pb_column type=&#8220;1_2&#8243; _builder_version=&#8220;4.16&#8243; custom_padding=&#8220;|||&#8220; global_colors_info=&#8220;{}&#8220; custom_padding__hover=&#8220;|||&#8220;][et_pb_wc_images sale_badge_color=&#8220;#ff6847&#8243; _builder_version=&#8220;4.27.4&#8243; sale_badge_font=&#8220;|600|on||||||&#8220; sale_badge_text_color=&#8220;#ffffff&#8220; border_radii_sale_badge=&#8220;on|15px|15px|15px|15px&#8220; box_shadow_style_sale_badge=&#8220;preset1&#8243; box_shadow_color_sale_badge=&#8220;#ff6847&#8243; global_colors_info=&#8220;{}&#8220;][\/et_pb_wc_images][\/et_pb_column][et_pb_column type=&#8220;1_2&#8243; _builder_version=&#8220;4.16&#8243; custom_padding=&#8220;|||&#8220; global_colors_info=&#8220;{}&#8220; custom_padding__hover=&#8220;|||&#8220;][et_pb_wc_title _builder_version=&#8220;4.27.4&#8243; header_font=&#8220;|600|||||||&#8220; global_colors_info=&#8220;{}&#8220;][\/et_pb_wc_title][et_pb_wc_rating _builder_version=&#8220;4.16&#8243; rating_text_color=&#8220;#51b47f&#8220; body_font=&#8220;||on||||||&#8220; body_text_color=&#8220;rgba(99,99,99,0.84)&#8220; global_colors_info=&#8220;{}&#8220;][\/et_pb_wc_rating][et_pb_wc_price _builder_version=&#8220;4.27.4&#8243; body_font=&#8220;|700|||||||&#8220; body_text_color=&#8220;#5d6119&#8243; body_font_size=&#8220;40px&#8220; before_sale_price_font=&#8220;||||||||&#8220; before_sale_price_text_color=&#8220;#ff0000&#8243; before_sale_price_font_size=&#8220;25px&#8220; sale_price_text_color=&#8220;#5d6119&#8243; sale_price_font_size=&#8220;40px&#8220; global_colors_info=&#8220;{}&#8220;][\/et_pb_wc_price][et_pb_wc_description _builder_version=&#8220;4.27.4&#8243; global_colors_info=&#8220;{}&#8220;][\/et_pb_wc_description][et_pb_wc_add_to_cart field_label_position=&#8220;inline&#8220; _builder_version=&#8220;4.27.4&#8243; fields_background_color=&#8220;rgba(237,240,0,0.7)&#8220; fields_text_color=&#8220;#000000&#8243; fields_focus_background_color=&#8220;rgba(124,218,36,0.3)&#8220; dropdown_menus_background_color=&#8220;#EDF000&#8243; dropdown_menus_text_color=&#8220;#000000&#8243; dropdown_menus_focus_background_color=&#8220;#7CDA24&#8243; dropdown_menus_custom_margin=&#8220;0px||||false|false&#8220; fields_font=&#8220;|700|||||||&#8220; fields_text_align=&#8220;center&#8220; fields_font_size=&#8220;25px&#8220; dropdown_menus_font=&#8220;|700||on|||||&#8220; dropdown_menus_font_size=&#8220;14px&#8220; custom_button=&#8220;on&#8220; button_text_size=&#8220;20px&#8220; button_text_color=&#8220;#5d6119&#8243; button_bg_color=&#8220;rgba(124,218,36,0.18)&#8220; button_border_width=&#8220;1px&#8220; button_border_color=&#8220;#7cda24&#8243; button_border_radius=&#8220;15px&#8220; button_font=&#8220;|700|||||||&#8220; button_icon=&#8220;5||divi||400&#8243; button_on_hover=&#8220;off&#8220; button_rel=&#8220;off|off|off|off|off&#8220; sticky_position=&#8220;top&#8220; border_radii_fields=&#8220;on|10px|10px|10px|10px&#8220; border_width_all_fields=&#8220;1px&#8220; border_color_all_fields=&#8220;rgba(224,153,0,0.62)&#8220; border_width_all_dropdown_menus=&#8220;1px&#8220; border_color_all_dropdown_menus=&#8220;#FF6847&#8243; box_shadow_style_dropdown_menus=&#8220;preset3&#8243; box_shadow_style_button=&#8220;preset1&#8243; box_shadow_color_button=&#8220;rgba(124,218,36,0.65)&#8220; global_colors_info=&#8220;{}&#8220; width__sticky_enabled=&#8220;off|sticky&#8220; width__sticky=&#8220;100%&#8220; max_width__sticky_enabled=&#8220;off|sticky&#8220; max_width__sticky=&#8220;100%&#8220; width__hover_enabled=&#8220;off|desktop&#8220;][\/et_pb_wc_add_to_cart][et_pb_wc_meta show_sku=&#8220;off&#8220; meta_layout=&#8220;stacked&#8220; _builder_version=&#8220;4.27.4&#8243; body_font=&#8220;||||||||&#8220; body_text_color=&#8220;#000000&#8243; body_font_size=&#8220;16px&#8220; link_text_color=&#8220;#379e17&#8243; global_colors_info=&#8220;{}&#8220;][\/et_pb_wc_meta][\/et_pb_column][\/et_pb_row][et_pb_row _builder_version=&#8220;4.16&#8243; background_size=&#8220;initial&#8220; background_position=&#8220;top_left&#8220; background_repeat=&#8220;repeat&#8220; width=&#8220;100%&#8220; global_colors_info=&#8220;{}&#8220;][et_pb_column type=&#8220;4_4&#8243; _builder_version=&#8220;4.16&#8243; custom_padding=&#8220;|||&#8220; global_colors_info=&#8220;{}&#8220; custom_padding__hover=&#8220;|||&#8220;][et_pb_wc_tabs active_tab_background_color=&#8220;rgba(124,218,36,0.18)&#8220; include_tabs=&#8220;description||&#8220; _builder_version=&#8220;4.27.4&#8243; body_font=&#8220;||||||||&#8220; body_text_align=&#8220;left&#8220; tab_font=&#8220;||||||||&#8220; global_colors_info=&#8220;{}&#8220;] [\/et_pb_wc_tabs][et_pb_wc_upsells sale_badge_color=&#8220;#FF6847&#8243; icon_hover_color=&#8220;#7CDA24&#8243; hover_overlay_color=&#8220;rgba(237,240,0,0.12)&#8220; show_rating=&#8220;off&#8220; _builder_version=&#8220;4.27.4&#8243; title_text_align=&#8220;center&#8220; product_title_font=&#8220;|600|||||||&#8220; product_title_text_align=&#8220;center&#8220; product_title_text_color=&#8220;#000000&#8243; product_title_line_height=&#8220;1.2em&#8220; price_font=&#8220;||||||||&#8220; price_text_align=&#8220;center&#8220; price_text_color=&#8220;#E02B20&#8243; sale_badge_font=&#8220;|700|on||||||&#8220; sale_badge_text_color=&#8220;#FFFFFF&#8220; sale_badge_font_size=&#8220;15px&#8220; sale_price_text_color=&#8220;#5d6119&#8243; sale_price_font_size=&#8220;20px&#8220; background_color=&#8220;RGBA(255,255,255,0)&#8220; box_shadow_style_sale_badge=&#8220;preset1&#8243; box_shadow_color_sale_badge=&#8220;#FF6847&#8243; global_colors_info=&#8220;{}&#8220;][\/et_pb_wc_upsells][et_pb_wc_related_products include_categories=&#8220;current&#8220; sale_badge_color=&#8220;#FF6847&#8243; icon_hover_color=&#8220;#0c4c09&#8243; hover_overlay_color=&#8220;RGBA(255,255,255,0)&#8220; hover_icon=&#8220;P||divi||400&#8243; show_rating=&#8220;off&#8220; _builder_version=&#8220;4.27.4&#8243; title_font=&#8220;|600|||||||&#8220; title_text_align=&#8220;center&#8220; title_text_color=&#8220;#000000&#8243; product_title_text_align=&#8220;center&#8220; product_title_font_size=&#8220;21px&#8220; product_title_line_height=&#8220;1.1em&#8220; price_font=&#8220;|600|||||||&#8220; price_text_color=&#8220;#000000&#8243; price_font_size=&#8220;20px&#8220; sale_badge_font=&#8220;|600|on||||||&#8220; sale_price_font=&#8220;|600|||||||&#8220; sale_price_text_color=&#8220;#000000&#8243; sale_price_font_size=&#8220;20px&#8220; background_color=&#8220;RGBA(255,255,255,0)&#8220; text_orientation=&#8220;center&#8220; border_radii_sale_badge=&#8220;on|15px|15px|15px|15px&#8220; box_shadow_style_sale_badge=&#8220;preset1&#8243; box_shadow_color_sale_badge=&#8220;#FF6847&#8243; global_colors_info=&#8220;{}&#8220;][\/et_pb_wc_related_products][\/et_pb_column][\/et_pb_row][\/et_pb_section]<\/p>\n","protected":false},"excerpt":{"rendered":"<p data-start=\"147\" data-end=\"418\"><span style=\"color: #000000;\">Natives Oliven\u00f6l extra 100% italienisch, kaltgepresst am Gardasee in der k\u00f6stlichen schwarzen Halbliterflasche. Mittelfruchtiges Profil, mit eleganten Noten von Mandeln und leichten Kr\u00e4uternuancen. Der Geschmack ist harmonisch und delikat, mit m\u00e4\u00dfiger Bitterkeit und Sch\u00e4rfe. Ideal roh zu Fisch, Gem\u00fcse und raffinierten Gerichten.   <\/span><\/p>\n","protected":false},"featured_media":2681,"comment_status":"open","ping_status":"closed","template":"","meta":{"_et_pb_use_builder":"on","_et_pb_old_content":"<p data-start=\"453\" data-end=\"728\"><span style=\"color: #000000\">Das Native Oliven\u00f6l Extra Garda wird in unserer \u00d6lm\u00fchle in Lonato del Garda hergestellt, in einem einzigartigen Gebiet, in dem das milde Seeklima die Produktion von hoher Qualit\u00e4t beg\u00fcnstigt. Die Oliven werden sorgf\u00e4ltig verarbeitet, um Frische, Duft und nat\u00fcrliche Eigenschaften zu bewahren. <\/span><span style=\"color: #000000\">Er zeichnet sich durch ein mittelfruchtiges Profil aus, mit eleganten Noten von Mandeln und leichten Kr\u00e4uternuancen, die seine Finesse unterstreichen. Am Gaumen ist er harmonisch, ausgewogen und delikat, mit m\u00e4\u00dfiger Bitterkeit und Sch\u00e4rfe. Er ist roh ideal zu Fisch, Gem\u00fcse und raffinierten Gerichten und unterstreicht deren Aromen mit Ausgewogenheit.<\/span><\/p>","_et_gb_content_width":""},"product_brand":[],"product_cat":[262,245],"product_tag":[264,248,265,247,263],"class_list":{"0":"post-3495","1":"product","2":"type-product","3":"status-publish","4":"has-post-thumbnail","6":"product_cat-garda","7":"product_cat-ol","8":"product_tag-0-5lt","9":"product_tag-extra-vergine","10":"product_tag-garda","11":"product_tag-ol","12":"product_tag-zart","14":"first","15":"instock","16":"shipping-taxable","17":"purchasable","18":"product-type-simple"},"yoast_head":"<!-- This site is optimized with the Yoast SEO plugin v27.4 - https:\/\/yoast.com\/product\/yoast-seo-wordpress\/ -->\n<title>EVO GARDA 0,5 L SOUVENIR - Agricola Chiera<\/title>\n<meta name=\"robots\" content=\"index, follow, max-snippet:-1, max-image-preview:large, max-video-preview:-1\" \/>\n<link rel=\"canonical\" href=\"https:\/\/www.agricolachiera.ch\/de\/prodotto\/evo-garda-05-l-souvenir\/\" \/>\n<meta property=\"og:locale\" content=\"de_DE\" \/>\n<meta property=\"og:type\" content=\"article\" \/>\n<meta property=\"og:title\" content=\"EVO GARDA 0,5 L SOUVENIR - Agricola Chiera\" \/>\n<meta property=\"og:description\" content=\"Natives Oliven\u00f6l extra 100% italienisch, kaltgepresst am Gardasee in der k\u00f6stlichen schwarzen Halbliterflasche. Mittelfruchtiges Profil, mit eleganten Noten von Mandeln und leichten Kr\u00e4uternuancen. Der Geschmack ist harmonisch und delikat, mit m\u00e4\u00dfiger Bitterkeit und Sch\u00e4rfe. Ideal roh zu Fisch, Gem\u00fcse und raffinierten Gerichten.\" \/>\n<meta property=\"og:url\" content=\"https:\/\/www.agricolachiera.ch\/de\/prodotto\/evo-garda-05-l-souvenir\/\" \/>\n<meta property=\"og:site_name\" content=\"Agricola Chiera\" \/>\n<meta property=\"article:modified_time\" content=\"2026-04-21T20:41:33+00:00\" \/>\n<meta property=\"og:image\" content=\"https:\/\/www.agricolachiera.ch\/wp-content\/uploads\/2026\/04\/olio-extravergine-di-oliva-gusto-garda-05lt-souvenir-2.png\" \/>\n\t<meta property=\"og:image:width\" content=\"960\" \/>\n\t<meta property=\"og:image:height\" content=\"840\" \/>\n\t<meta property=\"og:image:type\" content=\"image\/png\" \/>\n<meta name=\"twitter:card\" content=\"summary_large_image\" \/>\n<meta name=\"twitter:label1\" content=\"Gesch\u00e4tzte Lesezeit\" \/>\n\t<meta name=\"twitter:data1\" content=\"5\u00a0Minuten\" \/>\n<script type=\"application\/ld+json\" class=\"yoast-schema-graph\">{\"@context\":\"https:\\\/\\\/schema.org\",\"@graph\":[{\"@type\":\"WebPage\",\"@id\":\"https:\\\/\\\/www.agricolachiera.ch\\\/de\\\/prodotto\\\/evo-garda-05-l-souvenir\\\/\",\"url\":\"https:\\\/\\\/www.agricolachiera.ch\\\/de\\\/prodotto\\\/evo-garda-05-l-souvenir\\\/\",\"name\":\"EVO GARDA 0,5 L SOUVENIR - Agricola Chiera\",\"isPartOf\":{\"@id\":\"https:\\\/\\\/www.agricolachiera.ch\\\/de\\\/#website\"},\"primaryImageOfPage\":{\"@id\":\"https:\\\/\\\/www.agricolachiera.ch\\\/de\\\/prodotto\\\/evo-garda-05-l-souvenir\\\/#primaryimage\"},\"image\":{\"@id\":\"https:\\\/\\\/www.agricolachiera.ch\\\/de\\\/prodotto\\\/evo-garda-05-l-souvenir\\\/#primaryimage\"},\"thumbnailUrl\":\"https:\\\/\\\/www.agricolachiera.ch\\\/wp-content\\\/uploads\\\/2026\\\/04\\\/olio-extravergine-di-oliva-gusto-garda-05lt-souvenir-2.png\",\"datePublished\":\"2026-04-13T19:11:26+00:00\",\"dateModified\":\"2026-04-21T20:41:33+00:00\",\"breadcrumb\":{\"@id\":\"https:\\\/\\\/www.agricolachiera.ch\\\/de\\\/prodotto\\\/evo-garda-05-l-souvenir\\\/#breadcrumb\"},\"inLanguage\":\"de\",\"potentialAction\":[{\"@type\":\"ReadAction\",\"target\":[\"https:\\\/\\\/www.agricolachiera.ch\\\/de\\\/prodotto\\\/evo-garda-05-l-souvenir\\\/\"]}]},{\"@type\":\"ImageObject\",\"inLanguage\":\"de\",\"@id\":\"https:\\\/\\\/www.agricolachiera.ch\\\/de\\\/prodotto\\\/evo-garda-05-l-souvenir\\\/#primaryimage\",\"url\":\"https:\\\/\\\/www.agricolachiera.ch\\\/wp-content\\\/uploads\\\/2026\\\/04\\\/olio-extravergine-di-oliva-gusto-garda-05lt-souvenir-2.png\",\"contentUrl\":\"https:\\\/\\\/www.agricolachiera.ch\\\/wp-content\\\/uploads\\\/2026\\\/04\\\/olio-extravergine-di-oliva-gusto-garda-05lt-souvenir-2.png\",\"width\":960,\"height\":840},{\"@type\":\"BreadcrumbList\",\"@id\":\"https:\\\/\\\/www.agricolachiera.ch\\\/de\\\/prodotto\\\/evo-garda-05-l-souvenir\\\/#breadcrumb\",\"itemListElement\":[{\"@type\":\"ListItem\",\"position\":1,\"name\":\"Home\",\"item\":\"https:\\\/\\\/www.agricolachiera.ch\\\/de\\\/home\\\/\"},{\"@type\":\"ListItem\",\"position\":2,\"name\":\"Shop\",\"item\":\"https:\\\/\\\/www.agricolachiera.ch\\\/?page_id=529\"},{\"@type\":\"ListItem\",\"position\":3,\"name\":\"EVO GARDA 0,5 L SOUVENIR\"}]},{\"@type\":\"WebSite\",\"@id\":\"https:\\\/\\\/www.agricolachiera.ch\\\/de\\\/#website\",\"url\":\"https:\\\/\\\/www.agricolachiera.ch\\\/de\\\/\",\"name\":\"Agricola Chiera\",\"description\":\"Dalle nostre terre alla tua tavola\",\"publisher\":{\"@id\":\"https:\\\/\\\/www.agricolachiera.ch\\\/de\\\/#organization\"},\"potentialAction\":[{\"@type\":\"SearchAction\",\"target\":{\"@type\":\"EntryPoint\",\"urlTemplate\":\"https:\\\/\\\/www.agricolachiera.ch\\\/de\\\/?s={search_term_string}\"},\"query-input\":{\"@type\":\"PropertyValueSpecification\",\"valueRequired\":true,\"valueName\":\"search_term_string\"}}],\"inLanguage\":\"de\"},{\"@type\":\"Organization\",\"@id\":\"https:\\\/\\\/www.agricolachiera.ch\\\/de\\\/#organization\",\"name\":\"Chiera Sagl\",\"alternateName\":\"Agricola Chiera\",\"url\":\"https:\\\/\\\/www.agricolachiera.ch\\\/de\\\/\",\"logo\":{\"@type\":\"ImageObject\",\"inLanguage\":\"de\",\"@id\":\"https:\\\/\\\/www.agricolachiera.ch\\\/de\\\/#\\\/schema\\\/logo\\\/image\\\/\",\"url\":\"https:\\\/\\\/www.agricolachiera.ch\\\/wp-content\\\/uploads\\\/2025\\\/08\\\/agricola-chiera-logo-con-sfondo.png\",\"contentUrl\":\"https:\\\/\\\/www.agricolachiera.ch\\\/wp-content\\\/uploads\\\/2025\\\/08\\\/agricola-chiera-logo-con-sfondo.png\",\"width\":1200,\"height\":675,\"caption\":\"Chiera Sagl\"},\"image\":{\"@id\":\"https:\\\/\\\/www.agricolachiera.ch\\\/de\\\/#\\\/schema\\\/logo\\\/image\\\/\"}}]}<\/script>\n<!-- \/ Yoast SEO plugin. -->","yoast_head_json":{"title":"EVO GARDA 0,5 L SOUVENIR - Agricola Chiera","robots":{"index":"index","follow":"follow","max-snippet":"max-snippet:-1","max-image-preview":"max-image-preview:large","max-video-preview":"max-video-preview:-1"},"canonical":"https:\/\/www.agricolachiera.ch\/de\/prodotto\/evo-garda-05-l-souvenir\/","og_locale":"de_DE","og_type":"article","og_title":"EVO GARDA 0,5 L SOUVENIR - Agricola Chiera","og_description":"Natives Oliven\u00f6l extra 100% italienisch, kaltgepresst am Gardasee in der k\u00f6stlichen schwarzen Halbliterflasche. Mittelfruchtiges Profil, mit eleganten Noten von Mandeln und leichten Kr\u00e4uternuancen. Der Geschmack ist harmonisch und delikat, mit m\u00e4\u00dfiger Bitterkeit und Sch\u00e4rfe. Ideal roh zu Fisch, Gem\u00fcse und raffinierten Gerichten.","og_url":"https:\/\/www.agricolachiera.ch\/de\/prodotto\/evo-garda-05-l-souvenir\/","og_site_name":"Agricola Chiera","article_modified_time":"2026-04-21T20:41:33+00:00","og_image":[{"width":960,"height":840,"url":"https:\/\/www.agricolachiera.ch\/wp-content\/uploads\/2026\/04\/olio-extravergine-di-oliva-gusto-garda-05lt-souvenir-2.png","type":"image\/png"}],"twitter_card":"summary_large_image","twitter_misc":{"Gesch\u00e4tzte Lesezeit":"5\u00a0Minuten"},"schema":{"@context":"https:\/\/schema.org","@graph":[{"@type":"WebPage","@id":"https:\/\/www.agricolachiera.ch\/de\/prodotto\/evo-garda-05-l-souvenir\/","url":"https:\/\/www.agricolachiera.ch\/de\/prodotto\/evo-garda-05-l-souvenir\/","name":"EVO GARDA 0,5 L SOUVENIR - Agricola Chiera","isPartOf":{"@id":"https:\/\/www.agricolachiera.ch\/de\/#website"},"primaryImageOfPage":{"@id":"https:\/\/www.agricolachiera.ch\/de\/prodotto\/evo-garda-05-l-souvenir\/#primaryimage"},"image":{"@id":"https:\/\/www.agricolachiera.ch\/de\/prodotto\/evo-garda-05-l-souvenir\/#primaryimage"},"thumbnailUrl":"https:\/\/www.agricolachiera.ch\/wp-content\/uploads\/2026\/04\/olio-extravergine-di-oliva-gusto-garda-05lt-souvenir-2.png","datePublished":"2026-04-13T19:11:26+00:00","dateModified":"2026-04-21T20:41:33+00:00","breadcrumb":{"@id":"https:\/\/www.agricolachiera.ch\/de\/prodotto\/evo-garda-05-l-souvenir\/#breadcrumb"},"inLanguage":"de","potentialAction":[{"@type":"ReadAction","target":["https:\/\/www.agricolachiera.ch\/de\/prodotto\/evo-garda-05-l-souvenir\/"]}]},{"@type":"ImageObject","inLanguage":"de","@id":"https:\/\/www.agricolachiera.ch\/de\/prodotto\/evo-garda-05-l-souvenir\/#primaryimage","url":"https:\/\/www.agricolachiera.ch\/wp-content\/uploads\/2026\/04\/olio-extravergine-di-oliva-gusto-garda-05lt-souvenir-2.png","contentUrl":"https:\/\/www.agricolachiera.ch\/wp-content\/uploads\/2026\/04\/olio-extravergine-di-oliva-gusto-garda-05lt-souvenir-2.png","width":960,"height":840},{"@type":"BreadcrumbList","@id":"https:\/\/www.agricolachiera.ch\/de\/prodotto\/evo-garda-05-l-souvenir\/#breadcrumb","itemListElement":[{"@type":"ListItem","position":1,"name":"Home","item":"https:\/\/www.agricolachiera.ch\/de\/home\/"},{"@type":"ListItem","position":2,"name":"Shop","item":"https:\/\/www.agricolachiera.ch\/?page_id=529"},{"@type":"ListItem","position":3,"name":"EVO GARDA 0,5 L SOUVENIR"}]},{"@type":"WebSite","@id":"https:\/\/www.agricolachiera.ch\/de\/#website","url":"https:\/\/www.agricolachiera.ch\/de\/","name":"Agricola Chiera","description":"Dalle nostre terre alla tua tavola","publisher":{"@id":"https:\/\/www.agricolachiera.ch\/de\/#organization"},"potentialAction":[{"@type":"SearchAction","target":{"@type":"EntryPoint","urlTemplate":"https:\/\/www.agricolachiera.ch\/de\/?s={search_term_string}"},"query-input":{"@type":"PropertyValueSpecification","valueRequired":true,"valueName":"search_term_string"}}],"inLanguage":"de"},{"@type":"Organization","@id":"https:\/\/www.agricolachiera.ch\/de\/#organization","name":"Chiera Sagl","alternateName":"Agricola Chiera","url":"https:\/\/www.agricolachiera.ch\/de\/","logo":{"@type":"ImageObject","inLanguage":"de","@id":"https:\/\/www.agricolachiera.ch\/de\/#\/schema\/logo\/image\/","url":"https:\/\/www.agricolachiera.ch\/wp-content\/uploads\/2025\/08\/agricola-chiera-logo-con-sfondo.png","contentUrl":"https:\/\/www.agricolachiera.ch\/wp-content\/uploads\/2025\/08\/agricola-chiera-logo-con-sfondo.png","width":1200,"height":675,"caption":"Chiera Sagl"},"image":{"@id":"https:\/\/www.agricolachiera.ch\/de\/#\/schema\/logo\/image\/"}}]}},"_links":{"self":[{"href":"https:\/\/www.agricolachiera.ch\/de\/wp-json\/wp\/v2\/product\/3495","targetHints":{"allow":["GET"]}}],"collection":[{"href":"https:\/\/www.agricolachiera.ch\/de\/wp-json\/wp\/v2\/product"}],"about":[{"href":"https:\/\/www.agricolachiera.ch\/de\/wp-json\/wp\/v2\/types\/product"}],"replies":[{"embeddable":true,"href":"https:\/\/www.agricolachiera.ch\/de\/wp-json\/wp\/v2\/comments?post=3495"}],"wp:featuredmedia":[{"embeddable":true,"href":"https:\/\/www.agricolachiera.ch\/de\/wp-json\/wp\/v2\/media\/2681"}],"wp:attachment":[{"href":"https:\/\/www.agricolachiera.ch\/de\/wp-json\/wp\/v2\/media?parent=3495"}],"wp:term":[{"taxonomy":"product_brand","embeddable":true,"href":"https:\/\/www.agricolachiera.ch\/de\/wp-json\/wp\/v2\/product_brand?post=3495"},{"taxonomy":"product_cat","embeddable":true,"href":"https:\/\/www.agricolachiera.ch\/de\/wp-json\/wp\/v2\/product_cat?post=3495"},{"taxonomy":"product_tag","embeddable":true,"href":"https:\/\/www.agricolachiera.ch\/de\/wp-json\/wp\/v2\/product_tag?post=3495"}],"curies":[{"name":"wp","href":"https:\/\/api.w.org\/{rel}","templated":true}]}}