{"id":4278,"date":"2025-07-13T10:48:03","date_gmt":"2025-07-13T10:48:03","guid":{"rendered":"https:\/\/www.agricolachiera.ch\/bedingungen-und-konditionen\/"},"modified":"2026-04-27T06:50:52","modified_gmt":"2026-04-27T06:50:52","slug":"bedingungen-und-konditionen","status":"publish","type":"page","link":"https:\/\/www.agricolachiera.ch\/de\/bedingungen-und-konditionen\/","title":{"rendered":"Bedingungen und Konditionen"},"content":{"rendered":"<p>[et_pb_section fb_built=&#8220;1&#8243; admin_label=&#8220;Header&#8220; _builder_version=&#8220;4.24.2&#8243; _module_preset=&#8220;default&#8220; custom_padding=&#8220;||0px||false|false&#8220; collapsed=&#8220;on&#8220; global_colors_info=&#8220;{}&#8220;][et_pb_row _builder_version=&#8220;4.25.0&#8243; _module_preset=&#8220;default&#8220; max_width=&#8220;none&#8220; global_colors_info=&#8220;{}&#8220;][et_pb_column type=&#8220;4_4&#8243; _builder_version=&#8220;4.24.2&#8243; _module_preset=&#8220;default&#8220; global_colors_info=&#8220;{}&#8220;][et_pb_image src=&#8220;https:\/\/www.agricolachiera.ch\/wp-content\/uploads\/2025\/06\/Olio-Chiera-Dalle-nostre-terre-alla-tua-tavola.png&#8220; alt=&#8220;Von-unserer-Erde-zu-Ihrem-Tisch&#8220; title_text=&#8220;Von unseren L\u00e4ndern auf Ihren Tisch&#8220; _builder_version=&#8220;4.27.4&#8243; _module_preset=&#8220;default&#8220; max_width=&#8220;300px&#8220; module_alignment=&#8220;center&#8220; global_colors_info=&#8220;{}&#8220;][\/et_pb_image][et_pb_text _builder_version=&#8220;4.27.4&#8243; _module_preset=&#8220;3dfcba77-54b3-47ff-948a-c0619b066842&#8243; header_text_color=&#8220;gcid-0a70bcaa-1736-40e0-9723-4fb88b8b6694&#8243; text_orientation=&#8220;center&#8220; custom_margin=&#8220;||10px||false|false&#8220; global_colors_info=&#8220;{%22gcid-0a70bcaa-1736-40e0-9723-4fb88b8b6694%22:%91%22header_text_color%22%93}&#8220;]<\/p>\n<h1>Bedingungen und Konditionen<\/h1>\n<p>[\/et_pb_text][et_pb_text _builder_version=&#8220;4.27.4&#8243; _module_preset=&#8220;d11c76ff-fcef-46ab-a547-99d04915db67&#8243; text_orientation=&#8220;center&#8220; max_width=&#8220;800px&#8220; module_alignment=&#8220;center&#8220; global_colors_info=&#8220;{}&#8220;]<\/p>\n<h2>Sehr geehrter Kunde, in diesem Abschnitt sind die <strong>Regeln<\/strong>, <strong>Rechte<\/strong> und <strong>Pflichten<\/strong> f\u00fcr alle aufgef\u00fchrt, die einen Kauf in unserem Online-Shop <a href=\"http:\/\/www.agricolachiera.ch\/de\/\">www.agricolachiera.ch<\/a> t\u00e4tigen.<\/h2>\n<h3><strong>Bitte z\u00f6gern Sie nicht, uns f\u00fcr eine weitere Kl\u00e4rung oder f\u00fcr Sonderf\u00e4lle zu kontaktieren.<\/strong><\/h3>\n<p>[\/et_pb_text][et_pb_text _builder_version=&#8220;4.27.4&#8243; _module_preset=&#8220;default&#8220; hover_enabled=&#8220;0&#8243; global_colors_info=&#8220;{}&#8220; sticky_enabled=&#8220;0&#8243; link_option_url_new_window=&#8220;on&#8220;]<\/p>\n<h3><strong>PR\u00c4AMBEL<\/strong><\/h3>\n<p>Chiera Sagl (nachfolgend \u201eGesellschaft\u201c genannt) ist ein Schweizer Unternehmen mit Sitz in Via Pioda 6, 6900 Lugano, CHE-493.793.488, und Betreiber dieser Website www.agricolachiera.ch. Alle im Online-Shop angebotenen Produkte stammen aus Italien und wurden zuvor von der Gesellschaft selbst in die Schweiz importiert. <\/p>\n<p><strong>Alle Lieferungen an die Kunden erfolgen direkt von den Lagerh\u00e4usern in der Schweiz aus<\/strong>.<\/p>\n<h3><strong>1. Allgemein<\/strong><\/h3>\n<p>Die Gesellschaft beh\u00e4lt sich das Recht vor, diese Allgemeinen Gesch\u00e4ftsbedingungen jederzeit zu \u00e4ndern. Ma\u00dfgeblich ist die zum Zeitpunkt der Bestellung g\u00fcltige Version dieser Bedingungen, die f\u00fcr laufende Bestellungen nicht einseitig ge\u00e4ndert werden kann. Abweichende oder entgegenstehende Bedingungen des Kunden werden nicht anerkannt. Die Gesellschaft beh\u00e4lt sich zudem das Recht vor, die Preise der angebotenen Produkte und Dienstleistungen jederzeit zu \u00e4ndern. Der im Online-Shop zum Zeitpunkt der Bestellung angegebene Preis ist f\u00fcr den Abschluss des Kaufvertrags ma\u00dfgeblich. Lieferungen erfolgen ausschlie\u00dflich an Adressen in der Schweiz.     <\/p>\n<h3><strong>2. Verf\u00fcgbarkeit und Lieferzeiten<\/strong><\/h3>\n<p>Die Gesellschaft legt gro\u00dfen Wert darauf, die Verf\u00fcgbarkeit der Produkte und die Lieferzeiten im Online-Shop stets aktuell zu halten. Dennoch k\u00f6nnen Lieferverz\u00f6gerungen auftreten, die nicht auf ein Verschulden der Gesellschaft zur\u00fcckzuf\u00fchren sind. <\/p>\n<h3><strong>3. Nicht-Zahlung<\/strong><\/h3>\n<p>Im Falle einer vollst\u00e4ndigen oder teilweisen Nichtzahlung durch den Kunden an das Unternehmen kann das Unternehmen weitere Lieferungen von Produkten an den Kunden aussetzen.<\/p>\n<h3><strong>4. Urheberrechte<\/strong><\/h3>\n<p>Das Copyright und alle anderen Rechte an Inhalten, Bildern, Fotos oder anderen Dateien auf der Website geh\u00f6ren ausschlie\u00dflich dem Unternehmen.<\/p>\n<h3><strong>5. Datenschutz<\/strong><\/h3>\n<p>Die Gesellschaft h\u00e4lt sich an die Bestimmungen von Art. 13 der Schweizer Bundesverfassung sowie an die bundesrechtlichen Datenschutzbestimmungen (<a href=\"https:\/\/www.fedlex.admin.ch\/eli\/oc\/2022\/491\/it\" target=\"_blank\" rel=\"noopener\">Bundesgesetz \u00fcber den Datenschutz, DSG)<\/a> und die Datenschutzverordnung (<a href=\"https:\/\/www.fedlex.admin.ch\/eli\/cc\/2022\/568\/it\" target=\"_blank\" rel=\"noopener\">DSV<\/a>), wonach jede Person Anspruch auf Schutz ihrer Privatsph\u00e4re und auf Schutz vor Missbrauch ihrer pers\u00f6nlichen Daten hat. Personenbezogene Daten werden streng vertraulich behandelt und weder verkauft noch an Dritte weitergegeben. In enger Zusammenarbeit mit unseren Hosting-Providern in der Schweiz bem\u00fchen wir uns, unsere Datenbanken bestm\u00f6glich vor unbefugtem Zugriff, Verlust, Missbrauch oder Verf\u00e4lschung zu sch\u00fctzen. Beim Zugriff auf unsere Website werden folgende Daten in Logdateien gespeichert: IP-Adresse, Datum, Uhrzeit, Browseranfrage sowie allgemeine Informationen zum Betriebssystem oder Browser. Diese Nutzungsdaten bilden die Grundlage f\u00fcr anonyme statistische Auswertungen, die uns helfen, Trends zu erkennen und unser Angebot zu verbessern. Die Daten, die Sie uns bei einer Bestellung oder Anfrage \u00fcbermitteln, werden nicht an Dritte weitergegeben, sondern ausschlie\u00dflich intern verwendet, insbesondere zur kontinuierlichen Verbesserung unseres Angebots und unserer Dienstleistungen. Am Ende jeder versendeten Newsletter ist ein Abmeldelink integriert. F\u00fcr Anfragen verwenden Sie bitte die folgende E-Mail-Adresse: <a href=\"mailto:info@agricolachiera.ch\">info@agricolachiera.ch<\/a>        <\/p>\n<h3><strong>6. Bruch\/Besch\u00e4digung<\/strong><\/h3>\n<p>Wir legen gr\u00f6\u00dften Wert auf eine sorgf\u00e4ltige Verpackung unserer Produkte. Der Endpreis beinhaltet keine Risikoabdeckung f\u00fcr R\u00fccksendungen aufgrund \u00e4u\u00dferer oder nicht sichtbarer Sch\u00e4den. Daher k\u00f6nnen wir f\u00fcr solche Sch\u00e4den nicht haftbar gemacht werden. Bitte \u00fcberpr\u00fcfen Sie das Paket bei Erhalt sorgf\u00e4ltig und verweigern Sie die Annahme, wenn es nass oder sichtbar besch\u00e4digt ist.   <\/p>\n<h3><strong>7. R\u00fccktrittsrecht<\/strong><\/h3>\n<p>Auch wenn in der Schweiz kein gesetzlicher Anspruch auf R\u00fcckgabe oder Umtausch von online gekauften Produkten besteht, gew\u00e4hrt die Gesellschaft eine Frist von 14 Tagen ab Erhalt der Ware, um das Widerrufsrecht gem\u00e4\u00df den nachstehenden Bestimmungen auszu\u00fcben:<\/p>\n<p><strong>Traditionelle Papierpost:<\/strong> Chiera sagl, Via Pioda 6, 6900 Lugano.<br \/>Per E-Mail: info@agricolachiera.ch<br \/>In beiden F\u00e4llen gen\u00fcgt eine einfache Erkl\u00e4rung Ihrer Entscheidung, die Bestellung zu widerrufen. Zur Wahrung der Widerrufsfrist reicht es aus, die Mitteilung \u00fcber die Aus\u00fcbung des Widerrufsrechts vor Ablauf der Frist von 14 Tagen ab Erhalt der gekauften Produkte zu versenden. <br \/><strong>F\u00fcr Unterst\u00fctzung:<\/strong> Rufen Sie an: 077.402 73 57.<\/p>\n<p>In jedem Fall m\u00fcssen die gekauften Produkte auf eigene Kosten, vollst\u00e4ndig, unversehrt (unge\u00f6ffnet) und in der Originalverpackung innerhalb von 10 Tagen nach Mitteilung des Widerrufs zur\u00fcckgesendet werden; andernfalls erlischt das Widerrufsrecht. Die R\u00fccksendung ist an die Adresse der Gesellschaft zu richten: Chiera Sagl, Via Pioda 6, 6900 Lugano.<br \/>Dieses Widerrufsrecht gilt nicht f\u00fcr Gesch\u00e4fte mit anderen Unternehmen (B2B).<\/p>\n<h3><strong>8. Folgen des Widerrufs<\/strong><\/h3>\n<p>Im Falle einer Stornierung der Bestellung wird der Kunde umgehend und sp\u00e4testens innerhalb von 30 Tagen nach Erhalt der zur\u00fcckgesendeten Produkte erstattet. Verpackungs- und Versandkosten sind ausgeschlossen. F\u00fcr die R\u00fcckerstattung wird dasselbe Zahlungsmittel verwendet, das bei der urspr\u00fcnglichen Transaktion eingesetzt wurde, sofern nichts anderes ausdr\u00fccklich vereinbart wurde; in keinem Fall werden Geb\u00fchren f\u00fcr die R\u00fcckerstattung erhoben.  <\/p>\n<p style=\"text-align: right;\"><em>13. Juli 2025<\/em><\/p>\n<p>[\/et_pb_text][\/et_pb_column][\/et_pb_row][\/et_pb_section]<\/p>\n","protected":false},"excerpt":{"rendered":"<p>Bedingungen und KonditionenSehr geehrter Kunde, in diesem Abschnitt sind die Regeln, Rechte und Pflichten f\u00fcr alle aufgef\u00fchrt, die einen Kauf in unserem Online-Shop www.agricolachiera.ch t\u00e4tigen. Bitte z\u00f6gern Sie nicht, uns f\u00fcr eine weitere Kl\u00e4rung oder f\u00fcr Sonderf\u00e4lle zu kontaktieren.PR\u00c4AMBEL Chiera Sagl (nachfolgend \u201eGesellschaft\u201c genannt) ist ein Schweizer Unternehmen mit Sitz in Via Pioda 6, 6900 [&hellip;]<\/p>\n","protected":false},"author":2,"featured_media":0,"parent":0,"menu_order":0,"comment_status":"closed","ping_status":"closed","template":"","meta":{"_et_pb_use_builder":"on","_et_pb_old_content":"","_et_gb_content_width":"","footnotes":""},"class_list":["post-4278","page","type-page","status-publish","hentry"],"yoast_head":"<!-- This site is optimized with the Yoast SEO plugin v27.4 - https:\/\/yoast.com\/product\/yoast-seo-wordpress\/ -->\n<title>Bedingungen und Konditionen - Agricola Chiera<\/title>\n<meta name=\"robots\" content=\"index, follow, max-snippet:-1, max-image-preview:large, max-video-preview:-1\" \/>\n<link rel=\"canonical\" href=\"https:\/\/www.agricolachiera.ch\/de\/bedingungen-und-konditionen\/\" \/>\n<meta property=\"og:locale\" content=\"de_DE\" \/>\n<meta property=\"og:type\" content=\"article\" \/>\n<meta property=\"og:title\" content=\"Bedingungen und Konditionen - Agricola Chiera\" \/>\n<meta property=\"og:description\" content=\"Bedingungen und KonditionenSehr geehrter Kunde, in diesem Abschnitt sind die Regeln, Rechte und Pflichten f\u00fcr alle aufgef\u00fchrt, die einen Kauf in unserem Online-Shop www.agricolachiera.ch t\u00e4tigen. Bitte z\u00f6gern Sie nicht, uns f\u00fcr eine weitere Kl\u00e4rung oder f\u00fcr Sonderf\u00e4lle zu kontaktieren.PR\u00c4AMBEL Chiera Sagl (nachfolgend \u201eGesellschaft\u201c genannt) ist ein Schweizer Unternehmen mit Sitz in Via Pioda 6, 6900 [&hellip;]\" \/>\n<meta property=\"og:url\" content=\"https:\/\/www.agricolachiera.ch\/de\/bedingungen-und-konditionen\/\" \/>\n<meta property=\"og:site_name\" content=\"Agricola Chiera\" \/>\n<meta property=\"article:modified_time\" content=\"2026-04-27T06:50:52+00:00\" \/>\n<meta property=\"og:image\" content=\"https:\/\/www.agricolachiera.ch\/wp-content\/uploads\/2025\/08\/agricola-chiera-logo-con-sfondo.png\" \/>\n\t<meta property=\"og:image:width\" content=\"1200\" \/>\n\t<meta property=\"og:image:height\" content=\"675\" \/>\n\t<meta property=\"og:image:type\" content=\"image\/png\" \/>\n<meta name=\"twitter:card\" content=\"summary_large_image\" \/>\n<meta name=\"twitter:label1\" content=\"Gesch\u00e4tzte Lesezeit\" \/>\n\t<meta name=\"twitter:data1\" content=\"5\u00a0Minuten\" \/>\n<script type=\"application\/ld+json\" class=\"yoast-schema-graph\">{\"@context\":\"https:\\\/\\\/schema.org\",\"@graph\":[{\"@type\":\"WebPage\",\"@id\":\"https:\\\/\\\/www.agricolachiera.ch\\\/de\\\/bedingungen-und-konditionen\\\/\",\"url\":\"https:\\\/\\\/www.agricolachiera.ch\\\/de\\\/bedingungen-und-konditionen\\\/\",\"name\":\"Bedingungen und Konditionen - Agricola Chiera\",\"isPartOf\":{\"@id\":\"https:\\\/\\\/www.agricolachiera.ch\\\/de\\\/#website\"},\"datePublished\":\"2025-07-13T10:48:03+00:00\",\"dateModified\":\"2026-04-27T06:50:52+00:00\",\"breadcrumb\":{\"@id\":\"https:\\\/\\\/www.agricolachiera.ch\\\/de\\\/bedingungen-und-konditionen\\\/#breadcrumb\"},\"inLanguage\":\"de\",\"potentialAction\":[{\"@type\":\"ReadAction\",\"target\":[\"https:\\\/\\\/www.agricolachiera.ch\\\/de\\\/bedingungen-und-konditionen\\\/\"]}]},{\"@type\":\"BreadcrumbList\",\"@id\":\"https:\\\/\\\/www.agricolachiera.ch\\\/de\\\/bedingungen-und-konditionen\\\/#breadcrumb\",\"itemListElement\":[{\"@type\":\"ListItem\",\"position\":1,\"name\":\"Home\",\"item\":\"https:\\\/\\\/www.agricolachiera.ch\\\/de\\\/\"},{\"@type\":\"ListItem\",\"position\":2,\"name\":\"Bedingungen und Konditionen\"}]},{\"@type\":\"WebSite\",\"@id\":\"https:\\\/\\\/www.agricolachiera.ch\\\/de\\\/#website\",\"url\":\"https:\\\/\\\/www.agricolachiera.ch\\\/de\\\/\",\"name\":\"Agricola Chiera\",\"description\":\"Dalle nostre terre alla tua tavola\",\"publisher\":{\"@id\":\"https:\\\/\\\/www.agricolachiera.ch\\\/de\\\/#organization\"},\"potentialAction\":[{\"@type\":\"SearchAction\",\"target\":{\"@type\":\"EntryPoint\",\"urlTemplate\":\"https:\\\/\\\/www.agricolachiera.ch\\\/de\\\/?s={search_term_string}\"},\"query-input\":{\"@type\":\"PropertyValueSpecification\",\"valueRequired\":true,\"valueName\":\"search_term_string\"}}],\"inLanguage\":\"de\"},{\"@type\":\"Organization\",\"@id\":\"https:\\\/\\\/www.agricolachiera.ch\\\/de\\\/#organization\",\"name\":\"Chiera Sagl\",\"alternateName\":\"Agricola Chiera\",\"url\":\"https:\\\/\\\/www.agricolachiera.ch\\\/de\\\/\",\"logo\":{\"@type\":\"ImageObject\",\"inLanguage\":\"de\",\"@id\":\"https:\\\/\\\/www.agricolachiera.ch\\\/de\\\/#\\\/schema\\\/logo\\\/image\\\/\",\"url\":\"https:\\\/\\\/www.agricolachiera.ch\\\/wp-content\\\/uploads\\\/2025\\\/08\\\/agricola-chiera-logo-con-sfondo.png\",\"contentUrl\":\"https:\\\/\\\/www.agricolachiera.ch\\\/wp-content\\\/uploads\\\/2025\\\/08\\\/agricola-chiera-logo-con-sfondo.png\",\"width\":1200,\"height\":675,\"caption\":\"Chiera Sagl\"},\"image\":{\"@id\":\"https:\\\/\\\/www.agricolachiera.ch\\\/de\\\/#\\\/schema\\\/logo\\\/image\\\/\"}}]}<\/script>\n<!-- \/ Yoast SEO plugin. -->","yoast_head_json":{"title":"Bedingungen und Konditionen - Agricola Chiera","robots":{"index":"index","follow":"follow","max-snippet":"max-snippet:-1","max-image-preview":"max-image-preview:large","max-video-preview":"max-video-preview:-1"},"canonical":"https:\/\/www.agricolachiera.ch\/de\/bedingungen-und-konditionen\/","og_locale":"de_DE","og_type":"article","og_title":"Bedingungen und Konditionen - Agricola Chiera","og_description":"Bedingungen und KonditionenSehr geehrter Kunde, in diesem Abschnitt sind die Regeln, Rechte und Pflichten f\u00fcr alle aufgef\u00fchrt, die einen Kauf in unserem Online-Shop www.agricolachiera.ch t\u00e4tigen. Bitte z\u00f6gern Sie nicht, uns f\u00fcr eine weitere Kl\u00e4rung oder f\u00fcr Sonderf\u00e4lle zu kontaktieren.PR\u00c4AMBEL Chiera Sagl (nachfolgend \u201eGesellschaft\u201c genannt) ist ein Schweizer Unternehmen mit Sitz in Via Pioda 6, 6900 [&hellip;]","og_url":"https:\/\/www.agricolachiera.ch\/de\/bedingungen-und-konditionen\/","og_site_name":"Agricola Chiera","article_modified_time":"2026-04-27T06:50:52+00:00","og_image":[{"width":1200,"height":675,"url":"https:\/\/www.agricolachiera.ch\/wp-content\/uploads\/2025\/08\/agricola-chiera-logo-con-sfondo.png","type":"image\/png"}],"twitter_card":"summary_large_image","twitter_misc":{"Gesch\u00e4tzte Lesezeit":"5\u00a0Minuten"},"schema":{"@context":"https:\/\/schema.org","@graph":[{"@type":"WebPage","@id":"https:\/\/www.agricolachiera.ch\/de\/bedingungen-und-konditionen\/","url":"https:\/\/www.agricolachiera.ch\/de\/bedingungen-und-konditionen\/","name":"Bedingungen und Konditionen - Agricola Chiera","isPartOf":{"@id":"https:\/\/www.agricolachiera.ch\/de\/#website"},"datePublished":"2025-07-13T10:48:03+00:00","dateModified":"2026-04-27T06:50:52+00:00","breadcrumb":{"@id":"https:\/\/www.agricolachiera.ch\/de\/bedingungen-und-konditionen\/#breadcrumb"},"inLanguage":"de","potentialAction":[{"@type":"ReadAction","target":["https:\/\/www.agricolachiera.ch\/de\/bedingungen-und-konditionen\/"]}]},{"@type":"BreadcrumbList","@id":"https:\/\/www.agricolachiera.ch\/de\/bedingungen-und-konditionen\/#breadcrumb","itemListElement":[{"@type":"ListItem","position":1,"name":"Home","item":"https:\/\/www.agricolachiera.ch\/de\/"},{"@type":"ListItem","position":2,"name":"Bedingungen und Konditionen"}]},{"@type":"WebSite","@id":"https:\/\/www.agricolachiera.ch\/de\/#website","url":"https:\/\/www.agricolachiera.ch\/de\/","name":"Agricola Chiera","description":"Dalle nostre terre alla tua tavola","publisher":{"@id":"https:\/\/www.agricolachiera.ch\/de\/#organization"},"potentialAction":[{"@type":"SearchAction","target":{"@type":"EntryPoint","urlTemplate":"https:\/\/www.agricolachiera.ch\/de\/?s={search_term_string}"},"query-input":{"@type":"PropertyValueSpecification","valueRequired":true,"valueName":"search_term_string"}}],"inLanguage":"de"},{"@type":"Organization","@id":"https:\/\/www.agricolachiera.ch\/de\/#organization","name":"Chiera Sagl","alternateName":"Agricola Chiera","url":"https:\/\/www.agricolachiera.ch\/de\/","logo":{"@type":"ImageObject","inLanguage":"de","@id":"https:\/\/www.agricolachiera.ch\/de\/#\/schema\/logo\/image\/","url":"https:\/\/www.agricolachiera.ch\/wp-content\/uploads\/2025\/08\/agricola-chiera-logo-con-sfondo.png","contentUrl":"https:\/\/www.agricolachiera.ch\/wp-content\/uploads\/2025\/08\/agricola-chiera-logo-con-sfondo.png","width":1200,"height":675,"caption":"Chiera Sagl"},"image":{"@id":"https:\/\/www.agricolachiera.ch\/de\/#\/schema\/logo\/image\/"}}]}},"_links":{"self":[{"href":"https:\/\/www.agricolachiera.ch\/de\/wp-json\/wp\/v2\/pages\/4278","targetHints":{"allow":["GET"]}}],"collection":[{"href":"https:\/\/www.agricolachiera.ch\/de\/wp-json\/wp\/v2\/pages"}],"about":[{"href":"https:\/\/www.agricolachiera.ch\/de\/wp-json\/wp\/v2\/types\/page"}],"author":[{"embeddable":true,"href":"https:\/\/www.agricolachiera.ch\/de\/wp-json\/wp\/v2\/users\/2"}],"replies":[{"embeddable":true,"href":"https:\/\/www.agricolachiera.ch\/de\/wp-json\/wp\/v2\/comments?post=4278"}],"version-history":[{"count":2,"href":"https:\/\/www.agricolachiera.ch\/de\/wp-json\/wp\/v2\/pages\/4278\/revisions"}],"predecessor-version":[{"id":4284,"href":"https:\/\/www.agricolachiera.ch\/de\/wp-json\/wp\/v2\/pages\/4278\/revisions\/4284"}],"wp:attachment":[{"href":"https:\/\/www.agricolachiera.ch\/de\/wp-json\/wp\/v2\/media?parent=4278"}],"curies":[{"name":"wp","href":"https:\/\/api.w.org\/{rel}","templated":true}]}}